{"id":754,"date":"2018-02-13T11:31:45","date_gmt":"2018-02-13T10:31:45","guid":{"rendered":"http:\/\/www.hamel-france.com\/boutique\/?post_type=product&#038;p=754"},"modified":"2025-04-03T23:03:15","modified_gmt":"2025-04-03T21:03:15","slug":"abreuvoirs-automatiques-demarrage","status":"publish","type":"product","link":"https:\/\/www.hamel-france.com\/boutique\/produit\/abreuvoirs-automatiques-demarrage\/","title":{"rendered":"Lot de 10 groupes de 5 abreuvoirs automatiques d\u00e9marrage poussins"},"content":{"rendered":"<p>Ce kit de\u00a0<strong>10 groupes de 5 abreuvoirs complets <\/strong>de\u00a0qualit\u00e9s professionnelles est pr\u00e9conis\u00e9 pour <strong>alimenter en eau jusqu\u2019\u00e0 5000<\/strong>\u00a0poussins.<\/p>\n<h3>Du 1er\u00a0au 10\u00e8me jour, les poussins\u00a0 auront toujours \u00a0un acc\u00e8s facile et abondant \u00e0 l\u2019eau et l\u2019\u00e9leveur dispose d\u2019un outil durable et simple d\u2019utilisation.<\/h3>\n<p><strong>Efficace et \u00e9conomique<\/strong>, un flotteur cylindrique \u00e0 l\u2019int\u00e9rieur permet d\u2019avoir un niveau d\u2019eau constant \u00a0dans la coupelle. Une molette sur chaque abreuvoir permet d\u2019ajuster le niveau d\u2019eau. Avec\u00a0ses 12 niveaux de graduation\u00a0: cet abreuvoir est le meilleur abreuvoir <strong>premier \u00e2ge\u00a0sans risque de d\u00e9bordement<\/strong>.<\/p>\n<p>La <strong>hauteur de la coupelle<\/strong> de cet abreuvoir est sp\u00e9cialement con\u00e7ue pour les poussins.<\/p>\n<p>La<strong> forme conique du toit<\/strong>, sp\u00e9cialement \u00e9tudi\u00e9e, \u00e9vite que les animaux ne puissent s\u2019y percher.<\/p>\n<p>Pour faciliter le travail de nettoyage, les abreuvoirs poussins se montent\u00a0et se d\u00e9montent rapidement, <strong>sans aucun outil<\/strong>.<\/p>\n<p>Ces\u00a0abreuvoirs automatiques d\u00e9marrage poussins fonctionnent pos\u00e9s au sol, en les raccordant \u00e0 une r\u00e9serve d\u2019eau ou \u00e0 un r\u00e9seau d&#8217;eau en basse pression. Ils ne peuvent pas \u00eatre raccord\u00e9s en direct sur une ligne d\u2019eau de ville ou une conduite sous pression.<\/p>\n<h5>Commercialis\u00e9 depuis plus de 30 ans d\u00e9j\u00e0 chez Hamel\u00ae, vous trouverez toutes les pi\u00e8ces d\u00e9tach\u00e9es dont vous avez besoin.<\/h5>\n<p>Ce kit comprend\u00a0:<\/p>\n<p>50 abreuvoirs automatiques poussins<\/p>\n<p>40 T de raccordement<\/p>\n<p>100 m de tuyau<\/p>\n<p>10 selles de raccordement<\/p>\n<h6>Vous poss\u00e9dez des abreuvoirs automatiques\u00a0d\u00e9marrage poussins Tigsa T20 mais il vous manque des pi\u00e8ces, reportez-vous aux photos ci-dessous et faite<strong> <a href=\"http:\/\/www.hamel-france.com\/boutique\/contact\/\" target=\"_blank\" rel=\"noopener noreferrer\">une demande ici <\/a><\/strong>en sp\u00e9cifiant :\u00a0 T-20, le num\u00e9ro des pi\u00e8ces et les quantit\u00e9s n\u00e9cessaires.<\/h6>\n<figure id=\"attachment_761\" aria-describedby=\"caption-attachment-761\" style=\"width: 150px\" class=\"wp-caption aligncenter\"><a href=\"http:\/\/www.hamel-france.com\/boutique\/wp-content\/uploads\/sites\/2\/2018\/02\/eclat\u00e9-t20.jpg\"><img loading=\"lazy\" decoding=\"async\" class=\"size-thumbnail wp-image-761\" src=\"http:\/\/www.hamel-france.com\/boutique\/wp-content\/uploads\/sites\/2\/2018\/02\/eclat\u00e9-t20-150x150.jpg\" alt=\"eclat\u00e9-t20-tigsa-hamel\" width=\"150\" height=\"150\" srcset=\"https:\/\/www.hamel-france.com\/boutique\/wp-content\/uploads\/sites\/2\/2018\/02\/eclat\u00e9-t20-150x150.jpg 150w, https:\/\/www.hamel-france.com\/boutique\/wp-content\/uploads\/sites\/2\/2018\/02\/eclat\u00e9-t20-180x180.jpg 180w, https:\/\/www.hamel-france.com\/boutique\/wp-content\/uploads\/sites\/2\/2018\/02\/eclat\u00e9-t20-300x300.jpg 300w\" sizes=\"(max-width: 150px) 100vw, 150px\" \/><\/a><figcaption id=\"caption-attachment-761\" class=\"wp-caption-text\">cliquer pour zoomer<\/figcaption><\/figure>\n<p>&nbsp;<\/p>\n","protected":false},"excerpt":{"rendered":"<p>50 abreuvoirs automatiques de qualit\u00e9 professionnelle<\/p>\n","protected":false},"featured_media":1890,"template":"","meta":{"_mi_skip_tracking":false,"_exactmetrics_sitenote_active":false,"_exactmetrics_sitenote_note":"","_exactmetrics_sitenote_category":0},"product_cat":[36],"product_tag":[],"acf":[],"yoast_head":"<!-- This site is optimized with the Yoast SEO plugin v21.7 - https:\/\/yoast.com\/wordpress\/plugins\/seo\/ -->\n<title>Abreuvoirs automatiques d\u00e9marrage poussins pour b\u00e2timent d&#039;\u00e9l\u00e9vage<\/title>\n<meta name=\"description\" content=\"Kit de 10 groupes de 5 abreuvoirs automatiques d\u00e9marrage poussins pour b\u00e2timent d&#039;\u00e9l\u00e9vage, qualit\u00e9 professionnelle, pour poussins du 1er\u00a0au 10\u00e8me jour...\" \/>\n<meta name=\"robots\" content=\"index, follow, max-snippet:-1, max-image-preview:large, max-video-preview:-1\" \/>\n<link rel=\"canonical\" href=\"https:\/\/www.hamel-france.com\/boutique\/produit\/abreuvoirs-automatiques-demarrage\/\" \/>\n<meta property=\"og:locale\" content=\"fr_FR\" \/>\n<meta property=\"og:type\" content=\"article\" \/>\n<meta property=\"og:title\" content=\"Abreuvoirs automatiques d\u00e9marrage poussins pour b\u00e2timent d&#039;\u00e9l\u00e9vage\" \/>\n<meta property=\"og:description\" content=\"Kit de 10 groupes de 5 abreuvoirs automatiques d\u00e9marrage poussins pour b\u00e2timent d&#039;\u00e9l\u00e9vage, qualit\u00e9 professionnelle, pour poussins du 1er\u00a0au 10\u00e8me jour...\" \/>\n<meta property=\"og:url\" content=\"https:\/\/www.hamel-france.com\/boutique\/produit\/abreuvoirs-automatiques-demarrage\/\" \/>\n<meta property=\"og:site_name\" content=\"Boutique Hamel\" \/>\n<meta property=\"article:modified_time\" content=\"2025-04-03T21:03:15+00:00\" \/>\n<meta property=\"og:image\" content=\"https:\/\/www.hamel-france.com\/boutique\/wp-content\/uploads\/sites\/2\/2018\/02\/t200.jpg\" \/>\n\t<meta property=\"og:image:width\" content=\"600\" \/>\n\t<meta property=\"og:image:height\" content=\"600\" \/>\n\t<meta property=\"og:image:type\" content=\"image\/jpeg\" \/>\n<meta name=\"twitter:card\" content=\"summary_large_image\" \/>\n<meta name=\"twitter:label1\" content=\"Dur\u00e9e de lecture estim\u00e9e\" \/>\n\t<meta name=\"twitter:data1\" content=\"1 minute\" \/>\n<script type=\"application\/ld+json\" class=\"yoast-schema-graph\">{\"@context\":\"https:\/\/schema.org\",\"@graph\":[{\"@type\":\"WebPage\",\"@id\":\"https:\/\/www.hamel-france.com\/boutique\/produit\/abreuvoirs-automatiques-demarrage\/\",\"url\":\"https:\/\/www.hamel-france.com\/boutique\/produit\/abreuvoirs-automatiques-demarrage\/\",\"name\":\"Abreuvoirs automatiques d\u00e9marrage poussins pour b\u00e2timent d'\u00e9l\u00e9vage\",\"isPartOf\":{\"@id\":\"https:\/\/www.hamel-france.com\/boutique\/#website\"},\"datePublished\":\"2018-02-13T10:31:45+00:00\",\"dateModified\":\"2025-04-03T21:03:15+00:00\",\"description\":\"Kit de 10 groupes de 5 abreuvoirs automatiques d\u00e9marrage poussins pour b\u00e2timent d'\u00e9l\u00e9vage, qualit\u00e9 professionnelle, pour poussins du 1er\u00a0au 10\u00e8me jour...\",\"breadcrumb\":{\"@id\":\"https:\/\/www.hamel-france.com\/boutique\/produit\/abreuvoirs-automatiques-demarrage\/#breadcrumb\"},\"inLanguage\":\"fr-FR\",\"potentialAction\":[{\"@type\":\"ReadAction\",\"target\":[\"https:\/\/www.hamel-france.com\/boutique\/produit\/abreuvoirs-automatiques-demarrage\/\"]}]},{\"@type\":\"BreadcrumbList\",\"@id\":\"https:\/\/www.hamel-france.com\/boutique\/produit\/abreuvoirs-automatiques-demarrage\/#breadcrumb\",\"itemListElement\":[{\"@type\":\"ListItem\",\"position\":1,\"name\":\"Accueil\",\"item\":\"https:\/\/www.hamel-france.com\/boutique\/\"},{\"@type\":\"ListItem\",\"position\":2,\"name\":\"Boutique\",\"item\":\"https:\/\/www.hamel-france.com\/boutique\/boutique\/\"},{\"@type\":\"ListItem\",\"position\":3,\"name\":\"Lot de 10 groupes de 5 abreuvoirs automatiques d\u00e9marrage poussins\"}]},{\"@type\":\"WebSite\",\"@id\":\"https:\/\/www.hamel-france.com\/boutique\/#website\",\"url\":\"https:\/\/www.hamel-france.com\/boutique\/\",\"name\":\"Boutique Hamel\",\"description\":\"Vente en ligne d&#039;\u00e9quipements&lt;br \/&gt; pour le stockage du grain et le mat\u00e9riel d&#039;\u00e9levage\",\"publisher\":{\"@id\":\"https:\/\/www.hamel-france.com\/boutique\/#organization\"},\"potentialAction\":[{\"@type\":\"SearchAction\",\"target\":{\"@type\":\"EntryPoint\",\"urlTemplate\":\"https:\/\/www.hamel-france.com\/boutique\/?s={search_term_string}\"},\"query-input\":\"required name=search_term_string\"}],\"inLanguage\":\"fr-FR\"},{\"@type\":\"Organization\",\"@id\":\"https:\/\/www.hamel-france.com\/boutique\/#organization\",\"name\":\"Boutique Hamel\",\"url\":\"https:\/\/www.hamel-france.com\/boutique\/\",\"logo\":{\"@type\":\"ImageObject\",\"inLanguage\":\"fr-FR\",\"@id\":\"https:\/\/www.hamel-france.com\/boutique\/#\/schema\/logo\/image\/\",\"url\":\"https:\/\/www.hamel-france.com\/boutique\/wp-content\/uploads\/sites\/2\/2018\/01\/logo-hamel.png\",\"contentUrl\":\"https:\/\/www.hamel-france.com\/boutique\/wp-content\/uploads\/sites\/2\/2018\/01\/logo-hamel.png\",\"width\":470,\"height\":110,\"caption\":\"Boutique Hamel\"},\"image\":{\"@id\":\"https:\/\/www.hamel-france.com\/boutique\/#\/schema\/logo\/image\/\"}}]}<\/script>\n<!-- \/ Yoast SEO plugin. -->","yoast_head_json":{"title":"Abreuvoirs automatiques d\u00e9marrage poussins pour b\u00e2timent d'\u00e9l\u00e9vage","description":"Kit de 10 groupes de 5 abreuvoirs automatiques d\u00e9marrage poussins pour b\u00e2timent d'\u00e9l\u00e9vage, qualit\u00e9 professionnelle, pour poussins du 1er\u00a0au 10\u00e8me jour...","robots":{"index":"index","follow":"follow","max-snippet":"max-snippet:-1","max-image-preview":"max-image-preview:large","max-video-preview":"max-video-preview:-1"},"canonical":"https:\/\/www.hamel-france.com\/boutique\/produit\/abreuvoirs-automatiques-demarrage\/","og_locale":"fr_FR","og_type":"article","og_title":"Abreuvoirs automatiques d\u00e9marrage poussins pour b\u00e2timent d'\u00e9l\u00e9vage","og_description":"Kit de 10 groupes de 5 abreuvoirs automatiques d\u00e9marrage poussins pour b\u00e2timent d'\u00e9l\u00e9vage, qualit\u00e9 professionnelle, pour poussins du 1er\u00a0au 10\u00e8me jour...","og_url":"https:\/\/www.hamel-france.com\/boutique\/produit\/abreuvoirs-automatiques-demarrage\/","og_site_name":"Boutique Hamel","article_modified_time":"2025-04-03T21:03:15+00:00","og_image":[{"width":600,"height":600,"url":"https:\/\/www.hamel-france.com\/boutique\/wp-content\/uploads\/sites\/2\/2018\/02\/t200.jpg","type":"image\/jpeg"}],"twitter_card":"summary_large_image","twitter_misc":{"Dur\u00e9e de lecture estim\u00e9e":"1 minute"},"schema":{"@context":"https:\/\/schema.org","@graph":[{"@type":"WebPage","@id":"https:\/\/www.hamel-france.com\/boutique\/produit\/abreuvoirs-automatiques-demarrage\/","url":"https:\/\/www.hamel-france.com\/boutique\/produit\/abreuvoirs-automatiques-demarrage\/","name":"Abreuvoirs automatiques d\u00e9marrage poussins pour b\u00e2timent d'\u00e9l\u00e9vage","isPartOf":{"@id":"https:\/\/www.hamel-france.com\/boutique\/#website"},"datePublished":"2018-02-13T10:31:45+00:00","dateModified":"2025-04-03T21:03:15+00:00","description":"Kit de 10 groupes de 5 abreuvoirs automatiques d\u00e9marrage poussins pour b\u00e2timent d'\u00e9l\u00e9vage, qualit\u00e9 professionnelle, pour poussins du 1er\u00a0au 10\u00e8me jour...","breadcrumb":{"@id":"https:\/\/www.hamel-france.com\/boutique\/produit\/abreuvoirs-automatiques-demarrage\/#breadcrumb"},"inLanguage":"fr-FR","potentialAction":[{"@type":"ReadAction","target":["https:\/\/www.hamel-france.com\/boutique\/produit\/abreuvoirs-automatiques-demarrage\/"]}]},{"@type":"BreadcrumbList","@id":"https:\/\/www.hamel-france.com\/boutique\/produit\/abreuvoirs-automatiques-demarrage\/#breadcrumb","itemListElement":[{"@type":"ListItem","position":1,"name":"Accueil","item":"https:\/\/www.hamel-france.com\/boutique\/"},{"@type":"ListItem","position":2,"name":"Boutique","item":"https:\/\/www.hamel-france.com\/boutique\/boutique\/"},{"@type":"ListItem","position":3,"name":"Lot de 10 groupes de 5 abreuvoirs automatiques d\u00e9marrage poussins"}]},{"@type":"WebSite","@id":"https:\/\/www.hamel-france.com\/boutique\/#website","url":"https:\/\/www.hamel-france.com\/boutique\/","name":"Boutique Hamel","description":"Vente en ligne d&#039;\u00e9quipements&lt;br \/&gt; pour le stockage du grain et le mat\u00e9riel d&#039;\u00e9levage","publisher":{"@id":"https:\/\/www.hamel-france.com\/boutique\/#organization"},"potentialAction":[{"@type":"SearchAction","target":{"@type":"EntryPoint","urlTemplate":"https:\/\/www.hamel-france.com\/boutique\/?s={search_term_string}"},"query-input":"required name=search_term_string"}],"inLanguage":"fr-FR"},{"@type":"Organization","@id":"https:\/\/www.hamel-france.com\/boutique\/#organization","name":"Boutique Hamel","url":"https:\/\/www.hamel-france.com\/boutique\/","logo":{"@type":"ImageObject","inLanguage":"fr-FR","@id":"https:\/\/www.hamel-france.com\/boutique\/#\/schema\/logo\/image\/","url":"https:\/\/www.hamel-france.com\/boutique\/wp-content\/uploads\/sites\/2\/2018\/01\/logo-hamel.png","contentUrl":"https:\/\/www.hamel-france.com\/boutique\/wp-content\/uploads\/sites\/2\/2018\/01\/logo-hamel.png","width":470,"height":110,"caption":"Boutique Hamel"},"image":{"@id":"https:\/\/www.hamel-france.com\/boutique\/#\/schema\/logo\/image\/"}}]}},"_links":{"self":[{"href":"https:\/\/www.hamel-france.com\/boutique\/wp-json\/wp\/v2\/product\/754"}],"collection":[{"href":"https:\/\/www.hamel-france.com\/boutique\/wp-json\/wp\/v2\/product"}],"about":[{"href":"https:\/\/www.hamel-france.com\/boutique\/wp-json\/wp\/v2\/types\/product"}],"wp:featuredmedia":[{"embeddable":true,"href":"https:\/\/www.hamel-france.com\/boutique\/wp-json\/wp\/v2\/media\/1890"}],"wp:attachment":[{"href":"https:\/\/www.hamel-france.com\/boutique\/wp-json\/wp\/v2\/media?parent=754"}],"wp:term":[{"taxonomy":"product_cat","embeddable":true,"href":"https:\/\/www.hamel-france.com\/boutique\/wp-json\/wp\/v2\/product_cat?post=754"},{"taxonomy":"product_tag","embeddable":true,"href":"https:\/\/www.hamel-france.com\/boutique\/wp-json\/wp\/v2\/product_tag?post=754"}],"curies":[{"name":"wp","href":"https:\/\/api.w.org\/{rel}","templated":true}]}}