{"id":658,"date":"2025-04-08T15:11:40","date_gmt":"2025-04-08T13:11:40","guid":{"rendered":"http:\/\/www.hamel-france.com\/boutique\/?post_type=product&#038;p=658"},"modified":"2026-04-28T10:55:27","modified_gmt":"2026-04-28T08:55:27","slug":"elevateur-a-godets-galvanise-15tonnesheure","status":"publish","type":"product","link":"https:\/\/www.hamel-france.com\/boutique\/produit\/elevateur-a-godets-galvanise-15tonnesheure\/","title":{"rendered":"\u00c9l\u00e9vateur \u00e0 godets 15T\/h"},"content":{"rendered":"<h2>\u00c9l\u00e9vateur \u00e0 godets 15T\/h galvanis\u00e9<\/h2>\n<p>\u00c9quipement pour la manutention et le transport vertical des produits en vrac avec un d\u00e9bit de 15 tonnes\/heure.<\/p>\n<p>5 Hauteurs hors tout disponibles : 8m, 10m, 12m, 14m et 16m.<\/p>\n<p>Les <strong>convoyeurs \u00e0 grains verticaux<\/strong> sont \u00e9quip\u00e9s de moto-r\u00e9ducteurs triphas\u00e9s suivant la hauteur choisie : 0.55kw, 0.75kw, 1.1kw, ou 1.5kw.<\/p>\n<p>Livr\u00e9 avec <strong>sangle<\/strong> caoutchouc trait\u00e9e anti-gras et <strong>godets acier<\/strong>.<\/p>\n<p>&nbsp;<\/p>\n<p><strong>Accessoires <\/strong><em>(disponibles sur demande <a href=\"http:\/\/www.hamel-france.com\/boutique\/contact\/\" target=\"_blank\" rel=\"noopener\">ici<\/a>):<\/em><\/p>\n<ul>\n<li>Plateforme de repos<\/li>\n<li>Plateforme de t\u00eate<\/li>\n<li>Echelle avec crinoline<\/li>\n<li>Couvercle anti-pluie pour moto-r\u00e9ducteur<\/li>\n<li>Couvercle anti-pluie pour anti-retour<\/li>\n<li>Gousset suppl\u00e8mentaire<\/li>\n<li>Trappe de r\u00e9glage de d\u00e9bit\u00a0<strong><br \/>\n<\/strong><\/li>\n<li>Capteurs de bourrage<\/li>\n<li>Anti-retour<\/li>\n<\/ul>\n<p><strong><em>D&#8217;autres hauteurs et d\u00e9bits jusqu&#8217;\u00e0 300T\/h sont disponibles, demandez votre devis <a href=\"http:\/\/www.hamel-france.com\/boutique\/contact\/\" target=\"_blank\" rel=\"noopener\">ici<\/a>.<\/em><\/strong><\/p>\n<p>Les d\u00e9bits et capacit\u00e9s des <em>convoyeurs \u00e0 grains verticaux<\/em> s&#8217;entendent sur des grains d&#8217;un poids sp\u00e9cifique de 750 Kg\/m3 et d&#8217;une humidit\u00e9 de 14%.<\/p>\n<p><em>Mat\u00e9riel livr\u00e9 en kit, non assembl\u00e9, non mont\u00e9 (photo non contractuelle).<br \/>\n<\/em><\/p>\n<p>Livraison France continentale uniquement.<\/p>\n","protected":false},"excerpt":{"rendered":"<p>El\u00e9vateur \u00e0 godets 15T\/h pour le transport des produits agricoles en vrac, hauteur : 8m, 10m, 12m, 14m et 16m.<\/p>\n<p>Autres hauteurs et d\u00e9bits jusqu&#8217;\u00e0 <strong>300T\/h<\/strong>, nous int\u00e9rroger <a href=\"http:\/\/www.hamel-france.com\/boutique\/contact\/\"><strong>ici<\/strong><\/a><\/p>\n","protected":false},"featured_media":545,"template":"","meta":{"_mi_skip_tracking":false,"_exactmetrics_sitenote_active":false,"_exactmetrics_sitenote_note":"","_exactmetrics_sitenote_category":0},"product_cat":[34],"product_tag":[],"acf":[],"yoast_head":"<!-- This site is optimized with the Yoast SEO plugin v21.7 - https:\/\/yoast.com\/wordpress\/plugins\/seo\/ -->\n<title>El\u00e9vateur \u00e0 godets et convoyeur \u00e0 grains<\/title>\n<meta name=\"description\" content=\"El\u00e9vateur \u00e0 godets 15T\/h. Moto-r\u00e9ducteur triphas\u00e9 \u00e0 accouplement direct de 0.55kw, 0.75kw, 1.1kw, ou 1.5kw. Hauteurs hors tout 8m, 10m, 12, 14m et 16m.\" \/>\n<meta name=\"robots\" content=\"index, follow, max-snippet:-1, max-image-preview:large, max-video-preview:-1\" \/>\n<link rel=\"canonical\" href=\"https:\/\/www.hamel-france.com\/boutique\/produit\/elevateur-a-godets-galvanise-15tonnesheure\/\" \/>\n<meta property=\"og:locale\" content=\"fr_FR\" \/>\n<meta property=\"og:type\" content=\"article\" \/>\n<meta property=\"og:title\" content=\"El\u00e9vateur \u00e0 godets et convoyeur \u00e0 grains\" \/>\n<meta property=\"og:description\" content=\"El\u00e9vateur \u00e0 godets 15T\/h. Moto-r\u00e9ducteur triphas\u00e9 \u00e0 accouplement direct de 0.55kw, 0.75kw, 1.1kw, ou 1.5kw. Hauteurs hors tout 8m, 10m, 12, 14m et 16m.\" \/>\n<meta property=\"og:url\" content=\"https:\/\/www.hamel-france.com\/boutique\/produit\/elevateur-a-godets-galvanise-15tonnesheure\/\" \/>\n<meta property=\"og:site_name\" content=\"Boutique Hamel\" \/>\n<meta property=\"article:modified_time\" content=\"2026-04-28T08:55:27+00:00\" \/>\n<meta property=\"og:image\" content=\"https:\/\/www.hamel-france.com\/boutique\/wp-content\/uploads\/sites\/2\/2018\/02\/ELEVATEUR-A-GODETS-HAMEL-GRAINS-576-576.jpg\" \/>\n\t<meta property=\"og:image:width\" content=\"576\" \/>\n\t<meta property=\"og:image:height\" content=\"576\" \/>\n\t<meta property=\"og:image:type\" content=\"image\/jpeg\" \/>\n<meta name=\"twitter:card\" content=\"summary_large_image\" \/>\n<meta name=\"twitter:label1\" content=\"Dur\u00e9e de lecture estim\u00e9e\" \/>\n\t<meta name=\"twitter:data1\" content=\"1 minute\" \/>\n<script type=\"application\/ld+json\" class=\"yoast-schema-graph\">{\"@context\":\"https:\/\/schema.org\",\"@graph\":[{\"@type\":\"WebPage\",\"@id\":\"https:\/\/www.hamel-france.com\/boutique\/produit\/elevateur-a-godets-galvanise-15tonnesheure\/\",\"url\":\"https:\/\/www.hamel-france.com\/boutique\/produit\/elevateur-a-godets-galvanise-15tonnesheure\/\",\"name\":\"El\u00e9vateur \u00e0 godets et convoyeur \u00e0 grains\",\"isPartOf\":{\"@id\":\"https:\/\/www.hamel-france.com\/boutique\/#website\"},\"datePublished\":\"2025-04-08T13:11:40+00:00\",\"dateModified\":\"2026-04-28T08:55:27+00:00\",\"description\":\"El\u00e9vateur \u00e0 godets 15T\/h. Moto-r\u00e9ducteur triphas\u00e9 \u00e0 accouplement direct de 0.55kw, 0.75kw, 1.1kw, ou 1.5kw. Hauteurs hors tout 8m, 10m, 12, 14m et 16m.\",\"breadcrumb\":{\"@id\":\"https:\/\/www.hamel-france.com\/boutique\/produit\/elevateur-a-godets-galvanise-15tonnesheure\/#breadcrumb\"},\"inLanguage\":\"fr-FR\",\"potentialAction\":[{\"@type\":\"ReadAction\",\"target\":[\"https:\/\/www.hamel-france.com\/boutique\/produit\/elevateur-a-godets-galvanise-15tonnesheure\/\"]}]},{\"@type\":\"BreadcrumbList\",\"@id\":\"https:\/\/www.hamel-france.com\/boutique\/produit\/elevateur-a-godets-galvanise-15tonnesheure\/#breadcrumb\",\"itemListElement\":[{\"@type\":\"ListItem\",\"position\":1,\"name\":\"Accueil\",\"item\":\"https:\/\/www.hamel-france.com\/boutique\/\"},{\"@type\":\"ListItem\",\"position\":2,\"name\":\"Boutique\",\"item\":\"https:\/\/www.hamel-france.com\/boutique\/boutique\/\"},{\"@type\":\"ListItem\",\"position\":3,\"name\":\"\u00c9l\u00e9vateur \u00e0 godets 15T\/h\"}]},{\"@type\":\"WebSite\",\"@id\":\"https:\/\/www.hamel-france.com\/boutique\/#website\",\"url\":\"https:\/\/www.hamel-france.com\/boutique\/\",\"name\":\"Boutique Hamel\",\"description\":\"Vente en ligne d&#039;\u00e9quipements&lt;br \/&gt; pour le stockage du grain et le mat\u00e9riel d&#039;\u00e9levage\",\"publisher\":{\"@id\":\"https:\/\/www.hamel-france.com\/boutique\/#organization\"},\"potentialAction\":[{\"@type\":\"SearchAction\",\"target\":{\"@type\":\"EntryPoint\",\"urlTemplate\":\"https:\/\/www.hamel-france.com\/boutique\/?s={search_term_string}\"},\"query-input\":\"required name=search_term_string\"}],\"inLanguage\":\"fr-FR\"},{\"@type\":\"Organization\",\"@id\":\"https:\/\/www.hamel-france.com\/boutique\/#organization\",\"name\":\"Boutique Hamel\",\"url\":\"https:\/\/www.hamel-france.com\/boutique\/\",\"logo\":{\"@type\":\"ImageObject\",\"inLanguage\":\"fr-FR\",\"@id\":\"https:\/\/www.hamel-france.com\/boutique\/#\/schema\/logo\/image\/\",\"url\":\"https:\/\/www.hamel-france.com\/boutique\/wp-content\/uploads\/sites\/2\/2018\/01\/logo-hamel.png\",\"contentUrl\":\"https:\/\/www.hamel-france.com\/boutique\/wp-content\/uploads\/sites\/2\/2018\/01\/logo-hamel.png\",\"width\":470,\"height\":110,\"caption\":\"Boutique Hamel\"},\"image\":{\"@id\":\"https:\/\/www.hamel-france.com\/boutique\/#\/schema\/logo\/image\/\"}}]}<\/script>\n<!-- \/ Yoast SEO plugin. -->","yoast_head_json":{"title":"El\u00e9vateur \u00e0 godets et convoyeur \u00e0 grains","description":"El\u00e9vateur \u00e0 godets 15T\/h. Moto-r\u00e9ducteur triphas\u00e9 \u00e0 accouplement direct de 0.55kw, 0.75kw, 1.1kw, ou 1.5kw. Hauteurs hors tout 8m, 10m, 12, 14m et 16m.","robots":{"index":"index","follow":"follow","max-snippet":"max-snippet:-1","max-image-preview":"max-image-preview:large","max-video-preview":"max-video-preview:-1"},"canonical":"https:\/\/www.hamel-france.com\/boutique\/produit\/elevateur-a-godets-galvanise-15tonnesheure\/","og_locale":"fr_FR","og_type":"article","og_title":"El\u00e9vateur \u00e0 godets et convoyeur \u00e0 grains","og_description":"El\u00e9vateur \u00e0 godets 15T\/h. Moto-r\u00e9ducteur triphas\u00e9 \u00e0 accouplement direct de 0.55kw, 0.75kw, 1.1kw, ou 1.5kw. Hauteurs hors tout 8m, 10m, 12, 14m et 16m.","og_url":"https:\/\/www.hamel-france.com\/boutique\/produit\/elevateur-a-godets-galvanise-15tonnesheure\/","og_site_name":"Boutique Hamel","article_modified_time":"2026-04-28T08:55:27+00:00","og_image":[{"width":576,"height":576,"url":"https:\/\/www.hamel-france.com\/boutique\/wp-content\/uploads\/sites\/2\/2018\/02\/ELEVATEUR-A-GODETS-HAMEL-GRAINS-576-576.jpg","type":"image\/jpeg"}],"twitter_card":"summary_large_image","twitter_misc":{"Dur\u00e9e de lecture estim\u00e9e":"1 minute"},"schema":{"@context":"https:\/\/schema.org","@graph":[{"@type":"WebPage","@id":"https:\/\/www.hamel-france.com\/boutique\/produit\/elevateur-a-godets-galvanise-15tonnesheure\/","url":"https:\/\/www.hamel-france.com\/boutique\/produit\/elevateur-a-godets-galvanise-15tonnesheure\/","name":"El\u00e9vateur \u00e0 godets et convoyeur \u00e0 grains","isPartOf":{"@id":"https:\/\/www.hamel-france.com\/boutique\/#website"},"datePublished":"2025-04-08T13:11:40+00:00","dateModified":"2026-04-28T08:55:27+00:00","description":"El\u00e9vateur \u00e0 godets 15T\/h. Moto-r\u00e9ducteur triphas\u00e9 \u00e0 accouplement direct de 0.55kw, 0.75kw, 1.1kw, ou 1.5kw. Hauteurs hors tout 8m, 10m, 12, 14m et 16m.","breadcrumb":{"@id":"https:\/\/www.hamel-france.com\/boutique\/produit\/elevateur-a-godets-galvanise-15tonnesheure\/#breadcrumb"},"inLanguage":"fr-FR","potentialAction":[{"@type":"ReadAction","target":["https:\/\/www.hamel-france.com\/boutique\/produit\/elevateur-a-godets-galvanise-15tonnesheure\/"]}]},{"@type":"BreadcrumbList","@id":"https:\/\/www.hamel-france.com\/boutique\/produit\/elevateur-a-godets-galvanise-15tonnesheure\/#breadcrumb","itemListElement":[{"@type":"ListItem","position":1,"name":"Accueil","item":"https:\/\/www.hamel-france.com\/boutique\/"},{"@type":"ListItem","position":2,"name":"Boutique","item":"https:\/\/www.hamel-france.com\/boutique\/boutique\/"},{"@type":"ListItem","position":3,"name":"\u00c9l\u00e9vateur \u00e0 godets 15T\/h"}]},{"@type":"WebSite","@id":"https:\/\/www.hamel-france.com\/boutique\/#website","url":"https:\/\/www.hamel-france.com\/boutique\/","name":"Boutique Hamel","description":"Vente en ligne d&#039;\u00e9quipements&lt;br \/&gt; pour le stockage du grain et le mat\u00e9riel d&#039;\u00e9levage","publisher":{"@id":"https:\/\/www.hamel-france.com\/boutique\/#organization"},"potentialAction":[{"@type":"SearchAction","target":{"@type":"EntryPoint","urlTemplate":"https:\/\/www.hamel-france.com\/boutique\/?s={search_term_string}"},"query-input":"required name=search_term_string"}],"inLanguage":"fr-FR"},{"@type":"Organization","@id":"https:\/\/www.hamel-france.com\/boutique\/#organization","name":"Boutique Hamel","url":"https:\/\/www.hamel-france.com\/boutique\/","logo":{"@type":"ImageObject","inLanguage":"fr-FR","@id":"https:\/\/www.hamel-france.com\/boutique\/#\/schema\/logo\/image\/","url":"https:\/\/www.hamel-france.com\/boutique\/wp-content\/uploads\/sites\/2\/2018\/01\/logo-hamel.png","contentUrl":"https:\/\/www.hamel-france.com\/boutique\/wp-content\/uploads\/sites\/2\/2018\/01\/logo-hamel.png","width":470,"height":110,"caption":"Boutique Hamel"},"image":{"@id":"https:\/\/www.hamel-france.com\/boutique\/#\/schema\/logo\/image\/"}}]}},"_links":{"self":[{"href":"https:\/\/www.hamel-france.com\/boutique\/wp-json\/wp\/v2\/product\/658"}],"collection":[{"href":"https:\/\/www.hamel-france.com\/boutique\/wp-json\/wp\/v2\/product"}],"about":[{"href":"https:\/\/www.hamel-france.com\/boutique\/wp-json\/wp\/v2\/types\/product"}],"wp:featuredmedia":[{"embeddable":true,"href":"https:\/\/www.hamel-france.com\/boutique\/wp-json\/wp\/v2\/media\/545"}],"wp:attachment":[{"href":"https:\/\/www.hamel-france.com\/boutique\/wp-json\/wp\/v2\/media?parent=658"}],"wp:term":[{"taxonomy":"product_cat","embeddable":true,"href":"https:\/\/www.hamel-france.com\/boutique\/wp-json\/wp\/v2\/product_cat?post=658"},{"taxonomy":"product_tag","embeddable":true,"href":"https:\/\/www.hamel-france.com\/boutique\/wp-json\/wp\/v2\/product_tag?post=658"}],"curies":[{"name":"wp","href":"https:\/\/api.w.org\/{rel}","templated":true}]}}