{"id":650,"date":"2018-02-07T14:31:38","date_gmt":"2018-02-07T13:31:38","guid":{"rendered":"http:\/\/www.hamel-france.com\/boutique\/?post_type=product&#038;p=650"},"modified":"2025-10-31T11:06:00","modified_gmt":"2025-10-31T10:06:00","slug":"raccord-souple-500500mm-pour-ventilateur","status":"publish","type":"product","link":"https:\/\/www.hamel-france.com\/boutique\/produit\/raccord-souple-500500mm-pour-ventilateur\/","title":{"rendered":"Manche \u00e0 air pour ventilateur (silos et cellules) \u00d8500*\u00d8500mm"},"content":{"rendered":"<p>Ce <strong>manchon souple<\/strong> pour la passage d&#8217;air est con\u00e7u pour <strong>connecter un ventilateur aux entr\u00e9es d&#8217;air des silos, cellules et pour la ventilation du stockage des grains \u00e0 plat<\/strong>. Il est adapt\u00e9 aux syst\u00e8mes o\u00f9 l&#8217;<strong>entr\u00e9e du silo et la sortie du ventilateur ont un diam\u00e8tre de 500 mm<\/strong>. Son r\u00f4le est d&#8217;assurer la liaison entre le ventilateur et les installations de stockage, permettant l&#8217;apport de ventilation n\u00e9cessaire \u00e0 la bonne conservation des grains.<\/p>\n<ul>\n<li>Se fixe rapidement gr\u00e2ce aux 2 sangles<\/li>\n<li>\u00d8 500mm*\u00d8 500mm<\/li>\n<li>Longeur 600mm<\/li>\n<li>Matri\u00e8re PVC<\/li>\n<\/ul>\n<p><a href=\"https:\/\/www.hamel-france.com\/boutique\/wp-content\/uploads\/sites\/2\/2018\/02\/raccord-souple-3105.jpg\"><img loading=\"lazy\" decoding=\"async\" class=\"aligncenter size-thumbnail wp-image-31409\" src=\"https:\/\/www.hamel-france.com\/boutique\/wp-content\/uploads\/sites\/2\/2018\/02\/raccord-souple-3105-150x150.jpg\" alt=\"\" width=\"150\" height=\"150\" srcset=\"https:\/\/www.hamel-france.com\/boutique\/wp-content\/uploads\/sites\/2\/2018\/02\/raccord-souple-3105-150x150.jpg 150w, https:\/\/www.hamel-france.com\/boutique\/wp-content\/uploads\/sites\/2\/2018\/02\/raccord-souple-3105-100x100.jpg 100w\" sizes=\"(max-width: 150px) 100vw, 150px\" \/><\/a><\/p>\n","protected":false},"excerpt":{"rendered":"<p>Manche \u00e0 air \u00d8500*\u00d8500mm pour ventilateur (silos \u00e0 c\u00e9r\u00e9ales, cellules \u00e0 grains et stockage \u00e0 plat) livr\u00e9e avec 2 sangles.<\/p>\n","protected":false},"featured_media":31419,"template":"","meta":{"_mi_skip_tracking":false,"_exactmetrics_sitenote_active":false,"_exactmetrics_sitenote_note":"","_exactmetrics_sitenote_category":0},"product_cat":[67,49],"product_tag":[],"acf":[],"yoast_head":"<!-- This site is optimized with the Yoast SEO plugin v21.7 - https:\/\/yoast.com\/wordpress\/plugins\/seo\/ -->\n<title>Manche \u00e0 air pour ventilateur silos \u00e0 c\u00e9r\u00e9ales, cellules, etc..<\/title>\n<meta name=\"description\" content=\"Manche \u00e0 air \u00d8500*\u00d8500mm pour ventilateur (silos \u00e0 c\u00e9r\u00e9ales, cellules \u00e0 grains et stockage \u00e0 plat) livr\u00e9e avec 2 sangles., longeur 600mm, mati\u00e8re PVC\" \/>\n<meta name=\"robots\" content=\"index, follow, max-snippet:-1, max-image-preview:large, max-video-preview:-1\" \/>\n<link rel=\"canonical\" href=\"https:\/\/www.hamel-france.com\/boutique\/produit\/raccord-souple-500500mm-pour-ventilateur\/\" \/>\n<meta property=\"og:locale\" content=\"fr_FR\" \/>\n<meta property=\"og:type\" content=\"article\" \/>\n<meta property=\"og:title\" content=\"Manche \u00e0 air pour ventilateur silos \u00e0 c\u00e9r\u00e9ales, cellules, etc..\" \/>\n<meta property=\"og:description\" content=\"Manche \u00e0 air \u00d8500*\u00d8500mm pour ventilateur (silos \u00e0 c\u00e9r\u00e9ales, cellules \u00e0 grains et stockage \u00e0 plat) livr\u00e9e avec 2 sangles., longeur 600mm, mati\u00e8re PVC\" \/>\n<meta property=\"og:url\" content=\"https:\/\/www.hamel-france.com\/boutique\/produit\/raccord-souple-500500mm-pour-ventilateur\/\" \/>\n<meta property=\"og:site_name\" content=\"Boutique Hamel\" \/>\n<meta property=\"article:modified_time\" content=\"2025-10-31T10:06:00+00:00\" \/>\n<meta property=\"og:image\" content=\"https:\/\/www.hamel-france.com\/boutique\/wp-content\/uploads\/sites\/2\/2018\/02\/raccord-ventilateur-manchon-600-1.jpg\" \/>\n\t<meta property=\"og:image:width\" content=\"600\" \/>\n\t<meta property=\"og:image:height\" content=\"600\" \/>\n\t<meta property=\"og:image:type\" content=\"image\/jpeg\" \/>\n<meta name=\"twitter:card\" content=\"summary_large_image\" \/>\n<meta name=\"twitter:label1\" content=\"Dur\u00e9e de lecture estim\u00e9e\" \/>\n\t<meta name=\"twitter:data1\" content=\"1 minute\" \/>\n<script type=\"application\/ld+json\" class=\"yoast-schema-graph\">{\"@context\":\"https:\/\/schema.org\",\"@graph\":[{\"@type\":\"WebPage\",\"@id\":\"https:\/\/www.hamel-france.com\/boutique\/produit\/raccord-souple-500500mm-pour-ventilateur\/\",\"url\":\"https:\/\/www.hamel-france.com\/boutique\/produit\/raccord-souple-500500mm-pour-ventilateur\/\",\"name\":\"Manche \u00e0 air pour ventilateur silos \u00e0 c\u00e9r\u00e9ales, cellules, etc..\",\"isPartOf\":{\"@id\":\"https:\/\/www.hamel-france.com\/boutique\/#website\"},\"datePublished\":\"2018-02-07T13:31:38+00:00\",\"dateModified\":\"2025-10-31T10:06:00+00:00\",\"description\":\"Manche \u00e0 air \u00d8500*\u00d8500mm pour ventilateur (silos \u00e0 c\u00e9r\u00e9ales, cellules \u00e0 grains et stockage \u00e0 plat) livr\u00e9e avec 2 sangles., longeur 600mm, mati\u00e8re PVC\",\"breadcrumb\":{\"@id\":\"https:\/\/www.hamel-france.com\/boutique\/produit\/raccord-souple-500500mm-pour-ventilateur\/#breadcrumb\"},\"inLanguage\":\"fr-FR\",\"potentialAction\":[{\"@type\":\"ReadAction\",\"target\":[\"https:\/\/www.hamel-france.com\/boutique\/produit\/raccord-souple-500500mm-pour-ventilateur\/\"]}]},{\"@type\":\"BreadcrumbList\",\"@id\":\"https:\/\/www.hamel-france.com\/boutique\/produit\/raccord-souple-500500mm-pour-ventilateur\/#breadcrumb\",\"itemListElement\":[{\"@type\":\"ListItem\",\"position\":1,\"name\":\"Accueil\",\"item\":\"https:\/\/www.hamel-france.com\/boutique\/\"},{\"@type\":\"ListItem\",\"position\":2,\"name\":\"Boutique\",\"item\":\"https:\/\/www.hamel-france.com\/boutique\/boutique\/\"},{\"@type\":\"ListItem\",\"position\":3,\"name\":\"Manche \u00e0 air pour ventilateur (silos et cellules) \u00d8500*\u00d8500mm\"}]},{\"@type\":\"WebSite\",\"@id\":\"https:\/\/www.hamel-france.com\/boutique\/#website\",\"url\":\"https:\/\/www.hamel-france.com\/boutique\/\",\"name\":\"Boutique Hamel\",\"description\":\"Vente en ligne d&#039;\u00e9quipements&lt;br \/&gt; pour le stockage du grain et le mat\u00e9riel d&#039;\u00e9levage\",\"publisher\":{\"@id\":\"https:\/\/www.hamel-france.com\/boutique\/#organization\"},\"potentialAction\":[{\"@type\":\"SearchAction\",\"target\":{\"@type\":\"EntryPoint\",\"urlTemplate\":\"https:\/\/www.hamel-france.com\/boutique\/?s={search_term_string}\"},\"query-input\":\"required name=search_term_string\"}],\"inLanguage\":\"fr-FR\"},{\"@type\":\"Organization\",\"@id\":\"https:\/\/www.hamel-france.com\/boutique\/#organization\",\"name\":\"Boutique Hamel\",\"url\":\"https:\/\/www.hamel-france.com\/boutique\/\",\"logo\":{\"@type\":\"ImageObject\",\"inLanguage\":\"fr-FR\",\"@id\":\"https:\/\/www.hamel-france.com\/boutique\/#\/schema\/logo\/image\/\",\"url\":\"https:\/\/www.hamel-france.com\/boutique\/wp-content\/uploads\/sites\/2\/2018\/01\/logo-hamel.png\",\"contentUrl\":\"https:\/\/www.hamel-france.com\/boutique\/wp-content\/uploads\/sites\/2\/2018\/01\/logo-hamel.png\",\"width\":470,\"height\":110,\"caption\":\"Boutique Hamel\"},\"image\":{\"@id\":\"https:\/\/www.hamel-france.com\/boutique\/#\/schema\/logo\/image\/\"}}]}<\/script>\n<!-- \/ Yoast SEO plugin. -->","yoast_head_json":{"title":"Manche \u00e0 air pour ventilateur silos \u00e0 c\u00e9r\u00e9ales, cellules, etc..","description":"Manche \u00e0 air \u00d8500*\u00d8500mm pour ventilateur (silos \u00e0 c\u00e9r\u00e9ales, cellules \u00e0 grains et stockage \u00e0 plat) livr\u00e9e avec 2 sangles., longeur 600mm, mati\u00e8re PVC","robots":{"index":"index","follow":"follow","max-snippet":"max-snippet:-1","max-image-preview":"max-image-preview:large","max-video-preview":"max-video-preview:-1"},"canonical":"https:\/\/www.hamel-france.com\/boutique\/produit\/raccord-souple-500500mm-pour-ventilateur\/","og_locale":"fr_FR","og_type":"article","og_title":"Manche \u00e0 air pour ventilateur silos \u00e0 c\u00e9r\u00e9ales, cellules, etc..","og_description":"Manche \u00e0 air \u00d8500*\u00d8500mm pour ventilateur (silos \u00e0 c\u00e9r\u00e9ales, cellules \u00e0 grains et stockage \u00e0 plat) livr\u00e9e avec 2 sangles., longeur 600mm, mati\u00e8re PVC","og_url":"https:\/\/www.hamel-france.com\/boutique\/produit\/raccord-souple-500500mm-pour-ventilateur\/","og_site_name":"Boutique Hamel","article_modified_time":"2025-10-31T10:06:00+00:00","og_image":[{"width":600,"height":600,"url":"https:\/\/www.hamel-france.com\/boutique\/wp-content\/uploads\/sites\/2\/2018\/02\/raccord-ventilateur-manchon-600-1.jpg","type":"image\/jpeg"}],"twitter_card":"summary_large_image","twitter_misc":{"Dur\u00e9e de lecture estim\u00e9e":"1 minute"},"schema":{"@context":"https:\/\/schema.org","@graph":[{"@type":"WebPage","@id":"https:\/\/www.hamel-france.com\/boutique\/produit\/raccord-souple-500500mm-pour-ventilateur\/","url":"https:\/\/www.hamel-france.com\/boutique\/produit\/raccord-souple-500500mm-pour-ventilateur\/","name":"Manche \u00e0 air pour ventilateur silos \u00e0 c\u00e9r\u00e9ales, cellules, etc..","isPartOf":{"@id":"https:\/\/www.hamel-france.com\/boutique\/#website"},"datePublished":"2018-02-07T13:31:38+00:00","dateModified":"2025-10-31T10:06:00+00:00","description":"Manche \u00e0 air \u00d8500*\u00d8500mm pour ventilateur (silos \u00e0 c\u00e9r\u00e9ales, cellules \u00e0 grains et stockage \u00e0 plat) livr\u00e9e avec 2 sangles., longeur 600mm, mati\u00e8re PVC","breadcrumb":{"@id":"https:\/\/www.hamel-france.com\/boutique\/produit\/raccord-souple-500500mm-pour-ventilateur\/#breadcrumb"},"inLanguage":"fr-FR","potentialAction":[{"@type":"ReadAction","target":["https:\/\/www.hamel-france.com\/boutique\/produit\/raccord-souple-500500mm-pour-ventilateur\/"]}]},{"@type":"BreadcrumbList","@id":"https:\/\/www.hamel-france.com\/boutique\/produit\/raccord-souple-500500mm-pour-ventilateur\/#breadcrumb","itemListElement":[{"@type":"ListItem","position":1,"name":"Accueil","item":"https:\/\/www.hamel-france.com\/boutique\/"},{"@type":"ListItem","position":2,"name":"Boutique","item":"https:\/\/www.hamel-france.com\/boutique\/boutique\/"},{"@type":"ListItem","position":3,"name":"Manche \u00e0 air pour ventilateur (silos et cellules) \u00d8500*\u00d8500mm"}]},{"@type":"WebSite","@id":"https:\/\/www.hamel-france.com\/boutique\/#website","url":"https:\/\/www.hamel-france.com\/boutique\/","name":"Boutique Hamel","description":"Vente en ligne d&#039;\u00e9quipements&lt;br \/&gt; pour le stockage du grain et le mat\u00e9riel d&#039;\u00e9levage","publisher":{"@id":"https:\/\/www.hamel-france.com\/boutique\/#organization"},"potentialAction":[{"@type":"SearchAction","target":{"@type":"EntryPoint","urlTemplate":"https:\/\/www.hamel-france.com\/boutique\/?s={search_term_string}"},"query-input":"required name=search_term_string"}],"inLanguage":"fr-FR"},{"@type":"Organization","@id":"https:\/\/www.hamel-france.com\/boutique\/#organization","name":"Boutique Hamel","url":"https:\/\/www.hamel-france.com\/boutique\/","logo":{"@type":"ImageObject","inLanguage":"fr-FR","@id":"https:\/\/www.hamel-france.com\/boutique\/#\/schema\/logo\/image\/","url":"https:\/\/www.hamel-france.com\/boutique\/wp-content\/uploads\/sites\/2\/2018\/01\/logo-hamel.png","contentUrl":"https:\/\/www.hamel-france.com\/boutique\/wp-content\/uploads\/sites\/2\/2018\/01\/logo-hamel.png","width":470,"height":110,"caption":"Boutique Hamel"},"image":{"@id":"https:\/\/www.hamel-france.com\/boutique\/#\/schema\/logo\/image\/"}}]}},"_links":{"self":[{"href":"https:\/\/www.hamel-france.com\/boutique\/wp-json\/wp\/v2\/product\/650"}],"collection":[{"href":"https:\/\/www.hamel-france.com\/boutique\/wp-json\/wp\/v2\/product"}],"about":[{"href":"https:\/\/www.hamel-france.com\/boutique\/wp-json\/wp\/v2\/types\/product"}],"wp:featuredmedia":[{"embeddable":true,"href":"https:\/\/www.hamel-france.com\/boutique\/wp-json\/wp\/v2\/media\/31419"}],"wp:attachment":[{"href":"https:\/\/www.hamel-france.com\/boutique\/wp-json\/wp\/v2\/media?parent=650"}],"wp:term":[{"taxonomy":"product_cat","embeddable":true,"href":"https:\/\/www.hamel-france.com\/boutique\/wp-json\/wp\/v2\/product_cat?post=650"},{"taxonomy":"product_tag","embeddable":true,"href":"https:\/\/www.hamel-france.com\/boutique\/wp-json\/wp\/v2\/product_tag?post=650"}],"curies":[{"name":"wp","href":"https:\/\/api.w.org\/{rel}","templated":true}]}}