{"id":641,"date":"2018-02-07T14:03:06","date_gmt":"2018-02-07T13:03:06","guid":{"rendered":"http:\/\/www.hamel-france.com\/boutique\/?post_type=product&#038;p=641"},"modified":"2025-10-31T10:46:52","modified_gmt":"2025-10-31T09:46:52","slug":"raccord-souple-pour-ventilateur-340-340mm","status":"publish","type":"product","link":"https:\/\/www.hamel-france.com\/boutique\/produit\/raccord-souple-pour-ventilateur-340-340mm\/","title":{"rendered":"Manche \u00e0 air pour ventilateur \u00e0 grains \u00d8340*\u00d8340mm"},"content":{"rendered":"<p>Manche \u00e0 air pour ventilateur \u00e0 grains \u00d8340*\u00d8340mm avec 2 sangles pour la jonction du ventilateur au silo ou cellule \u00e0 grains :<\/p>\n<h2>Caract\u00e9ristiques et Avantages Cl\u00e9s<\/h2>\n<p>&nbsp;<\/p>\n<ul>\n<li><b>Adaptation Universelle :<\/b> Avec ses dimensions de \u00d8340*\u00d8340mm, il offre une <b>compatibilit\u00e9 id\u00e9ale<\/b> avec la majorit\u00e9 des ventilateurs et des syst\u00e8mes de ventilation de silos.<\/li>\n<li><b>Installation Simplifi\u00e9e :<\/b> Dot\u00e9 de <b>deux sangles de fixation<\/b>, ce raccord garantit une installation rapide, facile et s\u00e9curis\u00e9e, sans n\u00e9cessiter d&#8217;outils complexes.<\/li>\n<\/ul>\n<ul>\n<li>Se fixe rapidement gr\u00e2ce aux 2 sangles<\/li>\n<li>\u00d8 340mm*\u00d8 340mm<\/li>\n<li>Longeur 600mm<\/li>\n<li>Matri\u00e8re PVC<\/li>\n<\/ul>\n<p><a href=\"https:\/\/www.hamel-france.com\/boutique\/wp-content\/uploads\/sites\/2\/2018\/02\/raccord-souple-3105.jpg\"><img loading=\"lazy\" decoding=\"async\" class=\"aligncenter size-thumbnail wp-image-31409\" src=\"https:\/\/www.hamel-france.com\/boutique\/wp-content\/uploads\/sites\/2\/2018\/02\/raccord-souple-3105-150x150.jpg\" alt=\"\" width=\"150\" height=\"150\" srcset=\"https:\/\/www.hamel-france.com\/boutique\/wp-content\/uploads\/sites\/2\/2018\/02\/raccord-souple-3105-150x150.jpg 150w, https:\/\/www.hamel-france.com\/boutique\/wp-content\/uploads\/sites\/2\/2018\/02\/raccord-souple-3105-100x100.jpg 100w\" sizes=\"(max-width: 150px) 100vw, 150px\" \/><\/a><\/p>\n","protected":false},"excerpt":{"rendered":"<p>Manchon souple de raccordement du ventilateur \u00e0 la cellule de stockage \u00e0 grains \u00d8340*\u00d8340mm<\/p>\n","protected":false},"featured_media":31419,"template":"","meta":{"_mi_skip_tracking":false,"_exactmetrics_sitenote_active":false,"_exactmetrics_sitenote_note":"","_exactmetrics_sitenote_category":0},"product_cat":[67,49],"product_tag":[],"acf":[],"yoast_head":"<!-- This site is optimized with the Yoast SEO plugin v21.7 - https:\/\/yoast.com\/wordpress\/plugins\/seo\/ -->\n<title>Manche \u00e0 air pour ventilateur \u00e0 grains \u00d8340*\u00d8340mm<\/title>\n<meta name=\"description\" content=\"Manche \u00e0 air pour ventilateur \u00e0 grains \u00d8340*\u00d8340mm avec 2 sangles pour la jonction du ventilateur au silo ou \u00e0 la cellules \u00e0 grains, longeur 600mm\" \/>\n<meta name=\"robots\" content=\"index, follow, max-snippet:-1, max-image-preview:large, max-video-preview:-1\" \/>\n<link rel=\"canonical\" href=\"https:\/\/www.hamel-france.com\/boutique\/produit\/raccord-souple-pour-ventilateur-340-340mm\/\" \/>\n<meta property=\"og:locale\" content=\"fr_FR\" \/>\n<meta property=\"og:type\" content=\"article\" \/>\n<meta property=\"og:title\" content=\"Manche \u00e0 air pour ventilateur \u00e0 grains \u00d8340*\u00d8340mm\" \/>\n<meta property=\"og:description\" content=\"Manche \u00e0 air pour ventilateur \u00e0 grains \u00d8340*\u00d8340mm avec 2 sangles pour la jonction du ventilateur au silo ou \u00e0 la cellules \u00e0 grains, longeur 600mm\" \/>\n<meta property=\"og:url\" content=\"https:\/\/www.hamel-france.com\/boutique\/produit\/raccord-souple-pour-ventilateur-340-340mm\/\" \/>\n<meta property=\"og:site_name\" content=\"Boutique Hamel\" \/>\n<meta property=\"article:modified_time\" content=\"2025-10-31T09:46:52+00:00\" \/>\n<meta property=\"og:image\" content=\"https:\/\/www.hamel-france.com\/boutique\/wp-content\/uploads\/sites\/2\/2018\/02\/raccord-ventilateur-manchon-600-1.jpg\" \/>\n\t<meta property=\"og:image:width\" content=\"600\" \/>\n\t<meta property=\"og:image:height\" content=\"600\" \/>\n\t<meta property=\"og:image:type\" content=\"image\/jpeg\" \/>\n<meta name=\"twitter:card\" content=\"summary_large_image\" \/>\n<meta name=\"twitter:label1\" content=\"Dur\u00e9e de lecture estim\u00e9e\" \/>\n\t<meta name=\"twitter:data1\" content=\"1 minute\" \/>\n<script type=\"application\/ld+json\" class=\"yoast-schema-graph\">{\"@context\":\"https:\/\/schema.org\",\"@graph\":[{\"@type\":\"WebPage\",\"@id\":\"https:\/\/www.hamel-france.com\/boutique\/produit\/raccord-souple-pour-ventilateur-340-340mm\/\",\"url\":\"https:\/\/www.hamel-france.com\/boutique\/produit\/raccord-souple-pour-ventilateur-340-340mm\/\",\"name\":\"Manche \u00e0 air pour ventilateur \u00e0 grains \u00d8340*\u00d8340mm\",\"isPartOf\":{\"@id\":\"https:\/\/www.hamel-france.com\/boutique\/#website\"},\"datePublished\":\"2018-02-07T13:03:06+00:00\",\"dateModified\":\"2025-10-31T09:46:52+00:00\",\"description\":\"Manche \u00e0 air pour ventilateur \u00e0 grains \u00d8340*\u00d8340mm avec 2 sangles pour la jonction du ventilateur au silo ou \u00e0 la cellules \u00e0 grains, longeur 600mm\",\"breadcrumb\":{\"@id\":\"https:\/\/www.hamel-france.com\/boutique\/produit\/raccord-souple-pour-ventilateur-340-340mm\/#breadcrumb\"},\"inLanguage\":\"fr-FR\",\"potentialAction\":[{\"@type\":\"ReadAction\",\"target\":[\"https:\/\/www.hamel-france.com\/boutique\/produit\/raccord-souple-pour-ventilateur-340-340mm\/\"]}]},{\"@type\":\"BreadcrumbList\",\"@id\":\"https:\/\/www.hamel-france.com\/boutique\/produit\/raccord-souple-pour-ventilateur-340-340mm\/#breadcrumb\",\"itemListElement\":[{\"@type\":\"ListItem\",\"position\":1,\"name\":\"Accueil\",\"item\":\"https:\/\/www.hamel-france.com\/boutique\/\"},{\"@type\":\"ListItem\",\"position\":2,\"name\":\"Boutique\",\"item\":\"https:\/\/www.hamel-france.com\/boutique\/boutique\/\"},{\"@type\":\"ListItem\",\"position\":3,\"name\":\"Manche \u00e0 air pour ventilateur \u00e0 grains \u00d8340*\u00d8340mm\"}]},{\"@type\":\"WebSite\",\"@id\":\"https:\/\/www.hamel-france.com\/boutique\/#website\",\"url\":\"https:\/\/www.hamel-france.com\/boutique\/\",\"name\":\"Boutique Hamel\",\"description\":\"Vente en ligne d&#039;\u00e9quipements&lt;br \/&gt; pour le stockage du grain et le mat\u00e9riel d&#039;\u00e9levage\",\"publisher\":{\"@id\":\"https:\/\/www.hamel-france.com\/boutique\/#organization\"},\"potentialAction\":[{\"@type\":\"SearchAction\",\"target\":{\"@type\":\"EntryPoint\",\"urlTemplate\":\"https:\/\/www.hamel-france.com\/boutique\/?s={search_term_string}\"},\"query-input\":\"required name=search_term_string\"}],\"inLanguage\":\"fr-FR\"},{\"@type\":\"Organization\",\"@id\":\"https:\/\/www.hamel-france.com\/boutique\/#organization\",\"name\":\"Boutique Hamel\",\"url\":\"https:\/\/www.hamel-france.com\/boutique\/\",\"logo\":{\"@type\":\"ImageObject\",\"inLanguage\":\"fr-FR\",\"@id\":\"https:\/\/www.hamel-france.com\/boutique\/#\/schema\/logo\/image\/\",\"url\":\"https:\/\/www.hamel-france.com\/boutique\/wp-content\/uploads\/sites\/2\/2018\/01\/logo-hamel.png\",\"contentUrl\":\"https:\/\/www.hamel-france.com\/boutique\/wp-content\/uploads\/sites\/2\/2018\/01\/logo-hamel.png\",\"width\":470,\"height\":110,\"caption\":\"Boutique Hamel\"},\"image\":{\"@id\":\"https:\/\/www.hamel-france.com\/boutique\/#\/schema\/logo\/image\/\"}}]}<\/script>\n<!-- \/ Yoast SEO plugin. -->","yoast_head_json":{"title":"Manche \u00e0 air pour ventilateur \u00e0 grains \u00d8340*\u00d8340mm","description":"Manche \u00e0 air pour ventilateur \u00e0 grains \u00d8340*\u00d8340mm avec 2 sangles pour la jonction du ventilateur au silo ou \u00e0 la cellules \u00e0 grains, longeur 600mm","robots":{"index":"index","follow":"follow","max-snippet":"max-snippet:-1","max-image-preview":"max-image-preview:large","max-video-preview":"max-video-preview:-1"},"canonical":"https:\/\/www.hamel-france.com\/boutique\/produit\/raccord-souple-pour-ventilateur-340-340mm\/","og_locale":"fr_FR","og_type":"article","og_title":"Manche \u00e0 air pour ventilateur \u00e0 grains \u00d8340*\u00d8340mm","og_description":"Manche \u00e0 air pour ventilateur \u00e0 grains \u00d8340*\u00d8340mm avec 2 sangles pour la jonction du ventilateur au silo ou \u00e0 la cellules \u00e0 grains, longeur 600mm","og_url":"https:\/\/www.hamel-france.com\/boutique\/produit\/raccord-souple-pour-ventilateur-340-340mm\/","og_site_name":"Boutique Hamel","article_modified_time":"2025-10-31T09:46:52+00:00","og_image":[{"width":600,"height":600,"url":"https:\/\/www.hamel-france.com\/boutique\/wp-content\/uploads\/sites\/2\/2018\/02\/raccord-ventilateur-manchon-600-1.jpg","type":"image\/jpeg"}],"twitter_card":"summary_large_image","twitter_misc":{"Dur\u00e9e de lecture estim\u00e9e":"1 minute"},"schema":{"@context":"https:\/\/schema.org","@graph":[{"@type":"WebPage","@id":"https:\/\/www.hamel-france.com\/boutique\/produit\/raccord-souple-pour-ventilateur-340-340mm\/","url":"https:\/\/www.hamel-france.com\/boutique\/produit\/raccord-souple-pour-ventilateur-340-340mm\/","name":"Manche \u00e0 air pour ventilateur \u00e0 grains \u00d8340*\u00d8340mm","isPartOf":{"@id":"https:\/\/www.hamel-france.com\/boutique\/#website"},"datePublished":"2018-02-07T13:03:06+00:00","dateModified":"2025-10-31T09:46:52+00:00","description":"Manche \u00e0 air pour ventilateur \u00e0 grains \u00d8340*\u00d8340mm avec 2 sangles pour la jonction du ventilateur au silo ou \u00e0 la cellules \u00e0 grains, longeur 600mm","breadcrumb":{"@id":"https:\/\/www.hamel-france.com\/boutique\/produit\/raccord-souple-pour-ventilateur-340-340mm\/#breadcrumb"},"inLanguage":"fr-FR","potentialAction":[{"@type":"ReadAction","target":["https:\/\/www.hamel-france.com\/boutique\/produit\/raccord-souple-pour-ventilateur-340-340mm\/"]}]},{"@type":"BreadcrumbList","@id":"https:\/\/www.hamel-france.com\/boutique\/produit\/raccord-souple-pour-ventilateur-340-340mm\/#breadcrumb","itemListElement":[{"@type":"ListItem","position":1,"name":"Accueil","item":"https:\/\/www.hamel-france.com\/boutique\/"},{"@type":"ListItem","position":2,"name":"Boutique","item":"https:\/\/www.hamel-france.com\/boutique\/boutique\/"},{"@type":"ListItem","position":3,"name":"Manche \u00e0 air pour ventilateur \u00e0 grains \u00d8340*\u00d8340mm"}]},{"@type":"WebSite","@id":"https:\/\/www.hamel-france.com\/boutique\/#website","url":"https:\/\/www.hamel-france.com\/boutique\/","name":"Boutique Hamel","description":"Vente en ligne d&#039;\u00e9quipements&lt;br \/&gt; pour le stockage du grain et le mat\u00e9riel d&#039;\u00e9levage","publisher":{"@id":"https:\/\/www.hamel-france.com\/boutique\/#organization"},"potentialAction":[{"@type":"SearchAction","target":{"@type":"EntryPoint","urlTemplate":"https:\/\/www.hamel-france.com\/boutique\/?s={search_term_string}"},"query-input":"required name=search_term_string"}],"inLanguage":"fr-FR"},{"@type":"Organization","@id":"https:\/\/www.hamel-france.com\/boutique\/#organization","name":"Boutique Hamel","url":"https:\/\/www.hamel-france.com\/boutique\/","logo":{"@type":"ImageObject","inLanguage":"fr-FR","@id":"https:\/\/www.hamel-france.com\/boutique\/#\/schema\/logo\/image\/","url":"https:\/\/www.hamel-france.com\/boutique\/wp-content\/uploads\/sites\/2\/2018\/01\/logo-hamel.png","contentUrl":"https:\/\/www.hamel-france.com\/boutique\/wp-content\/uploads\/sites\/2\/2018\/01\/logo-hamel.png","width":470,"height":110,"caption":"Boutique Hamel"},"image":{"@id":"https:\/\/www.hamel-france.com\/boutique\/#\/schema\/logo\/image\/"}}]}},"_links":{"self":[{"href":"https:\/\/www.hamel-france.com\/boutique\/wp-json\/wp\/v2\/product\/641"}],"collection":[{"href":"https:\/\/www.hamel-france.com\/boutique\/wp-json\/wp\/v2\/product"}],"about":[{"href":"https:\/\/www.hamel-france.com\/boutique\/wp-json\/wp\/v2\/types\/product"}],"wp:featuredmedia":[{"embeddable":true,"href":"https:\/\/www.hamel-france.com\/boutique\/wp-json\/wp\/v2\/media\/31419"}],"wp:attachment":[{"href":"https:\/\/www.hamel-france.com\/boutique\/wp-json\/wp\/v2\/media?parent=641"}],"wp:term":[{"taxonomy":"product_cat","embeddable":true,"href":"https:\/\/www.hamel-france.com\/boutique\/wp-json\/wp\/v2\/product_cat?post=641"},{"taxonomy":"product_tag","embeddable":true,"href":"https:\/\/www.hamel-france.com\/boutique\/wp-json\/wp\/v2\/product_tag?post=641"}],"curies":[{"name":"wp","href":"https:\/\/api.w.org\/{rel}","templated":true}]}}