{"id":620,"date":"2018-07-20T08:47:26","date_gmt":"2018-07-20T06:47:26","guid":{"rendered":"http:\/\/www.hamel-france.com\/boutique\/?post_type=product&#038;p=620"},"modified":"2025-10-14T14:16:24","modified_gmt":"2025-10-14T12:16:24","slug":"filet-anti-oiseaux-8-x-8-m","status":"publish","type":"product","link":"https:\/\/www.hamel-france.com\/boutique\/produit\/filet-anti-oiseaux-8-x-8-m\/","title":{"rendered":"Filet de protection pour stockage en silos ou en vrac, tissage sp\u00e9cial pour passage air de ventilation 8X8m"},"content":{"rendered":"<p>Filet anti-oiseaux <strong>8X8m <\/strong>pour silo jusqu&#8217;\u00e0 \u00f8 7.12m.<strong><br \/>\n<\/strong><\/p>\n<h2>Il prot\u00e8ge vos r\u00e9coltes contre les nuisibles :<\/h2>\n<ul>\n<li>Plus de perte de c\u00e9r\u00e9ales<\/li>\n<li>Plus de d\u00e9jections a l&#8217;int\u00e9rieur de vos cellules<\/li>\n<li>R\u00e9utilisables sur plusieurs ann\u00e9es<\/li>\n<li>Trait\u00e9 anti UV<\/li>\n<li>R\u00e9sistance \u00e0 la rupture : 2.92T\/m2 =<strong> R\u00e9sistance garantie<\/strong><\/li>\n<li>Poids : 130g\/m2<\/li>\n<\/ul>\n<p>Filet de qualit\u00e9 professionnelle<\/p>\n<p>Leurs mailles sont tr\u00e8s serr\u00e9es et emp\u00e8chent toute intrusion, facile \u00e0 mettre en place ils sont munis d&#8217;oeillets \u00e0 lester afin de les maintenir en place.<\/p>\n<h4>Echantillons du Filet anti-oiseaux sur demande <a href=\"http:\/\/www.hamel-france.com\/boutique\/contact\/\"><strong>ici<\/strong><\/a>.<\/h4>\n<h3>Ce Filet anti-oiseaux existe \u00e9galement en <a href=\"http:\/\/www.hamel-france.com\/boutique\/produit\/filet-de-protection-anti-oiseaux\/\" target=\"_blank\" rel=\"noopener noreferrer\"><strong>6X6m<\/strong><\/a><\/h3>\n<p><em>Silo non fourni<\/em><\/p>\n<p>&nbsp;<\/p>\n<p>&nbsp;<\/p>\n<p>&nbsp;<\/p>\n<p>&nbsp;<\/p>\n","protected":false},"excerpt":{"rendered":"<p>Filet 8X8m<\/p>\n","protected":false},"featured_media":1322,"template":"","meta":{"_mi_skip_tracking":false,"_exactmetrics_sitenote_active":false,"_exactmetrics_sitenote_note":"","_exactmetrics_sitenote_category":0},"product_cat":[28],"product_tag":[],"acf":[],"yoast_head":"<!-- This site is optimized with the Yoast SEO plugin v21.7 - https:\/\/yoast.com\/wordpress\/plugins\/seo\/ -->\n<title>Filet anti-oiseaux agricole 8X8m | Equipements C\u00e9r\u00e9aliers<\/title>\n<meta name=\"description\" content=\"Filet anti-oiseaux 8X8m, ils prot\u00e8gent vos r\u00e9coltes contre les nuisibles, Plus de perte de c\u00e9r\u00e9ales,Trait\u00e9 anti UV, etc...\" \/>\n<meta name=\"robots\" content=\"index, follow, max-snippet:-1, max-image-preview:large, max-video-preview:-1\" \/>\n<link rel=\"canonical\" href=\"https:\/\/www.hamel-france.com\/boutique\/produit\/filet-anti-oiseaux-8-x-8-m\/\" \/>\n<meta property=\"og:locale\" content=\"fr_FR\" \/>\n<meta property=\"og:type\" content=\"article\" \/>\n<meta property=\"og:title\" content=\"Filet anti-oiseaux agricole 8X8m | Equipements C\u00e9r\u00e9aliers\" \/>\n<meta property=\"og:description\" content=\"Filet anti-oiseaux 8X8m, ils prot\u00e8gent vos r\u00e9coltes contre les nuisibles, Plus de perte de c\u00e9r\u00e9ales,Trait\u00e9 anti UV, etc...\" \/>\n<meta property=\"og:url\" content=\"https:\/\/www.hamel-france.com\/boutique\/produit\/filet-anti-oiseaux-8-x-8-m\/\" \/>\n<meta property=\"og:site_name\" content=\"Boutique Hamel\" \/>\n<meta property=\"article:modified_time\" content=\"2025-10-14T12:16:24+00:00\" \/>\n<meta property=\"og:image\" content=\"https:\/\/www.hamel-france.com\/boutique\/wp-content\/uploads\/sites\/2\/2018\/02\/FILET-PROTECTION-CELLULE-GRAINS-ANTI-OISEAUX-HAMEL-1-2.jpg\" \/>\n\t<meta property=\"og:image:width\" content=\"700\" \/>\n\t<meta property=\"og:image:height\" content=\"700\" \/>\n\t<meta property=\"og:image:type\" content=\"image\/jpeg\" \/>\n<meta name=\"twitter:card\" content=\"summary_large_image\" \/>\n<meta name=\"twitter:label1\" content=\"Dur\u00e9e de lecture estim\u00e9e\" \/>\n\t<meta name=\"twitter:data1\" content=\"1 minute\" \/>\n<script type=\"application\/ld+json\" class=\"yoast-schema-graph\">{\"@context\":\"https:\/\/schema.org\",\"@graph\":[{\"@type\":\"WebPage\",\"@id\":\"https:\/\/www.hamel-france.com\/boutique\/produit\/filet-anti-oiseaux-8-x-8-m\/\",\"url\":\"https:\/\/www.hamel-france.com\/boutique\/produit\/filet-anti-oiseaux-8-x-8-m\/\",\"name\":\"Filet anti-oiseaux agricole 8X8m | Equipements C\u00e9r\u00e9aliers\",\"isPartOf\":{\"@id\":\"https:\/\/www.hamel-france.com\/boutique\/#website\"},\"datePublished\":\"2018-07-20T06:47:26+00:00\",\"dateModified\":\"2025-10-14T12:16:24+00:00\",\"description\":\"Filet anti-oiseaux 8X8m, ils prot\u00e8gent vos r\u00e9coltes contre les nuisibles, Plus de perte de c\u00e9r\u00e9ales,Trait\u00e9 anti UV, etc...\",\"breadcrumb\":{\"@id\":\"https:\/\/www.hamel-france.com\/boutique\/produit\/filet-anti-oiseaux-8-x-8-m\/#breadcrumb\"},\"inLanguage\":\"fr-FR\",\"potentialAction\":[{\"@type\":\"ReadAction\",\"target\":[\"https:\/\/www.hamel-france.com\/boutique\/produit\/filet-anti-oiseaux-8-x-8-m\/\"]}]},{\"@type\":\"BreadcrumbList\",\"@id\":\"https:\/\/www.hamel-france.com\/boutique\/produit\/filet-anti-oiseaux-8-x-8-m\/#breadcrumb\",\"itemListElement\":[{\"@type\":\"ListItem\",\"position\":1,\"name\":\"Accueil\",\"item\":\"https:\/\/www.hamel-france.com\/boutique\/\"},{\"@type\":\"ListItem\",\"position\":2,\"name\":\"Boutique\",\"item\":\"https:\/\/www.hamel-france.com\/boutique\/boutique\/\"},{\"@type\":\"ListItem\",\"position\":3,\"name\":\"Filet de protection pour stockage en silos ou en vrac, tissage sp\u00e9cial pour passage air de ventilation 8X8m\"}]},{\"@type\":\"WebSite\",\"@id\":\"https:\/\/www.hamel-france.com\/boutique\/#website\",\"url\":\"https:\/\/www.hamel-france.com\/boutique\/\",\"name\":\"Boutique Hamel\",\"description\":\"Vente en ligne d&#039;\u00e9quipements&lt;br \/&gt; pour le stockage du grain et le mat\u00e9riel d&#039;\u00e9levage\",\"publisher\":{\"@id\":\"https:\/\/www.hamel-france.com\/boutique\/#organization\"},\"potentialAction\":[{\"@type\":\"SearchAction\",\"target\":{\"@type\":\"EntryPoint\",\"urlTemplate\":\"https:\/\/www.hamel-france.com\/boutique\/?s={search_term_string}\"},\"query-input\":\"required name=search_term_string\"}],\"inLanguage\":\"fr-FR\"},{\"@type\":\"Organization\",\"@id\":\"https:\/\/www.hamel-france.com\/boutique\/#organization\",\"name\":\"Boutique Hamel\",\"url\":\"https:\/\/www.hamel-france.com\/boutique\/\",\"logo\":{\"@type\":\"ImageObject\",\"inLanguage\":\"fr-FR\",\"@id\":\"https:\/\/www.hamel-france.com\/boutique\/#\/schema\/logo\/image\/\",\"url\":\"https:\/\/www.hamel-france.com\/boutique\/wp-content\/uploads\/sites\/2\/2018\/01\/logo-hamel.png\",\"contentUrl\":\"https:\/\/www.hamel-france.com\/boutique\/wp-content\/uploads\/sites\/2\/2018\/01\/logo-hamel.png\",\"width\":470,\"height\":110,\"caption\":\"Boutique Hamel\"},\"image\":{\"@id\":\"https:\/\/www.hamel-france.com\/boutique\/#\/schema\/logo\/image\/\"}}]}<\/script>\n<!-- \/ Yoast SEO plugin. -->","yoast_head_json":{"title":"Filet anti-oiseaux agricole 8X8m | Equipements C\u00e9r\u00e9aliers","description":"Filet anti-oiseaux 8X8m, ils prot\u00e8gent vos r\u00e9coltes contre les nuisibles, Plus de perte de c\u00e9r\u00e9ales,Trait\u00e9 anti UV, etc...","robots":{"index":"index","follow":"follow","max-snippet":"max-snippet:-1","max-image-preview":"max-image-preview:large","max-video-preview":"max-video-preview:-1"},"canonical":"https:\/\/www.hamel-france.com\/boutique\/produit\/filet-anti-oiseaux-8-x-8-m\/","og_locale":"fr_FR","og_type":"article","og_title":"Filet anti-oiseaux agricole 8X8m | Equipements C\u00e9r\u00e9aliers","og_description":"Filet anti-oiseaux 8X8m, ils prot\u00e8gent vos r\u00e9coltes contre les nuisibles, Plus de perte de c\u00e9r\u00e9ales,Trait\u00e9 anti UV, etc...","og_url":"https:\/\/www.hamel-france.com\/boutique\/produit\/filet-anti-oiseaux-8-x-8-m\/","og_site_name":"Boutique Hamel","article_modified_time":"2025-10-14T12:16:24+00:00","og_image":[{"width":700,"height":700,"url":"https:\/\/www.hamel-france.com\/boutique\/wp-content\/uploads\/sites\/2\/2018\/02\/FILET-PROTECTION-CELLULE-GRAINS-ANTI-OISEAUX-HAMEL-1-2.jpg","type":"image\/jpeg"}],"twitter_card":"summary_large_image","twitter_misc":{"Dur\u00e9e de lecture estim\u00e9e":"1 minute"},"schema":{"@context":"https:\/\/schema.org","@graph":[{"@type":"WebPage","@id":"https:\/\/www.hamel-france.com\/boutique\/produit\/filet-anti-oiseaux-8-x-8-m\/","url":"https:\/\/www.hamel-france.com\/boutique\/produit\/filet-anti-oiseaux-8-x-8-m\/","name":"Filet anti-oiseaux agricole 8X8m | Equipements C\u00e9r\u00e9aliers","isPartOf":{"@id":"https:\/\/www.hamel-france.com\/boutique\/#website"},"datePublished":"2018-07-20T06:47:26+00:00","dateModified":"2025-10-14T12:16:24+00:00","description":"Filet anti-oiseaux 8X8m, ils prot\u00e8gent vos r\u00e9coltes contre les nuisibles, Plus de perte de c\u00e9r\u00e9ales,Trait\u00e9 anti UV, etc...","breadcrumb":{"@id":"https:\/\/www.hamel-france.com\/boutique\/produit\/filet-anti-oiseaux-8-x-8-m\/#breadcrumb"},"inLanguage":"fr-FR","potentialAction":[{"@type":"ReadAction","target":["https:\/\/www.hamel-france.com\/boutique\/produit\/filet-anti-oiseaux-8-x-8-m\/"]}]},{"@type":"BreadcrumbList","@id":"https:\/\/www.hamel-france.com\/boutique\/produit\/filet-anti-oiseaux-8-x-8-m\/#breadcrumb","itemListElement":[{"@type":"ListItem","position":1,"name":"Accueil","item":"https:\/\/www.hamel-france.com\/boutique\/"},{"@type":"ListItem","position":2,"name":"Boutique","item":"https:\/\/www.hamel-france.com\/boutique\/boutique\/"},{"@type":"ListItem","position":3,"name":"Filet de protection pour stockage en silos ou en vrac, tissage sp\u00e9cial pour passage air de ventilation 8X8m"}]},{"@type":"WebSite","@id":"https:\/\/www.hamel-france.com\/boutique\/#website","url":"https:\/\/www.hamel-france.com\/boutique\/","name":"Boutique Hamel","description":"Vente en ligne d&#039;\u00e9quipements&lt;br \/&gt; pour le stockage du grain et le mat\u00e9riel d&#039;\u00e9levage","publisher":{"@id":"https:\/\/www.hamel-france.com\/boutique\/#organization"},"potentialAction":[{"@type":"SearchAction","target":{"@type":"EntryPoint","urlTemplate":"https:\/\/www.hamel-france.com\/boutique\/?s={search_term_string}"},"query-input":"required name=search_term_string"}],"inLanguage":"fr-FR"},{"@type":"Organization","@id":"https:\/\/www.hamel-france.com\/boutique\/#organization","name":"Boutique Hamel","url":"https:\/\/www.hamel-france.com\/boutique\/","logo":{"@type":"ImageObject","inLanguage":"fr-FR","@id":"https:\/\/www.hamel-france.com\/boutique\/#\/schema\/logo\/image\/","url":"https:\/\/www.hamel-france.com\/boutique\/wp-content\/uploads\/sites\/2\/2018\/01\/logo-hamel.png","contentUrl":"https:\/\/www.hamel-france.com\/boutique\/wp-content\/uploads\/sites\/2\/2018\/01\/logo-hamel.png","width":470,"height":110,"caption":"Boutique Hamel"},"image":{"@id":"https:\/\/www.hamel-france.com\/boutique\/#\/schema\/logo\/image\/"}}]}},"_links":{"self":[{"href":"https:\/\/www.hamel-france.com\/boutique\/wp-json\/wp\/v2\/product\/620"}],"collection":[{"href":"https:\/\/www.hamel-france.com\/boutique\/wp-json\/wp\/v2\/product"}],"about":[{"href":"https:\/\/www.hamel-france.com\/boutique\/wp-json\/wp\/v2\/types\/product"}],"wp:featuredmedia":[{"embeddable":true,"href":"https:\/\/www.hamel-france.com\/boutique\/wp-json\/wp\/v2\/media\/1322"}],"wp:attachment":[{"href":"https:\/\/www.hamel-france.com\/boutique\/wp-json\/wp\/v2\/media?parent=620"}],"wp:term":[{"taxonomy":"product_cat","embeddable":true,"href":"https:\/\/www.hamel-france.com\/boutique\/wp-json\/wp\/v2\/product_cat?post=620"},{"taxonomy":"product_tag","embeddable":true,"href":"https:\/\/www.hamel-france.com\/boutique\/wp-json\/wp\/v2\/product_tag?post=620"}],"curies":[{"name":"wp","href":"https:\/\/api.w.org\/{rel}","templated":true}]}}