{"id":403,"date":"2018-01-29T11:44:47","date_gmt":"2018-01-29T10:44:47","guid":{"rendered":"http:\/\/www.hamel-france.com\/boutique\/?post_type=product&#038;p=403"},"modified":"2025-09-26T08:58:53","modified_gmt":"2025-09-26T06:58:53","slug":"couveuse-a-oeufs-c162-digitale","status":"publish","type":"product","link":"https:\/\/www.hamel-france.com\/boutique\/produit\/couveuse-a-oeufs-c162-digitale\/","title":{"rendered":"Couveuse semi-automatique C162 digitale HAMEL\u00ae \/ Capacit\u00e9 : 120 oeufs de poules"},"content":{"rendered":"<h2>Couveuse \u00e0 oeufs C162 Digitale multi-esp\u00e8ces Novital Covatutto \u00e0 retournement semi-automatique des \u0153ufs.<\/h2>\n<p>La couveuse \u00e0 oeufs C162 digitale est id\u00e9ale pour l\u2019incubation des \u0153ufs de poules, pintades, canes, perdrix, oies, cailles, faisans, dindes, oiseaux exotique, reptiles, rapaces, reines d\u2019abeilles, etc\u2026&#8230;<\/p>\n<h3>Lecture de la temp\u00e9rature directement sur son \u00e9cran.<\/h3>\n<p>Une simple pression de 3 secondes sur le bouton donne acc\u00e8s aux <strong>param\u00e8tres de la couveuse<\/strong> :<\/p>\n<ul>\n<li>R\u00e9glage de la temp\u00e9rature<\/li>\n<li>R\u00e9glage du nombre de jours d\u2019incubation<\/li>\n<li>Active ou d\u00e9sactive l\u2019indicateur de retournement des \u0153ufs<\/li>\n<li>Active ou d\u00e9sactive l\u2019indicateur de rappel du niveau d\u2019eau<\/li>\n<\/ul>\n<p>&nbsp;<\/p>\n<p>Le chauffage s\u2019effectue \u00e0 l\u2019aide de <strong>deux r\u00e9sistances gain\u00e9es<\/strong>.<\/p>\n<p><strong>Deux ventilateurs de brassage<\/strong> r\u00e9partissent uniform\u00e9ment la temp\u00e9rature dans toute la couveuse = <strong>r\u00e9ussite d\u2019\u00e9closion accrue<\/strong>.<\/p>\n<p><strong>Une grille prot\u00e8ge chaque ventilateur<\/strong> contre le duvet des poussins et les mains des utilisateurs contre les mauvaises manipulations.<\/p>\n<p>La <strong>r\u00e9gulation est automatique<\/strong> gr\u00e2ce au thermostat, un voyant lumineux vous indique les p\u00e9riodes de chauffage et de \u00ab\u00a0refroidissement\u00a0\u00bb.<\/p>\n<p>Le<strong> hublot transparent<\/strong> rend cette couveuse ludique car vous pouvez suivre l\u2019incubation et vivre l\u2019\u00e9closion en direct. (vous pr\u00e9servez ainsi la tranquilit\u00e9 des poussins)<\/p>\n<p>Les \u0153ufs sont plac\u00e9s dans <strong>3 plateaux amovibles distincts.<\/strong><\/p>\n<p>Le retournement des \u0153ufs s\u2019effectue depuis l\u2019ext\u00e9rieur par une traction sur la molette bleue. Vous retournez ainsi tous les \u0153ufs du m\u00eame coup, <strong>plus besoin d\u2019ouvrir le couvercle<\/strong> et ainsi faire chuter la temp\u00e9rature.<\/p>\n<p>Capacit\u00e9s approximatives en \u0153ufs (donn\u00e9es du fabricant) :<\/p>\n<ul>\n<li>oie : 60, dinde : 96, cane : 96, poule : 120, \u00a0pintade : 150, faisane : 180, caille : 360.<\/li>\n<\/ul>\n<h4>La couveuse \u00e0 oeufs C162 Digitale est \u00e9volutive :<\/h4>\n<p>Vous pouvez transformer\u00a0 cette couveuse semi-automatique en automatique \u00e0 n\u2019importe quel moment, il vous suffit pour cela d\u2019y ajouter trois<a href=\"http:\/\/www.hamel-france.com\/boutique\/produit\/kit-de-retournement-couveuse-1796a\/\" target=\"_blank\" rel=\"noopener noreferrer\"><strong> kits de retournement automatique<\/strong><\/a> qui se chargeront du retournement des \u0153ufs \u00e0 votre place (<a href=\"http:\/\/www.hamel-france.com\/boutique\/produit\/kit-de-retournement-couveuse-1796a\/\" target=\"_blank\" rel=\"noopener noreferrer\"><strong>code 1796A<\/strong><\/a>), en option.<\/p>\n<p>Vous recevrez une notice d\u00e9taill\u00e9e ainsi que les explications n\u00e9cessaires pour r\u00e9ussir les incubations.<\/p>\n<p>Pour incuber des \u0153ufs de cailles commander 15 <a href=\"http:\/\/www.hamel-france.com\/boutique\/produit\/reglettes-de-separation-couveuse\/\" target=\"_blank\" rel=\"noopener noreferrer\"><strong>r\u00e9glettes de s\u00e9paration<\/strong><\/a> suppl\u00e9mentaires, pour les faisans\u00a09 r\u00e9glettes suppl\u00e9mentaires (<a href=\"http:\/\/www.hamel-france.com\/boutique\/produit\/reglettes-de-separation-couveuse\/\" target=\"_blank\" rel=\"noopener noreferrer\"><strong>code\u00a0: 62P<\/strong><\/a>), en option.<\/p>\n<p>Ecotaxe : 1.67 \u20ac inclus<\/p>\n","protected":false},"excerpt":{"rendered":"<p>Couveuse multi-esp\u00e8ces c-162 Novital Covattuto<\/p>\n","protected":false},"featured_media":565,"template":"","meta":{"_mi_skip_tracking":false,"_exactmetrics_sitenote_active":false,"_exactmetrics_sitenote_note":"","_exactmetrics_sitenote_category":0},"product_cat":[21,46],"product_tag":[],"acf":[],"yoast_head":"<!-- This site is optimized with the Yoast SEO plugin v21.7 - https:\/\/yoast.com\/wordpress\/plugins\/seo\/ -->\n<title>Couveuse \u00e0 oeufs C162 digitale HAMEL\u00ae | Vente en ligne de couveuses<\/title>\n<meta name=\"description\" content=\"Couveuse \u00e0 oeufs C162 Digitale multi-esp\u00e8ces Novital Covatutto \u00e0 retournement semi-automatique des \u0153ufs. Id\u00e9ale pour l\u2019incubation des \u0153ufs de poules,...\" \/>\n<meta name=\"robots\" content=\"index, follow, max-snippet:-1, max-image-preview:large, max-video-preview:-1\" \/>\n<link rel=\"canonical\" href=\"https:\/\/www.hamel-france.com\/boutique\/produit\/couveuse-a-oeufs-c162-digitale\/\" \/>\n<meta property=\"og:locale\" content=\"fr_FR\" \/>\n<meta property=\"og:type\" content=\"article\" \/>\n<meta property=\"og:title\" content=\"Couveuse \u00e0 oeufs C162 digitale HAMEL\u00ae | Vente en ligne de couveuses\" \/>\n<meta property=\"og:description\" content=\"Couveuse \u00e0 oeufs C162 Digitale multi-esp\u00e8ces Novital Covatutto \u00e0 retournement semi-automatique des \u0153ufs. Id\u00e9ale pour l\u2019incubation des \u0153ufs de poules,...\" \/>\n<meta property=\"og:url\" content=\"https:\/\/www.hamel-france.com\/boutique\/produit\/couveuse-a-oeufs-c162-digitale\/\" \/>\n<meta property=\"og:site_name\" content=\"Boutique Hamel\" \/>\n<meta property=\"article:modified_time\" content=\"2025-09-26T06:58:53+00:00\" \/>\n<meta property=\"og:image\" content=\"https:\/\/www.hamel-france.com\/boutique\/wp-content\/uploads\/sites\/2\/2018\/01\/COUVEUSE-C162-DIGITALE-hamel-incubation-reine-d-abeille-700-700.jpg\" \/>\n\t<meta property=\"og:image:width\" content=\"700\" \/>\n\t<meta property=\"og:image:height\" content=\"700\" \/>\n\t<meta property=\"og:image:type\" content=\"image\/jpeg\" \/>\n<meta name=\"twitter:card\" content=\"summary_large_image\" \/>\n<meta name=\"twitter:label1\" content=\"Dur\u00e9e de lecture estim\u00e9e\" \/>\n\t<meta name=\"twitter:data1\" content=\"2 minutes\" \/>\n<script type=\"application\/ld+json\" class=\"yoast-schema-graph\">{\"@context\":\"https:\/\/schema.org\",\"@graph\":[{\"@type\":\"WebPage\",\"@id\":\"https:\/\/www.hamel-france.com\/boutique\/produit\/couveuse-a-oeufs-c162-digitale\/\",\"url\":\"https:\/\/www.hamel-france.com\/boutique\/produit\/couveuse-a-oeufs-c162-digitale\/\",\"name\":\"Couveuse \u00e0 oeufs C162 digitale HAMEL\u00ae | Vente en ligne de couveuses\",\"isPartOf\":{\"@id\":\"https:\/\/www.hamel-france.com\/boutique\/#website\"},\"datePublished\":\"2018-01-29T10:44:47+00:00\",\"dateModified\":\"2025-09-26T06:58:53+00:00\",\"description\":\"Couveuse \u00e0 oeufs C162 Digitale multi-esp\u00e8ces Novital Covatutto \u00e0 retournement semi-automatique des \u0153ufs. Id\u00e9ale pour l\u2019incubation des \u0153ufs de poules,...\",\"breadcrumb\":{\"@id\":\"https:\/\/www.hamel-france.com\/boutique\/produit\/couveuse-a-oeufs-c162-digitale\/#breadcrumb\"},\"inLanguage\":\"fr-FR\",\"potentialAction\":[{\"@type\":\"ReadAction\",\"target\":[\"https:\/\/www.hamel-france.com\/boutique\/produit\/couveuse-a-oeufs-c162-digitale\/\"]}]},{\"@type\":\"BreadcrumbList\",\"@id\":\"https:\/\/www.hamel-france.com\/boutique\/produit\/couveuse-a-oeufs-c162-digitale\/#breadcrumb\",\"itemListElement\":[{\"@type\":\"ListItem\",\"position\":1,\"name\":\"Accueil\",\"item\":\"https:\/\/www.hamel-france.com\/boutique\/\"},{\"@type\":\"ListItem\",\"position\":2,\"name\":\"Boutique\",\"item\":\"https:\/\/www.hamel-france.com\/boutique\/boutique\/\"},{\"@type\":\"ListItem\",\"position\":3,\"name\":\"Couveuse semi-automatique C162 digitale HAMEL\u00ae \/ Capacit\u00e9 : 120 oeufs de poules\"}]},{\"@type\":\"WebSite\",\"@id\":\"https:\/\/www.hamel-france.com\/boutique\/#website\",\"url\":\"https:\/\/www.hamel-france.com\/boutique\/\",\"name\":\"Boutique Hamel\",\"description\":\"Vente en ligne d&#039;\u00e9quipements&lt;br \/&gt; pour le stockage du grain et le mat\u00e9riel d&#039;\u00e9levage\",\"publisher\":{\"@id\":\"https:\/\/www.hamel-france.com\/boutique\/#organization\"},\"potentialAction\":[{\"@type\":\"SearchAction\",\"target\":{\"@type\":\"EntryPoint\",\"urlTemplate\":\"https:\/\/www.hamel-france.com\/boutique\/?s={search_term_string}\"},\"query-input\":\"required name=search_term_string\"}],\"inLanguage\":\"fr-FR\"},{\"@type\":\"Organization\",\"@id\":\"https:\/\/www.hamel-france.com\/boutique\/#organization\",\"name\":\"Boutique Hamel\",\"url\":\"https:\/\/www.hamel-france.com\/boutique\/\",\"logo\":{\"@type\":\"ImageObject\",\"inLanguage\":\"fr-FR\",\"@id\":\"https:\/\/www.hamel-france.com\/boutique\/#\/schema\/logo\/image\/\",\"url\":\"https:\/\/www.hamel-france.com\/boutique\/wp-content\/uploads\/sites\/2\/2018\/01\/logo-hamel.png\",\"contentUrl\":\"https:\/\/www.hamel-france.com\/boutique\/wp-content\/uploads\/sites\/2\/2018\/01\/logo-hamel.png\",\"width\":470,\"height\":110,\"caption\":\"Boutique Hamel\"},\"image\":{\"@id\":\"https:\/\/www.hamel-france.com\/boutique\/#\/schema\/logo\/image\/\"}}]}<\/script>\n<!-- \/ Yoast SEO plugin. -->","yoast_head_json":{"title":"Couveuse \u00e0 oeufs C162 digitale HAMEL\u00ae | Vente en ligne de couveuses","description":"Couveuse \u00e0 oeufs C162 Digitale multi-esp\u00e8ces Novital Covatutto \u00e0 retournement semi-automatique des \u0153ufs. Id\u00e9ale pour l\u2019incubation des \u0153ufs de poules,...","robots":{"index":"index","follow":"follow","max-snippet":"max-snippet:-1","max-image-preview":"max-image-preview:large","max-video-preview":"max-video-preview:-1"},"canonical":"https:\/\/www.hamel-france.com\/boutique\/produit\/couveuse-a-oeufs-c162-digitale\/","og_locale":"fr_FR","og_type":"article","og_title":"Couveuse \u00e0 oeufs C162 digitale HAMEL\u00ae | Vente en ligne de couveuses","og_description":"Couveuse \u00e0 oeufs C162 Digitale multi-esp\u00e8ces Novital Covatutto \u00e0 retournement semi-automatique des \u0153ufs. Id\u00e9ale pour l\u2019incubation des \u0153ufs de poules,...","og_url":"https:\/\/www.hamel-france.com\/boutique\/produit\/couveuse-a-oeufs-c162-digitale\/","og_site_name":"Boutique Hamel","article_modified_time":"2025-09-26T06:58:53+00:00","og_image":[{"width":700,"height":700,"url":"https:\/\/www.hamel-france.com\/boutique\/wp-content\/uploads\/sites\/2\/2018\/01\/COUVEUSE-C162-DIGITALE-hamel-incubation-reine-d-abeille-700-700.jpg","type":"image\/jpeg"}],"twitter_card":"summary_large_image","twitter_misc":{"Dur\u00e9e de lecture estim\u00e9e":"2 minutes"},"schema":{"@context":"https:\/\/schema.org","@graph":[{"@type":"WebPage","@id":"https:\/\/www.hamel-france.com\/boutique\/produit\/couveuse-a-oeufs-c162-digitale\/","url":"https:\/\/www.hamel-france.com\/boutique\/produit\/couveuse-a-oeufs-c162-digitale\/","name":"Couveuse \u00e0 oeufs C162 digitale HAMEL\u00ae | Vente en ligne de couveuses","isPartOf":{"@id":"https:\/\/www.hamel-france.com\/boutique\/#website"},"datePublished":"2018-01-29T10:44:47+00:00","dateModified":"2025-09-26T06:58:53+00:00","description":"Couveuse \u00e0 oeufs C162 Digitale multi-esp\u00e8ces Novital Covatutto \u00e0 retournement semi-automatique des \u0153ufs. Id\u00e9ale pour l\u2019incubation des \u0153ufs de poules,...","breadcrumb":{"@id":"https:\/\/www.hamel-france.com\/boutique\/produit\/couveuse-a-oeufs-c162-digitale\/#breadcrumb"},"inLanguage":"fr-FR","potentialAction":[{"@type":"ReadAction","target":["https:\/\/www.hamel-france.com\/boutique\/produit\/couveuse-a-oeufs-c162-digitale\/"]}]},{"@type":"BreadcrumbList","@id":"https:\/\/www.hamel-france.com\/boutique\/produit\/couveuse-a-oeufs-c162-digitale\/#breadcrumb","itemListElement":[{"@type":"ListItem","position":1,"name":"Accueil","item":"https:\/\/www.hamel-france.com\/boutique\/"},{"@type":"ListItem","position":2,"name":"Boutique","item":"https:\/\/www.hamel-france.com\/boutique\/boutique\/"},{"@type":"ListItem","position":3,"name":"Couveuse semi-automatique C162 digitale HAMEL\u00ae \/ Capacit\u00e9 : 120 oeufs de poules"}]},{"@type":"WebSite","@id":"https:\/\/www.hamel-france.com\/boutique\/#website","url":"https:\/\/www.hamel-france.com\/boutique\/","name":"Boutique Hamel","description":"Vente en ligne d&#039;\u00e9quipements&lt;br \/&gt; pour le stockage du grain et le mat\u00e9riel d&#039;\u00e9levage","publisher":{"@id":"https:\/\/www.hamel-france.com\/boutique\/#organization"},"potentialAction":[{"@type":"SearchAction","target":{"@type":"EntryPoint","urlTemplate":"https:\/\/www.hamel-france.com\/boutique\/?s={search_term_string}"},"query-input":"required name=search_term_string"}],"inLanguage":"fr-FR"},{"@type":"Organization","@id":"https:\/\/www.hamel-france.com\/boutique\/#organization","name":"Boutique Hamel","url":"https:\/\/www.hamel-france.com\/boutique\/","logo":{"@type":"ImageObject","inLanguage":"fr-FR","@id":"https:\/\/www.hamel-france.com\/boutique\/#\/schema\/logo\/image\/","url":"https:\/\/www.hamel-france.com\/boutique\/wp-content\/uploads\/sites\/2\/2018\/01\/logo-hamel.png","contentUrl":"https:\/\/www.hamel-france.com\/boutique\/wp-content\/uploads\/sites\/2\/2018\/01\/logo-hamel.png","width":470,"height":110,"caption":"Boutique Hamel"},"image":{"@id":"https:\/\/www.hamel-france.com\/boutique\/#\/schema\/logo\/image\/"}}]}},"_links":{"self":[{"href":"https:\/\/www.hamel-france.com\/boutique\/wp-json\/wp\/v2\/product\/403"}],"collection":[{"href":"https:\/\/www.hamel-france.com\/boutique\/wp-json\/wp\/v2\/product"}],"about":[{"href":"https:\/\/www.hamel-france.com\/boutique\/wp-json\/wp\/v2\/types\/product"}],"wp:featuredmedia":[{"embeddable":true,"href":"https:\/\/www.hamel-france.com\/boutique\/wp-json\/wp\/v2\/media\/565"}],"wp:attachment":[{"href":"https:\/\/www.hamel-france.com\/boutique\/wp-json\/wp\/v2\/media?parent=403"}],"wp:term":[{"taxonomy":"product_cat","embeddable":true,"href":"https:\/\/www.hamel-france.com\/boutique\/wp-json\/wp\/v2\/product_cat?post=403"},{"taxonomy":"product_tag","embeddable":true,"href":"https:\/\/www.hamel-france.com\/boutique\/wp-json\/wp\/v2\/product_tag?post=403"}],"curies":[{"name":"wp","href":"https:\/\/api.w.org\/{rel}","templated":true}]}}