{"id":36501,"date":"2025-11-12T14:33:16","date_gmt":"2025-11-12T13:33:16","guid":{"rendered":"https:\/\/www.hamel-france.com\/boutique\/?post_type=product&#038;p=36501"},"modified":"2025-11-24T11:15:49","modified_gmt":"2025-11-24T10:15:49","slug":"cellule-a-grain-interieure-o3-57m","status":"publish","type":"product","link":"https:\/\/www.hamel-france.com\/boutique\/produit\/cellule-a-grain-interieure-o3-57m\/","title":{"rendered":"Cellule \u00e0 grain int\u00e9rieure \u00d83.57m (19 \u00e0 70 tonnes)"},"content":{"rendered":"<p>Cellule stockage int\u00e9rieure \u00d83.57m sans to\u00eet livr\u00e9e avec porte de visite et tube de reprise<\/p>\n<p>Comprenant :<\/p>\n<ul>\n<li>T\u00f4les<\/li>\n<li>Montants<\/li>\n<li>Tube de reprise pour vis \u00e0 grain \u00d8250mm<\/li>\n<li>Trappe de visite<\/li>\n<li>Boulonnerie<\/li>\n<li>Notice<\/li>\n<\/ul>\n<p>En option :<\/p>\n<ul>\n<li>Ventilation par ventic\u00f4ne<\/li>\n<li>Ventilation par ventigaines<\/li>\n<li>Ventilation par ventilames<\/li>\n<li>Entr\u00e9e d\u2019air pour ventilateur<\/li>\n<li>Sonde temp\u00e9rature<\/li>\n<\/ul>\n<p>Mat\u00e9riel professionnel n\u00e9cessitant un <b>montage par des sp\u00e9cialistes qualifi\u00e9s<\/b>.<\/p>\n<p>Mat\u00e9riel livr\u00e9 en kit, non assembl\u00e9, non mont\u00e9 livr\u00e9 avec notice.<\/p>\n<p>Livraison en france continentale uniquement. Silo vendu seul sans \u00e9quipements\/mat\u00e9riels visible sur les photos.<\/p>\n<p>Besoin de plus de capacit\u00e9 ? voir le mod\u00e8le sup\u00e9rieur :<a href=\"https:\/\/www.hamel-france.com\/boutique\/produit\/cellule-a-grain-interieure-diametre-3-87m\/\"> <em>Cellule \u00e0 grain int\u00e9rieure \u00d83.87m (23 \u00e0 83 tonnes).<\/em><\/a><\/p>\n<p><em>Photos et sch\u00e9mas non contractuels<\/em><\/p>\n","protected":false},"excerpt":{"rendered":"<p><strong>S<span class=\"ng-star-inserted\">ilo \u00e0 grain int\u00e9rieur<\/span><\/strong><span class=\"ng-star-inserted\">\u00a0de\u00a0<strong class=\"ng-star-inserted\">19 tonnes<\/strong> (19.9t) jusqu\u2019\u00e0 <strong class=\"ng-star-inserted\">70 tonnes <\/strong>(70.9t) selon la hauteur. Ce mod\u00e8le en t\u00f4le galvanis\u00e9e de diam\u00e8tre 3.57m est con\u00e7u pour le stockage sous b\u00e2timent. Id\u00e9al pour le bl\u00e9, l\u2019orge ou le ma\u00efs. De conception ouverte (sans toit), il est livr\u00e9 avec porte de visite et tube de reprise.<\/span><\/p>\n<h2><span class=\"ng-star-inserted\">D\u00e9tail des capacit\u00e9s et hauteurs :<\/span><\/h2>\n<p>Capacit\u00e9 : 19.9t | Hauteur totale : 2.36m | \u00d83.57m<br \/>\nCapacit\u00e9 : 36.9t | Hauteur totale : 4.65m | \u00d83.57m<br \/>\nCapacit\u00e9 : 53.9t | Hauteur totale : 6.93m | \u00d83.57m<br \/>\nCapacit\u00e9 : 62.4t | Hauteur totale : 8.08m | \u00d83.57m<br \/>\nCapacit\u00e9 : 70.9t | Hauteur totale : 9.22m | \u00d83.57m<br \/>\n<em>donn\u00e9es pour un PS 0.75 ( bl\u00e9 sec)<\/em><\/p>\n<p>Capacit\u00e9s et hauteurs interm\u00e9diaires sur demande :<strong> <a href=\"https:\/\/www.hamel-france.com\/boutique\/contact\/\">ici\u00a0<\/a><\/strong><\/p>\n","protected":false},"featured_media":36468,"template":"","meta":{"_mi_skip_tracking":false,"_exactmetrics_sitenote_active":false,"_exactmetrics_sitenote_note":"","_exactmetrics_sitenote_category":0},"product_cat":[76,68],"product_tag":[],"acf":[],"yoast_head":"<!-- This site is optimized with the Yoast SEO plugin v21.7 - https:\/\/yoast.com\/wordpress\/plugins\/seo\/ -->\n<title>Cellule de stockage c\u00e9r\u00e9ales galva \u00d83,57m (19 \u00e0 70 tonnes)<\/title>\n<meta name=\"description\" content=\"\ud83c\udf3e Cellule stockage c\u00e9r\u00e9ales \u00d83.57m (19,9t \u00e0 70,9t) : Stockage c\u00e9r\u00e9ales galvanis\u00e9 usage int\u00e9rieur sous b\u00e2timent. Prix Pro \u00e0 partir de 896\u20ac HT.\" \/>\n<meta name=\"robots\" content=\"index, follow, max-snippet:-1, max-image-preview:large, max-video-preview:-1\" \/>\n<link rel=\"canonical\" href=\"https:\/\/www.hamel-france.com\/boutique\/produit\/cellule-a-grain-interieure-o3-57m\/\" \/>\n<meta property=\"og:locale\" content=\"fr_FR\" \/>\n<meta property=\"og:type\" content=\"article\" \/>\n<meta property=\"og:title\" content=\"Cellule de stockage c\u00e9r\u00e9ales galva \u00d83,57m (19 \u00e0 70 tonnes)\" \/>\n<meta property=\"og:description\" content=\"\ud83c\udf3e Cellule stockage c\u00e9r\u00e9ales \u00d83.57m (19,9t \u00e0 70,9t) : Stockage c\u00e9r\u00e9ales galvanis\u00e9 usage int\u00e9rieur sous b\u00e2timent. Prix Pro \u00e0 partir de 896\u20ac HT.\" \/>\n<meta property=\"og:url\" content=\"https:\/\/www.hamel-france.com\/boutique\/produit\/cellule-a-grain-interieure-o3-57m\/\" \/>\n<meta property=\"og:site_name\" content=\"Boutique Hamel\" \/>\n<meta property=\"article:modified_time\" content=\"2025-11-24T10:15:49+00:00\" \/>\n<meta property=\"og:image\" content=\"https:\/\/www.hamel-france.com\/boutique\/wp-content\/uploads\/sites\/2\/2025\/11\/cellule-et-silo-a-grain-et-cereales-interieure.jpg\" \/>\n\t<meta property=\"og:image:width\" content=\"969\" \/>\n\t<meta property=\"og:image:height\" content=\"969\" \/>\n\t<meta property=\"og:image:type\" content=\"image\/jpeg\" \/>\n<meta name=\"twitter:card\" content=\"summary_large_image\" \/>\n<meta name=\"twitter:label1\" content=\"Dur\u00e9e de lecture estim\u00e9e\" \/>\n\t<meta name=\"twitter:data1\" content=\"1 minute\" \/>\n<script type=\"application\/ld+json\" class=\"yoast-schema-graph\">{\"@context\":\"https:\/\/schema.org\",\"@graph\":[{\"@type\":\"WebPage\",\"@id\":\"https:\/\/www.hamel-france.com\/boutique\/produit\/cellule-a-grain-interieure-o3-57m\/\",\"url\":\"https:\/\/www.hamel-france.com\/boutique\/produit\/cellule-a-grain-interieure-o3-57m\/\",\"name\":\"Cellule de stockage c\u00e9r\u00e9ales galva \u00d83,57m (19 \u00e0 70 tonnes)\",\"isPartOf\":{\"@id\":\"https:\/\/www.hamel-france.com\/boutique\/#website\"},\"datePublished\":\"2025-11-12T13:33:16+00:00\",\"dateModified\":\"2025-11-24T10:15:49+00:00\",\"description\":\"\ud83c\udf3e Cellule stockage c\u00e9r\u00e9ales \u00d83.57m (19,9t \u00e0 70,9t) : Stockage c\u00e9r\u00e9ales galvanis\u00e9 usage int\u00e9rieur sous b\u00e2timent. Prix Pro \u00e0 partir de 896\u20ac HT.\",\"breadcrumb\":{\"@id\":\"https:\/\/www.hamel-france.com\/boutique\/produit\/cellule-a-grain-interieure-o3-57m\/#breadcrumb\"},\"inLanguage\":\"fr-FR\",\"potentialAction\":[{\"@type\":\"ReadAction\",\"target\":[\"https:\/\/www.hamel-france.com\/boutique\/produit\/cellule-a-grain-interieure-o3-57m\/\"]}]},{\"@type\":\"BreadcrumbList\",\"@id\":\"https:\/\/www.hamel-france.com\/boutique\/produit\/cellule-a-grain-interieure-o3-57m\/#breadcrumb\",\"itemListElement\":[{\"@type\":\"ListItem\",\"position\":1,\"name\":\"Accueil\",\"item\":\"https:\/\/www.hamel-france.com\/boutique\/\"},{\"@type\":\"ListItem\",\"position\":2,\"name\":\"Boutique\",\"item\":\"https:\/\/www.hamel-france.com\/boutique\/boutique\/\"},{\"@type\":\"ListItem\",\"position\":3,\"name\":\"Cellule \u00e0 grain int\u00e9rieure \u00d83.57m (19 \u00e0 70 tonnes)\"}]},{\"@type\":\"WebSite\",\"@id\":\"https:\/\/www.hamel-france.com\/boutique\/#website\",\"url\":\"https:\/\/www.hamel-france.com\/boutique\/\",\"name\":\"Boutique Hamel\",\"description\":\"Vente en ligne d&#039;\u00e9quipements&lt;br \/&gt; pour le stockage du grain et le mat\u00e9riel d&#039;\u00e9levage\",\"publisher\":{\"@id\":\"https:\/\/www.hamel-france.com\/boutique\/#organization\"},\"potentialAction\":[{\"@type\":\"SearchAction\",\"target\":{\"@type\":\"EntryPoint\",\"urlTemplate\":\"https:\/\/www.hamel-france.com\/boutique\/?s={search_term_string}\"},\"query-input\":\"required name=search_term_string\"}],\"inLanguage\":\"fr-FR\"},{\"@type\":\"Organization\",\"@id\":\"https:\/\/www.hamel-france.com\/boutique\/#organization\",\"name\":\"Boutique Hamel\",\"url\":\"https:\/\/www.hamel-france.com\/boutique\/\",\"logo\":{\"@type\":\"ImageObject\",\"inLanguage\":\"fr-FR\",\"@id\":\"https:\/\/www.hamel-france.com\/boutique\/#\/schema\/logo\/image\/\",\"url\":\"https:\/\/www.hamel-france.com\/boutique\/wp-content\/uploads\/sites\/2\/2018\/01\/logo-hamel.png\",\"contentUrl\":\"https:\/\/www.hamel-france.com\/boutique\/wp-content\/uploads\/sites\/2\/2018\/01\/logo-hamel.png\",\"width\":470,\"height\":110,\"caption\":\"Boutique Hamel\"},\"image\":{\"@id\":\"https:\/\/www.hamel-france.com\/boutique\/#\/schema\/logo\/image\/\"}}]}<\/script>\n<!-- \/ Yoast SEO plugin. -->","yoast_head_json":{"title":"Cellule de stockage c\u00e9r\u00e9ales galva \u00d83,57m (19 \u00e0 70 tonnes)","description":"\ud83c\udf3e Cellule stockage c\u00e9r\u00e9ales \u00d83.57m (19,9t \u00e0 70,9t) : Stockage c\u00e9r\u00e9ales galvanis\u00e9 usage int\u00e9rieur sous b\u00e2timent. Prix Pro \u00e0 partir de 896\u20ac HT.","robots":{"index":"index","follow":"follow","max-snippet":"max-snippet:-1","max-image-preview":"max-image-preview:large","max-video-preview":"max-video-preview:-1"},"canonical":"https:\/\/www.hamel-france.com\/boutique\/produit\/cellule-a-grain-interieure-o3-57m\/","og_locale":"fr_FR","og_type":"article","og_title":"Cellule de stockage c\u00e9r\u00e9ales galva \u00d83,57m (19 \u00e0 70 tonnes)","og_description":"\ud83c\udf3e Cellule stockage c\u00e9r\u00e9ales \u00d83.57m (19,9t \u00e0 70,9t) : Stockage c\u00e9r\u00e9ales galvanis\u00e9 usage int\u00e9rieur sous b\u00e2timent. Prix Pro \u00e0 partir de 896\u20ac HT.","og_url":"https:\/\/www.hamel-france.com\/boutique\/produit\/cellule-a-grain-interieure-o3-57m\/","og_site_name":"Boutique Hamel","article_modified_time":"2025-11-24T10:15:49+00:00","og_image":[{"width":969,"height":969,"url":"https:\/\/www.hamel-france.com\/boutique\/wp-content\/uploads\/sites\/2\/2025\/11\/cellule-et-silo-a-grain-et-cereales-interieure.jpg","type":"image\/jpeg"}],"twitter_card":"summary_large_image","twitter_misc":{"Dur\u00e9e de lecture estim\u00e9e":"1 minute"},"schema":{"@context":"https:\/\/schema.org","@graph":[{"@type":"WebPage","@id":"https:\/\/www.hamel-france.com\/boutique\/produit\/cellule-a-grain-interieure-o3-57m\/","url":"https:\/\/www.hamel-france.com\/boutique\/produit\/cellule-a-grain-interieure-o3-57m\/","name":"Cellule de stockage c\u00e9r\u00e9ales galva \u00d83,57m (19 \u00e0 70 tonnes)","isPartOf":{"@id":"https:\/\/www.hamel-france.com\/boutique\/#website"},"datePublished":"2025-11-12T13:33:16+00:00","dateModified":"2025-11-24T10:15:49+00:00","description":"\ud83c\udf3e Cellule stockage c\u00e9r\u00e9ales \u00d83.57m (19,9t \u00e0 70,9t) : Stockage c\u00e9r\u00e9ales galvanis\u00e9 usage int\u00e9rieur sous b\u00e2timent. Prix Pro \u00e0 partir de 896\u20ac HT.","breadcrumb":{"@id":"https:\/\/www.hamel-france.com\/boutique\/produit\/cellule-a-grain-interieure-o3-57m\/#breadcrumb"},"inLanguage":"fr-FR","potentialAction":[{"@type":"ReadAction","target":["https:\/\/www.hamel-france.com\/boutique\/produit\/cellule-a-grain-interieure-o3-57m\/"]}]},{"@type":"BreadcrumbList","@id":"https:\/\/www.hamel-france.com\/boutique\/produit\/cellule-a-grain-interieure-o3-57m\/#breadcrumb","itemListElement":[{"@type":"ListItem","position":1,"name":"Accueil","item":"https:\/\/www.hamel-france.com\/boutique\/"},{"@type":"ListItem","position":2,"name":"Boutique","item":"https:\/\/www.hamel-france.com\/boutique\/boutique\/"},{"@type":"ListItem","position":3,"name":"Cellule \u00e0 grain int\u00e9rieure \u00d83.57m (19 \u00e0 70 tonnes)"}]},{"@type":"WebSite","@id":"https:\/\/www.hamel-france.com\/boutique\/#website","url":"https:\/\/www.hamel-france.com\/boutique\/","name":"Boutique Hamel","description":"Vente en ligne d&#039;\u00e9quipements&lt;br \/&gt; pour le stockage du grain et le mat\u00e9riel d&#039;\u00e9levage","publisher":{"@id":"https:\/\/www.hamel-france.com\/boutique\/#organization"},"potentialAction":[{"@type":"SearchAction","target":{"@type":"EntryPoint","urlTemplate":"https:\/\/www.hamel-france.com\/boutique\/?s={search_term_string}"},"query-input":"required name=search_term_string"}],"inLanguage":"fr-FR"},{"@type":"Organization","@id":"https:\/\/www.hamel-france.com\/boutique\/#organization","name":"Boutique Hamel","url":"https:\/\/www.hamel-france.com\/boutique\/","logo":{"@type":"ImageObject","inLanguage":"fr-FR","@id":"https:\/\/www.hamel-france.com\/boutique\/#\/schema\/logo\/image\/","url":"https:\/\/www.hamel-france.com\/boutique\/wp-content\/uploads\/sites\/2\/2018\/01\/logo-hamel.png","contentUrl":"https:\/\/www.hamel-france.com\/boutique\/wp-content\/uploads\/sites\/2\/2018\/01\/logo-hamel.png","width":470,"height":110,"caption":"Boutique Hamel"},"image":{"@id":"https:\/\/www.hamel-france.com\/boutique\/#\/schema\/logo\/image\/"}}]}},"_links":{"self":[{"href":"https:\/\/www.hamel-france.com\/boutique\/wp-json\/wp\/v2\/product\/36501"}],"collection":[{"href":"https:\/\/www.hamel-france.com\/boutique\/wp-json\/wp\/v2\/product"}],"about":[{"href":"https:\/\/www.hamel-france.com\/boutique\/wp-json\/wp\/v2\/types\/product"}],"wp:featuredmedia":[{"embeddable":true,"href":"https:\/\/www.hamel-france.com\/boutique\/wp-json\/wp\/v2\/media\/36468"}],"wp:attachment":[{"href":"https:\/\/www.hamel-france.com\/boutique\/wp-json\/wp\/v2\/media?parent=36501"}],"wp:term":[{"taxonomy":"product_cat","embeddable":true,"href":"https:\/\/www.hamel-france.com\/boutique\/wp-json\/wp\/v2\/product_cat?post=36501"},{"taxonomy":"product_tag","embeddable":true,"href":"https:\/\/www.hamel-france.com\/boutique\/wp-json\/wp\/v2\/product_tag?post=36501"}],"curies":[{"name":"wp","href":"https:\/\/api.w.org\/{rel}","templated":true}]}}