{"id":36379,"date":"2025-07-29T10:27:44","date_gmt":"2025-07-29T08:27:44","guid":{"rendered":"https:\/\/www.hamel-france.com\/boutique\/?post_type=product&#038;p=36379"},"modified":"2026-04-15T15:30:07","modified_gmt":"2026-04-15T13:30:07","slug":"canne-prelevement-grains-echantillonnage","status":"publish","type":"product","link":"https:\/\/www.hamel-france.com\/boutique\/produit\/canne-prelevement-grains-echantillonnage\/","title":{"rendered":"Canne de pr\u00e9l\u00e8vement \u00e0 grain(s) \u2013 Longueur 1,5 m \u2013 \u00d8 35 mm"},"content":{"rendered":"<h1>Canne de pr\u00e9l\u00e8vement \u00e0 grain(s) \u2013 Longueur 1,5 m \u2013 \u00d8 35 mm<\/h1>\n<p><strong>Contr\u00f4le qualit\u00e9 fiable :<\/strong> Obtenez des \u00e9chantillons homog\u00e8nes pour des analyses pr\u00e9cises et fiables.<br \/>\n<strong>D\u00e9tection des impuret\u00e9s :<\/strong> La technique de pr\u00e9l\u00e8vement par palliers sur toute la hauteur\u00a0assure une meilleure d\u00e9tection des impuret\u00e9s.<br \/>\n<strong>Gain de temps et d&#8217;efficacit\u00e9 :<\/strong> R\u00e9alisez vos contr\u00f4les rapidement et simplement sur tous vos lieux de stockage.<\/p>\n<p>Notre <strong>sonde d&#8217;\u00e9chantillonnage manuelle<\/strong> pr\u00e9sente une conception \u00e0 double tube. Un tube int\u00e9rieur et un tube ext\u00e9rieur sont dot\u00e9s de fentes align\u00e9es avec des ouvertures. Ces ouvertures pivotent, permettant une rotation progressive qui ouvre la sonde du bas vers le haut, par \u00e9tapes.<\/p>\n<p>Cette ouverture progressive assure un <strong>\u00e9chantillonnage complet et repr\u00e9sentatif sur toute la profondeur du grain<\/strong>, essentiel pour d\u00e9tecter les impuret\u00e9s plus lourdes souvent au fond des chargements (ex: remorques).<\/p>\n<p><b>Livraison Franco de Port<\/b> : La <em>pique de pr\u00e9l\u00e8vement \u00e0 grain<\/em> vous est livr\u00e9e franco de port en France m\u00e9tropolitaine.<\/p>\n","protected":false},"excerpt":{"rendered":"<p>Con\u00e7ue pour offrir une <strong>collecte d&#8217;\u00e9chantillons<\/strong> fiable et repr\u00e9sentative, cette <strong>canne ou pique de pr\u00e9l\u00e8vement (pour c\u00e9r\u00e9ales et grains)<\/strong> est l&#8217;outil indispensable pour les agriculteurs, les coop\u00e9ratives et les organismes de stockage.<\/p>\n","protected":false},"featured_media":36380,"template":"","meta":{"_mi_skip_tracking":false,"_exactmetrics_sitenote_active":false,"_exactmetrics_sitenote_note":"","_exactmetrics_sitenote_category":0},"product_cat":[75],"product_tag":[],"acf":[],"yoast_head":"<!-- This site is optimized with the Yoast SEO plugin v21.7 - https:\/\/yoast.com\/wordpress\/plugins\/seo\/ -->\n<title>Canne de pr\u00e9l\u00e8vement \u00e0 grain - Pique de pr\u00e9l\u00e8vement pour c\u00e9r\u00e9ales<\/title>\n<meta name=\"description\" content=\"Canne d&#039;\u00e9chantillonnage de c\u00e9r\u00e9ales. Pique de pr\u00e9l\u00e8vement \u00e0 grain en aluminium longueur : 1,5m et \u00d835mm. Pr\u00e9l\u00e8vement cibl\u00e9 pour sacs, remorques etc..\" \/>\n<meta name=\"robots\" content=\"index, follow, max-snippet:-1, max-image-preview:large, max-video-preview:-1\" \/>\n<link rel=\"canonical\" href=\"https:\/\/www.hamel-france.com\/boutique\/produit\/canne-prelevement-grains-echantillonnage\/\" \/>\n<meta property=\"og:locale\" content=\"fr_FR\" \/>\n<meta property=\"og:type\" content=\"article\" \/>\n<meta property=\"og:title\" content=\"Canne de pr\u00e9l\u00e8vement \u00e0 grain - Pique de pr\u00e9l\u00e8vement pour c\u00e9r\u00e9ales\" \/>\n<meta property=\"og:description\" content=\"Canne d&#039;\u00e9chantillonnage de c\u00e9r\u00e9ales. Pique de pr\u00e9l\u00e8vement \u00e0 grain en aluminium longueur : 1,5m et \u00d835mm. Pr\u00e9l\u00e8vement cibl\u00e9 pour sacs, remorques etc..\" \/>\n<meta property=\"og:url\" content=\"https:\/\/www.hamel-france.com\/boutique\/produit\/canne-prelevement-grains-echantillonnage\/\" \/>\n<meta property=\"og:site_name\" content=\"Boutique Hamel\" \/>\n<meta property=\"article:modified_time\" content=\"2026-04-15T13:30:07+00:00\" \/>\n<meta property=\"og:image\" content=\"https:\/\/www.hamel-france.com\/boutique\/wp-content\/uploads\/sites\/2\/2025\/07\/canne-lance-dechantillonnage-des-grains.jpg\" \/>\n\t<meta property=\"og:image:width\" content=\"2323\" \/>\n\t<meta property=\"og:image:height\" content=\"2323\" \/>\n\t<meta property=\"og:image:type\" content=\"image\/jpeg\" \/>\n<meta name=\"twitter:card\" content=\"summary_large_image\" \/>\n<meta name=\"twitter:label1\" content=\"Dur\u00e9e de lecture estim\u00e9e\" \/>\n\t<meta name=\"twitter:data1\" content=\"1 minute\" \/>\n<script type=\"application\/ld+json\" class=\"yoast-schema-graph\">{\"@context\":\"https:\/\/schema.org\",\"@graph\":[{\"@type\":\"WebPage\",\"@id\":\"https:\/\/www.hamel-france.com\/boutique\/produit\/canne-prelevement-grains-echantillonnage\/\",\"url\":\"https:\/\/www.hamel-france.com\/boutique\/produit\/canne-prelevement-grains-echantillonnage\/\",\"name\":\"Canne de pr\u00e9l\u00e8vement \u00e0 grain - Pique de pr\u00e9l\u00e8vement pour c\u00e9r\u00e9ales\",\"isPartOf\":{\"@id\":\"https:\/\/www.hamel-france.com\/boutique\/#website\"},\"datePublished\":\"2025-07-29T08:27:44+00:00\",\"dateModified\":\"2026-04-15T13:30:07+00:00\",\"description\":\"Canne d'\u00e9chantillonnage de c\u00e9r\u00e9ales. Pique de pr\u00e9l\u00e8vement \u00e0 grain en aluminium longueur : 1,5m et \u00d835mm. Pr\u00e9l\u00e8vement cibl\u00e9 pour sacs, remorques etc..\",\"breadcrumb\":{\"@id\":\"https:\/\/www.hamel-france.com\/boutique\/produit\/canne-prelevement-grains-echantillonnage\/#breadcrumb\"},\"inLanguage\":\"fr-FR\",\"potentialAction\":[{\"@type\":\"ReadAction\",\"target\":[\"https:\/\/www.hamel-france.com\/boutique\/produit\/canne-prelevement-grains-echantillonnage\/\"]}]},{\"@type\":\"BreadcrumbList\",\"@id\":\"https:\/\/www.hamel-france.com\/boutique\/produit\/canne-prelevement-grains-echantillonnage\/#breadcrumb\",\"itemListElement\":[{\"@type\":\"ListItem\",\"position\":1,\"name\":\"Accueil\",\"item\":\"https:\/\/www.hamel-france.com\/boutique\/\"},{\"@type\":\"ListItem\",\"position\":2,\"name\":\"Boutique\",\"item\":\"https:\/\/www.hamel-france.com\/boutique\/boutique\/\"},{\"@type\":\"ListItem\",\"position\":3,\"name\":\"Canne de pr\u00e9l\u00e8vement \u00e0 grain(s) \u2013 Longueur 1,5 m \u2013 \u00d8 35 mm\"}]},{\"@type\":\"WebSite\",\"@id\":\"https:\/\/www.hamel-france.com\/boutique\/#website\",\"url\":\"https:\/\/www.hamel-france.com\/boutique\/\",\"name\":\"Boutique Hamel\",\"description\":\"Vente en ligne d&#039;\u00e9quipements&lt;br \/&gt; pour le stockage du grain et le mat\u00e9riel d&#039;\u00e9levage\",\"publisher\":{\"@id\":\"https:\/\/www.hamel-france.com\/boutique\/#organization\"},\"potentialAction\":[{\"@type\":\"SearchAction\",\"target\":{\"@type\":\"EntryPoint\",\"urlTemplate\":\"https:\/\/www.hamel-france.com\/boutique\/?s={search_term_string}\"},\"query-input\":\"required name=search_term_string\"}],\"inLanguage\":\"fr-FR\"},{\"@type\":\"Organization\",\"@id\":\"https:\/\/www.hamel-france.com\/boutique\/#organization\",\"name\":\"Boutique Hamel\",\"url\":\"https:\/\/www.hamel-france.com\/boutique\/\",\"logo\":{\"@type\":\"ImageObject\",\"inLanguage\":\"fr-FR\",\"@id\":\"https:\/\/www.hamel-france.com\/boutique\/#\/schema\/logo\/image\/\",\"url\":\"https:\/\/www.hamel-france.com\/boutique\/wp-content\/uploads\/sites\/2\/2018\/01\/logo-hamel.png\",\"contentUrl\":\"https:\/\/www.hamel-france.com\/boutique\/wp-content\/uploads\/sites\/2\/2018\/01\/logo-hamel.png\",\"width\":470,\"height\":110,\"caption\":\"Boutique Hamel\"},\"image\":{\"@id\":\"https:\/\/www.hamel-france.com\/boutique\/#\/schema\/logo\/image\/\"}}]}<\/script>\n<!-- \/ Yoast SEO plugin. -->","yoast_head_json":{"title":"Canne de pr\u00e9l\u00e8vement \u00e0 grain - Pique de pr\u00e9l\u00e8vement pour c\u00e9r\u00e9ales","description":"Canne d'\u00e9chantillonnage de c\u00e9r\u00e9ales. Pique de pr\u00e9l\u00e8vement \u00e0 grain en aluminium longueur : 1,5m et \u00d835mm. Pr\u00e9l\u00e8vement cibl\u00e9 pour sacs, remorques etc..","robots":{"index":"index","follow":"follow","max-snippet":"max-snippet:-1","max-image-preview":"max-image-preview:large","max-video-preview":"max-video-preview:-1"},"canonical":"https:\/\/www.hamel-france.com\/boutique\/produit\/canne-prelevement-grains-echantillonnage\/","og_locale":"fr_FR","og_type":"article","og_title":"Canne de pr\u00e9l\u00e8vement \u00e0 grain - Pique de pr\u00e9l\u00e8vement pour c\u00e9r\u00e9ales","og_description":"Canne d'\u00e9chantillonnage de c\u00e9r\u00e9ales. Pique de pr\u00e9l\u00e8vement \u00e0 grain en aluminium longueur : 1,5m et \u00d835mm. Pr\u00e9l\u00e8vement cibl\u00e9 pour sacs, remorques etc..","og_url":"https:\/\/www.hamel-france.com\/boutique\/produit\/canne-prelevement-grains-echantillonnage\/","og_site_name":"Boutique Hamel","article_modified_time":"2026-04-15T13:30:07+00:00","og_image":[{"width":2323,"height":2323,"url":"https:\/\/www.hamel-france.com\/boutique\/wp-content\/uploads\/sites\/2\/2025\/07\/canne-lance-dechantillonnage-des-grains.jpg","type":"image\/jpeg"}],"twitter_card":"summary_large_image","twitter_misc":{"Dur\u00e9e de lecture estim\u00e9e":"1 minute"},"schema":{"@context":"https:\/\/schema.org","@graph":[{"@type":"WebPage","@id":"https:\/\/www.hamel-france.com\/boutique\/produit\/canne-prelevement-grains-echantillonnage\/","url":"https:\/\/www.hamel-france.com\/boutique\/produit\/canne-prelevement-grains-echantillonnage\/","name":"Canne de pr\u00e9l\u00e8vement \u00e0 grain - Pique de pr\u00e9l\u00e8vement pour c\u00e9r\u00e9ales","isPartOf":{"@id":"https:\/\/www.hamel-france.com\/boutique\/#website"},"datePublished":"2025-07-29T08:27:44+00:00","dateModified":"2026-04-15T13:30:07+00:00","description":"Canne d'\u00e9chantillonnage de c\u00e9r\u00e9ales. Pique de pr\u00e9l\u00e8vement \u00e0 grain en aluminium longueur : 1,5m et \u00d835mm. Pr\u00e9l\u00e8vement cibl\u00e9 pour sacs, remorques etc..","breadcrumb":{"@id":"https:\/\/www.hamel-france.com\/boutique\/produit\/canne-prelevement-grains-echantillonnage\/#breadcrumb"},"inLanguage":"fr-FR","potentialAction":[{"@type":"ReadAction","target":["https:\/\/www.hamel-france.com\/boutique\/produit\/canne-prelevement-grains-echantillonnage\/"]}]},{"@type":"BreadcrumbList","@id":"https:\/\/www.hamel-france.com\/boutique\/produit\/canne-prelevement-grains-echantillonnage\/#breadcrumb","itemListElement":[{"@type":"ListItem","position":1,"name":"Accueil","item":"https:\/\/www.hamel-france.com\/boutique\/"},{"@type":"ListItem","position":2,"name":"Boutique","item":"https:\/\/www.hamel-france.com\/boutique\/boutique\/"},{"@type":"ListItem","position":3,"name":"Canne de pr\u00e9l\u00e8vement \u00e0 grain(s) \u2013 Longueur 1,5 m \u2013 \u00d8 35 mm"}]},{"@type":"WebSite","@id":"https:\/\/www.hamel-france.com\/boutique\/#website","url":"https:\/\/www.hamel-france.com\/boutique\/","name":"Boutique Hamel","description":"Vente en ligne d&#039;\u00e9quipements&lt;br \/&gt; pour le stockage du grain et le mat\u00e9riel d&#039;\u00e9levage","publisher":{"@id":"https:\/\/www.hamel-france.com\/boutique\/#organization"},"potentialAction":[{"@type":"SearchAction","target":{"@type":"EntryPoint","urlTemplate":"https:\/\/www.hamel-france.com\/boutique\/?s={search_term_string}"},"query-input":"required name=search_term_string"}],"inLanguage":"fr-FR"},{"@type":"Organization","@id":"https:\/\/www.hamel-france.com\/boutique\/#organization","name":"Boutique Hamel","url":"https:\/\/www.hamel-france.com\/boutique\/","logo":{"@type":"ImageObject","inLanguage":"fr-FR","@id":"https:\/\/www.hamel-france.com\/boutique\/#\/schema\/logo\/image\/","url":"https:\/\/www.hamel-france.com\/boutique\/wp-content\/uploads\/sites\/2\/2018\/01\/logo-hamel.png","contentUrl":"https:\/\/www.hamel-france.com\/boutique\/wp-content\/uploads\/sites\/2\/2018\/01\/logo-hamel.png","width":470,"height":110,"caption":"Boutique Hamel"},"image":{"@id":"https:\/\/www.hamel-france.com\/boutique\/#\/schema\/logo\/image\/"}}]}},"_links":{"self":[{"href":"https:\/\/www.hamel-france.com\/boutique\/wp-json\/wp\/v2\/product\/36379"}],"collection":[{"href":"https:\/\/www.hamel-france.com\/boutique\/wp-json\/wp\/v2\/product"}],"about":[{"href":"https:\/\/www.hamel-france.com\/boutique\/wp-json\/wp\/v2\/types\/product"}],"wp:featuredmedia":[{"embeddable":true,"href":"https:\/\/www.hamel-france.com\/boutique\/wp-json\/wp\/v2\/media\/36380"}],"wp:attachment":[{"href":"https:\/\/www.hamel-france.com\/boutique\/wp-json\/wp\/v2\/media?parent=36379"}],"wp:term":[{"taxonomy":"product_cat","embeddable":true,"href":"https:\/\/www.hamel-france.com\/boutique\/wp-json\/wp\/v2\/product_cat?post=36379"},{"taxonomy":"product_tag","embeddable":true,"href":"https:\/\/www.hamel-france.com\/boutique\/wp-json\/wp\/v2\/product_tag?post=36379"}],"curies":[{"name":"wp","href":"https:\/\/api.w.org\/{rel}","templated":true}]}}