{"id":36371,"date":"2025-07-29T09:07:19","date_gmt":"2025-07-29T07:07:19","guid":{"rendered":"https:\/\/www.hamel-france.com\/boutique\/?post_type=product&#038;p=36371"},"modified":"2025-10-07T11:34:28","modified_gmt":"2025-10-07T09:34:28","slug":"echantillonneur-de-grain","status":"publish","type":"product","link":"https:\/\/www.hamel-france.com\/boutique\/produit\/echantillonneur-de-grain\/","title":{"rendered":"\u00c9chantillonneur de grain \u2013 Longueur 2 m \u2013 \u00d8 35 mm"},"content":{"rendered":"<h1>\u00c9chantillonneur de grain \u2013 Longueur 2 m \u2013 \u00d8 35 mm<\/h1>\n<h2>Conception \u00e0 double tube et rotation progressive<\/h2>\n<p>La sonde se compose d&#8217;une <strong>conception \u00e0 double tube<\/strong>. Elle int\u00e8gre un tube int\u00e9rieur qui est divis\u00e9 en <strong>ouvertures<\/strong>, et un tube ext\u00e9rieur dot\u00e9 de <strong>fentes<\/strong> qui correspondent pr\u00e9cis\u00e9ment aux ouvertures du tube int\u00e9rieur.<\/p>\n<p>Le fonctionnement repose sur une <strong>rotation progressive des orifices <\/strong>situ\u00e9es sur le tube int\u00e9rieur. Ce m\u00e9canisme permet \u00e0 la sonde de s&#8217;ouvrir initialement par le bas, puis de mani\u00e8re progressive et \u00e9chelonn\u00e9e vers le haut. Cette progression assure une <strong>prise d&#8217;\u00e9chantillons compl\u00e8te et uniforme<\/strong> sur toute la profondeur de la masse de grains.<\/p>\n<h2>\u00c9chantillonnage repr\u00e9sentatif<\/h2>\n<p>Cette m\u00e9thode d&#8217;ouverture progressive est fondamentale pour garantir un <strong>\u00e9chantillonnage r\u00e9ellement repr\u00e9sentatif sur l&#8217;int\u00e9gralit\u00e9 de la masse de grains<\/strong>. Elle est particuli\u00e8rement recommand\u00e9e et efficace dans les situations o\u00f9 les corps \u00e9trangers, g\u00e9n\u00e9ralement plus lourds, ont tendance \u00e0 se d\u00e9poser au fond des chargements, comme c&#8217;est souvent le cas dans une remorque ou un silo. En <strong>collectant des \u00e9chantillons de bas en haut<\/strong>, la sonde s&#8217;assure que toutes les couches de la cargaison sont pr\u00e9lev\u00e9es, y compris celles o\u00f9 les impuret\u00e9s peuvent s&#8217;\u00eatre accumul\u00e9es. Cela permet d&#8217;obtenir une <strong>analyse fiable et exhaustive de la qualit\u00e9 de vos produits<\/strong>.<\/p>\n<h2>Polyvalence et applications \u00e9tendues<\/h2>\n<p>Notre <em>\u00e9chantillonneur<\/em> est con\u00e7u pour \u00eatre polyvalent et s&#8217;adapter \u00e0 une <strong>large gamme d&#8217;applications de pr\u00e9l\u00e8vement<\/strong>. Que vous ayez besoin de collecter des \u00e9chantillons dans des big bags, des silos ou des camions, cette sonde est l&#8217;outil id\u00e9al. Elle permet de <strong>pr\u00e9lever des \u00e9chantillons \u00e0 plusieurs niveaux<\/strong>, du bas vers le haut, <strong>chaque couche de la cargaison est \u00e9chantillonn\u00e9e<\/strong>\u00a0y compris les zones susceptibles d&#8217;accumuler des impuret\u00e9s.<\/p>\n<p><strong>Livraison franco de port en France m\u00e9tropolitaine.<\/strong><\/p>\n","protected":false},"excerpt":{"rendered":"<p>Notre <b>\u00e9chantillonneur de grain<\/b>, aussi appel\u00e9<strong> lance ou sonde d&#8217;\u00e9chantillonnage \u00e0 grains<\/strong>, est en <b>aluminium<\/b> sp\u00e9cialement con\u00e7u pour le secteur agricole. Mesurant <b>2 m\u00e8tres de long<\/b> avec un diam\u00e8tre de <b>35 mm<\/b>, il est id\u00e9al pour la collecte repr\u00e9sentative de <b>mati\u00e8res en vrac<\/b> telles que l&#8217;orge, le bl\u00e9, le pois, le ma\u00efs, et autres c\u00e9r\u00e9ales, quelle que soit la configuration de stockage.<\/p>\n<p>Les <strong>\u00e9chantillons pr\u00e9lev\u00e9s<\/strong> peuvent ensuite \u00eatre envoy\u00e9s en <strong>laboratoire d&#8217;analyse<\/strong> pour \u00e9valuer pr\u00e9cis\u00e9ment la <strong>qualit\u00e9 de la r\u00e9colte<\/strong>.<\/p>\n","protected":false},"featured_media":36365,"template":"","meta":{"_mi_skip_tracking":false,"_exactmetrics_sitenote_active":false,"_exactmetrics_sitenote_note":"","_exactmetrics_sitenote_category":0},"product_cat":[75],"product_tag":[],"acf":[],"yoast_head":"<!-- This site is optimized with the Yoast SEO plugin v21.7 - https:\/\/yoast.com\/wordpress\/plugins\/seo\/ -->\n<title>\u00c9chantillonneur de grain \u2013 Longueur 2 m \u2013 \u00d8 35 mm - Boutique Hamel<\/title>\n<meta name=\"description\" content=\"\u00c9chantillonneur de grain 2m en aluminium, id\u00e9al pour pr\u00e9lever orge, bl\u00e9, ma\u00efs. Obtenez des \u00e9chantillons repr\u00e9sentatifs pour analyser humidit\u00e9, poids sp\u00e9cifique et qualit\u00e9 de votre r\u00e9colte. Parfait pour big bags, silos, camions\" \/>\n<meta name=\"robots\" content=\"index, follow, max-snippet:-1, max-image-preview:large, max-video-preview:-1\" \/>\n<link rel=\"canonical\" href=\"https:\/\/www.hamel-france.com\/boutique\/produit\/echantillonneur-de-grain\/\" \/>\n<meta property=\"og:locale\" content=\"fr_FR\" \/>\n<meta property=\"og:type\" content=\"article\" \/>\n<meta property=\"og:title\" content=\"\u00c9chantillonneur de grain \u2013 Longueur 2 m \u2013 \u00d8 35 mm - Boutique Hamel\" \/>\n<meta property=\"og:description\" content=\"\u00c9chantillonneur de grain 2m en aluminium, id\u00e9al pour pr\u00e9lever orge, bl\u00e9, ma\u00efs. Obtenez des \u00e9chantillons repr\u00e9sentatifs pour analyser humidit\u00e9, poids sp\u00e9cifique et qualit\u00e9 de votre r\u00e9colte. Parfait pour big bags, silos, camions\" \/>\n<meta property=\"og:url\" content=\"https:\/\/www.hamel-france.com\/boutique\/produit\/echantillonneur-de-grain\/\" \/>\n<meta property=\"og:site_name\" content=\"Boutique Hamel\" \/>\n<meta property=\"article:modified_time\" content=\"2025-10-07T09:34:28+00:00\" \/>\n<meta property=\"og:image\" content=\"https:\/\/www.hamel-france.com\/boutique\/wp-content\/uploads\/sites\/2\/2025\/07\/Sonde-manuelle-de-prelevement-et-dechantillonnage-scaled.jpg\" \/>\n\t<meta property=\"og:image:width\" content=\"2560\" \/>\n\t<meta property=\"og:image:height\" content=\"2560\" \/>\n\t<meta property=\"og:image:type\" content=\"image\/jpeg\" \/>\n<meta name=\"twitter:card\" content=\"summary_large_image\" \/>\n<meta name=\"twitter:label1\" content=\"Dur\u00e9e de lecture estim\u00e9e\" \/>\n\t<meta name=\"twitter:data1\" content=\"2 minutes\" \/>\n<script type=\"application\/ld+json\" class=\"yoast-schema-graph\">{\"@context\":\"https:\/\/schema.org\",\"@graph\":[{\"@type\":\"WebPage\",\"@id\":\"https:\/\/www.hamel-france.com\/boutique\/produit\/echantillonneur-de-grain\/\",\"url\":\"https:\/\/www.hamel-france.com\/boutique\/produit\/echantillonneur-de-grain\/\",\"name\":\"\u00c9chantillonneur de grain \u2013 Longueur 2 m \u2013 \u00d8 35 mm - Boutique Hamel\",\"isPartOf\":{\"@id\":\"https:\/\/www.hamel-france.com\/boutique\/#website\"},\"datePublished\":\"2025-07-29T07:07:19+00:00\",\"dateModified\":\"2025-10-07T09:34:28+00:00\",\"description\":\"\u00c9chantillonneur de grain 2m en aluminium, id\u00e9al pour pr\u00e9lever orge, bl\u00e9, ma\u00efs. Obtenez des \u00e9chantillons repr\u00e9sentatifs pour analyser humidit\u00e9, poids sp\u00e9cifique et qualit\u00e9 de votre r\u00e9colte. Parfait pour big bags, silos, camions\",\"breadcrumb\":{\"@id\":\"https:\/\/www.hamel-france.com\/boutique\/produit\/echantillonneur-de-grain\/#breadcrumb\"},\"inLanguage\":\"fr-FR\",\"potentialAction\":[{\"@type\":\"ReadAction\",\"target\":[\"https:\/\/www.hamel-france.com\/boutique\/produit\/echantillonneur-de-grain\/\"]}]},{\"@type\":\"BreadcrumbList\",\"@id\":\"https:\/\/www.hamel-france.com\/boutique\/produit\/echantillonneur-de-grain\/#breadcrumb\",\"itemListElement\":[{\"@type\":\"ListItem\",\"position\":1,\"name\":\"Accueil\",\"item\":\"https:\/\/www.hamel-france.com\/boutique\/\"},{\"@type\":\"ListItem\",\"position\":2,\"name\":\"Boutique\",\"item\":\"https:\/\/www.hamel-france.com\/boutique\/boutique\/\"},{\"@type\":\"ListItem\",\"position\":3,\"name\":\"\u00c9chantillonneur de grain \u2013 Longueur 2 m \u2013 \u00d8 35 mm\"}]},{\"@type\":\"WebSite\",\"@id\":\"https:\/\/www.hamel-france.com\/boutique\/#website\",\"url\":\"https:\/\/www.hamel-france.com\/boutique\/\",\"name\":\"Boutique Hamel\",\"description\":\"Vente en ligne d&#039;\u00e9quipements&lt;br \/&gt; pour le stockage du grain et le mat\u00e9riel d&#039;\u00e9levage\",\"publisher\":{\"@id\":\"https:\/\/www.hamel-france.com\/boutique\/#organization\"},\"potentialAction\":[{\"@type\":\"SearchAction\",\"target\":{\"@type\":\"EntryPoint\",\"urlTemplate\":\"https:\/\/www.hamel-france.com\/boutique\/?s={search_term_string}\"},\"query-input\":\"required name=search_term_string\"}],\"inLanguage\":\"fr-FR\"},{\"@type\":\"Organization\",\"@id\":\"https:\/\/www.hamel-france.com\/boutique\/#organization\",\"name\":\"Boutique Hamel\",\"url\":\"https:\/\/www.hamel-france.com\/boutique\/\",\"logo\":{\"@type\":\"ImageObject\",\"inLanguage\":\"fr-FR\",\"@id\":\"https:\/\/www.hamel-france.com\/boutique\/#\/schema\/logo\/image\/\",\"url\":\"https:\/\/www.hamel-france.com\/boutique\/wp-content\/uploads\/sites\/2\/2018\/01\/logo-hamel.png\",\"contentUrl\":\"https:\/\/www.hamel-france.com\/boutique\/wp-content\/uploads\/sites\/2\/2018\/01\/logo-hamel.png\",\"width\":470,\"height\":110,\"caption\":\"Boutique Hamel\"},\"image\":{\"@id\":\"https:\/\/www.hamel-france.com\/boutique\/#\/schema\/logo\/image\/\"}}]}<\/script>\n<!-- \/ Yoast SEO plugin. -->","yoast_head_json":{"title":"\u00c9chantillonneur de grain \u2013 Longueur 2 m \u2013 \u00d8 35 mm - Boutique Hamel","description":"\u00c9chantillonneur de grain 2m en aluminium, id\u00e9al pour pr\u00e9lever orge, bl\u00e9, ma\u00efs. Obtenez des \u00e9chantillons repr\u00e9sentatifs pour analyser humidit\u00e9, poids sp\u00e9cifique et qualit\u00e9 de votre r\u00e9colte. Parfait pour big bags, silos, camions","robots":{"index":"index","follow":"follow","max-snippet":"max-snippet:-1","max-image-preview":"max-image-preview:large","max-video-preview":"max-video-preview:-1"},"canonical":"https:\/\/www.hamel-france.com\/boutique\/produit\/echantillonneur-de-grain\/","og_locale":"fr_FR","og_type":"article","og_title":"\u00c9chantillonneur de grain \u2013 Longueur 2 m \u2013 \u00d8 35 mm - Boutique Hamel","og_description":"\u00c9chantillonneur de grain 2m en aluminium, id\u00e9al pour pr\u00e9lever orge, bl\u00e9, ma\u00efs. Obtenez des \u00e9chantillons repr\u00e9sentatifs pour analyser humidit\u00e9, poids sp\u00e9cifique et qualit\u00e9 de votre r\u00e9colte. Parfait pour big bags, silos, camions","og_url":"https:\/\/www.hamel-france.com\/boutique\/produit\/echantillonneur-de-grain\/","og_site_name":"Boutique Hamel","article_modified_time":"2025-10-07T09:34:28+00:00","og_image":[{"width":2560,"height":2560,"url":"https:\/\/www.hamel-france.com\/boutique\/wp-content\/uploads\/sites\/2\/2025\/07\/Sonde-manuelle-de-prelevement-et-dechantillonnage-scaled.jpg","type":"image\/jpeg"}],"twitter_card":"summary_large_image","twitter_misc":{"Dur\u00e9e de lecture estim\u00e9e":"2 minutes"},"schema":{"@context":"https:\/\/schema.org","@graph":[{"@type":"WebPage","@id":"https:\/\/www.hamel-france.com\/boutique\/produit\/echantillonneur-de-grain\/","url":"https:\/\/www.hamel-france.com\/boutique\/produit\/echantillonneur-de-grain\/","name":"\u00c9chantillonneur de grain \u2013 Longueur 2 m \u2013 \u00d8 35 mm - Boutique Hamel","isPartOf":{"@id":"https:\/\/www.hamel-france.com\/boutique\/#website"},"datePublished":"2025-07-29T07:07:19+00:00","dateModified":"2025-10-07T09:34:28+00:00","description":"\u00c9chantillonneur de grain 2m en aluminium, id\u00e9al pour pr\u00e9lever orge, bl\u00e9, ma\u00efs. Obtenez des \u00e9chantillons repr\u00e9sentatifs pour analyser humidit\u00e9, poids sp\u00e9cifique et qualit\u00e9 de votre r\u00e9colte. Parfait pour big bags, silos, camions","breadcrumb":{"@id":"https:\/\/www.hamel-france.com\/boutique\/produit\/echantillonneur-de-grain\/#breadcrumb"},"inLanguage":"fr-FR","potentialAction":[{"@type":"ReadAction","target":["https:\/\/www.hamel-france.com\/boutique\/produit\/echantillonneur-de-grain\/"]}]},{"@type":"BreadcrumbList","@id":"https:\/\/www.hamel-france.com\/boutique\/produit\/echantillonneur-de-grain\/#breadcrumb","itemListElement":[{"@type":"ListItem","position":1,"name":"Accueil","item":"https:\/\/www.hamel-france.com\/boutique\/"},{"@type":"ListItem","position":2,"name":"Boutique","item":"https:\/\/www.hamel-france.com\/boutique\/boutique\/"},{"@type":"ListItem","position":3,"name":"\u00c9chantillonneur de grain \u2013 Longueur 2 m \u2013 \u00d8 35 mm"}]},{"@type":"WebSite","@id":"https:\/\/www.hamel-france.com\/boutique\/#website","url":"https:\/\/www.hamel-france.com\/boutique\/","name":"Boutique Hamel","description":"Vente en ligne d&#039;\u00e9quipements&lt;br \/&gt; pour le stockage du grain et le mat\u00e9riel d&#039;\u00e9levage","publisher":{"@id":"https:\/\/www.hamel-france.com\/boutique\/#organization"},"potentialAction":[{"@type":"SearchAction","target":{"@type":"EntryPoint","urlTemplate":"https:\/\/www.hamel-france.com\/boutique\/?s={search_term_string}"},"query-input":"required name=search_term_string"}],"inLanguage":"fr-FR"},{"@type":"Organization","@id":"https:\/\/www.hamel-france.com\/boutique\/#organization","name":"Boutique Hamel","url":"https:\/\/www.hamel-france.com\/boutique\/","logo":{"@type":"ImageObject","inLanguage":"fr-FR","@id":"https:\/\/www.hamel-france.com\/boutique\/#\/schema\/logo\/image\/","url":"https:\/\/www.hamel-france.com\/boutique\/wp-content\/uploads\/sites\/2\/2018\/01\/logo-hamel.png","contentUrl":"https:\/\/www.hamel-france.com\/boutique\/wp-content\/uploads\/sites\/2\/2018\/01\/logo-hamel.png","width":470,"height":110,"caption":"Boutique Hamel"},"image":{"@id":"https:\/\/www.hamel-france.com\/boutique\/#\/schema\/logo\/image\/"}}]}},"_links":{"self":[{"href":"https:\/\/www.hamel-france.com\/boutique\/wp-json\/wp\/v2\/product\/36371"}],"collection":[{"href":"https:\/\/www.hamel-france.com\/boutique\/wp-json\/wp\/v2\/product"}],"about":[{"href":"https:\/\/www.hamel-france.com\/boutique\/wp-json\/wp\/v2\/types\/product"}],"wp:featuredmedia":[{"embeddable":true,"href":"https:\/\/www.hamel-france.com\/boutique\/wp-json\/wp\/v2\/media\/36365"}],"wp:attachment":[{"href":"https:\/\/www.hamel-france.com\/boutique\/wp-json\/wp\/v2\/media?parent=36371"}],"wp:term":[{"taxonomy":"product_cat","embeddable":true,"href":"https:\/\/www.hamel-france.com\/boutique\/wp-json\/wp\/v2\/product_cat?post=36371"},{"taxonomy":"product_tag","embeddable":true,"href":"https:\/\/www.hamel-france.com\/boutique\/wp-json\/wp\/v2\/product_tag?post=36371"}],"curies":[{"name":"wp","href":"https:\/\/api.w.org\/{rel}","templated":true}]}}