{"id":36358,"date":"2025-07-24T15:28:00","date_gmt":"2025-07-24T13:28:00","guid":{"rendered":"https:\/\/www.hamel-france.com\/boutique\/?post_type=product&#038;p=36358"},"modified":"2025-10-21T13:59:48","modified_gmt":"2025-10-21T11:59:48","slug":"sonde-prelevement-echantillonnage-longueur-2-m","status":"publish","type":"product","link":"https:\/\/www.hamel-france.com\/boutique\/produit\/sonde-prelevement-echantillonnage-longueur-2-m\/","title":{"rendered":"Sonde de pr\u00e9l\u00e8vement et d&#8217;\u00e9chantillonnage \u2013 Longueur 2 m \u2013 \u00d8 50 mm"},"content":{"rendered":"<h1>Sonde de pr\u00e9l\u00e8vement et d&#8217;\u00e9chantillonnage \u2013 Longueur 2 m \u2013 \u00d8 50 mm<\/h1>\n<p><strong>Conception \u00e0 double tube :<\/strong> La sonde est compos\u00e9e de deux tubes, un tube int\u00e9rieur divis\u00e9 en compartiments et un tube ext\u00e9rieur dot\u00e9 de fentes qui correspondent aux ouvertures du tube int\u00e9rieur.<\/p>\n<p><strong>Rotation progressive :<\/strong> Les ouvertures sur le tube int\u00e9rieur sont con\u00e7ues pour pivoter. Cela permet \u00e0 la sonde de s&#8217;ouvrir d&#8217;abord par le bas, puis progressivement par \u00e9tapes vers le haut.<\/p>\n<p><strong>\u00c9chantillonnage repr\u00e9sentatif :<\/strong> Cette m\u00e9thode d&#8217;ouverture progressive assure un \u00e9chantillonnage complet et repr\u00e9sentatif sur toute la profondeur de la masse de grains. Elle est particuli\u00e8rement recommand\u00e9e car les corps \u00e9trangers ont tendance \u00e0 \u00eatre plus lourds et \u00e0 se d\u00e9poser au fond des charges, comme dans une remorque.<\/p>\n<p><strong>Polyvalentes :<\/strong> Nos sondes sont adapt\u00e9es \u00e0 presque toutes les applications, que vous ayez besoin de pr\u00e9lever dans des big bags, des silos, des camions ou des wagons.<\/p>\n<p>Cette canne ou sonde collecte des \u00e9chantillons \u00e0 plusieurs niveaux, du bas vers le haut, toutes les couches de la cargaison sont \u00e9chantillonn\u00e9es, y compris celles o\u00f9 les impuret\u00e9s pourraient s&#8217;\u00eatre accumul\u00e9es.<\/p>\n<p><strong>Livraison franco de port en France m\u00e9tropolitaine.<\/strong><\/p>\n","protected":false},"excerpt":{"rendered":"<p>Cette <b>sonde d\u2019\u00e9chantillonnage de c\u00e9r\u00e9ales<\/b>, aussi connue comme <b>canne de pr\u00e9l\u00e8vement \u00e0 grains<\/b>, est un <b>\u00e9chantillonneur manuel en aluminium<\/b> sp\u00e9cifiquement con\u00e7u pour le secteur <b>agricole<\/b>. Elle est destin\u00e9e \u00e0 la <b>collecte repr\u00e9sentative<\/b> de mati\u00e8re en vrac (tels que l&#8217;orge, le bl\u00e9, le pois, le ma\u00efs&#8230;) dans diverses configurations de stockage. Ce <b>dispositif manuel<\/b> permet ensuite la <b>mesure de la qualit\u00e9 de la r\u00e9colte stock\u00e9e<\/b> (Poids Sp\u00e9cifique, humidit\u00e9, int\u00e9grit\u00e9 du grain, etc.).<\/p>\n","protected":false},"featured_media":36365,"template":"","meta":{"_mi_skip_tracking":false,"_exactmetrics_sitenote_active":false,"_exactmetrics_sitenote_note":"","_exactmetrics_sitenote_category":0},"product_cat":[75],"product_tag":[],"acf":[],"yoast_head":"<!-- This site is optimized with the Yoast SEO plugin v21.7 - https:\/\/yoast.com\/wordpress\/plugins\/seo\/ -->\n<title>Sonde de pr\u00e9l\u00e8vement et d&#039;\u00e9chantillonnage \u2013 Longueur 2 m \u2013 \u00d8 50 mm - Boutique Hamel<\/title>\n<meta name=\"description\" content=\"Canne d&#039;\u00e9chantillonnage de c\u00e9r\u00e9ales. Sonde \u00e0 grain aluminium 2m, \u00d850mm. Pr\u00e9l\u00e8vement cibl\u00e9 pour sacs et remorques. Robuste et transportable.\" \/>\n<meta name=\"robots\" content=\"index, follow, max-snippet:-1, max-image-preview:large, max-video-preview:-1\" \/>\n<link rel=\"canonical\" href=\"https:\/\/www.hamel-france.com\/boutique\/produit\/sonde-prelevement-echantillonnage-longueur-2-m\/\" \/>\n<meta property=\"og:locale\" content=\"fr_FR\" \/>\n<meta property=\"og:type\" content=\"article\" \/>\n<meta property=\"og:title\" content=\"Sonde de pr\u00e9l\u00e8vement et d&#039;\u00e9chantillonnage \u2013 Longueur 2 m \u2013 \u00d8 50 mm - Boutique Hamel\" \/>\n<meta property=\"og:description\" content=\"Canne d&#039;\u00e9chantillonnage de c\u00e9r\u00e9ales. Sonde \u00e0 grain aluminium 2m, \u00d850mm. Pr\u00e9l\u00e8vement cibl\u00e9 pour sacs et remorques. Robuste et transportable.\" \/>\n<meta property=\"og:url\" content=\"https:\/\/www.hamel-france.com\/boutique\/produit\/sonde-prelevement-echantillonnage-longueur-2-m\/\" \/>\n<meta property=\"og:site_name\" content=\"Boutique Hamel\" \/>\n<meta property=\"article:modified_time\" content=\"2025-10-21T11:59:48+00:00\" \/>\n<meta property=\"og:image\" content=\"https:\/\/www.hamel-france.com\/boutique\/wp-content\/uploads\/sites\/2\/2025\/07\/Sonde-manuelle-de-prelevement-et-dechantillonnage-scaled.jpg\" \/>\n\t<meta property=\"og:image:width\" content=\"2560\" \/>\n\t<meta property=\"og:image:height\" content=\"2560\" \/>\n\t<meta property=\"og:image:type\" content=\"image\/jpeg\" \/>\n<meta name=\"twitter:card\" content=\"summary_large_image\" \/>\n<meta name=\"twitter:label1\" content=\"Dur\u00e9e de lecture estim\u00e9e\" \/>\n\t<meta name=\"twitter:data1\" content=\"2 minutes\" \/>\n<script type=\"application\/ld+json\" class=\"yoast-schema-graph\">{\"@context\":\"https:\/\/schema.org\",\"@graph\":[{\"@type\":\"WebPage\",\"@id\":\"https:\/\/www.hamel-france.com\/boutique\/produit\/sonde-prelevement-echantillonnage-longueur-2-m\/\",\"url\":\"https:\/\/www.hamel-france.com\/boutique\/produit\/sonde-prelevement-echantillonnage-longueur-2-m\/\",\"name\":\"Sonde de pr\u00e9l\u00e8vement et d'\u00e9chantillonnage \u2013 Longueur 2 m \u2013 \u00d8 50 mm - Boutique Hamel\",\"isPartOf\":{\"@id\":\"https:\/\/www.hamel-france.com\/boutique\/#website\"},\"datePublished\":\"2025-07-24T13:28:00+00:00\",\"dateModified\":\"2025-10-21T11:59:48+00:00\",\"description\":\"Canne d'\u00e9chantillonnage de c\u00e9r\u00e9ales. Sonde \u00e0 grain aluminium 2m, \u00d850mm. Pr\u00e9l\u00e8vement cibl\u00e9 pour sacs et remorques. Robuste et transportable.\",\"breadcrumb\":{\"@id\":\"https:\/\/www.hamel-france.com\/boutique\/produit\/sonde-prelevement-echantillonnage-longueur-2-m\/#breadcrumb\"},\"inLanguage\":\"fr-FR\",\"potentialAction\":[{\"@type\":\"ReadAction\",\"target\":[\"https:\/\/www.hamel-france.com\/boutique\/produit\/sonde-prelevement-echantillonnage-longueur-2-m\/\"]}]},{\"@type\":\"BreadcrumbList\",\"@id\":\"https:\/\/www.hamel-france.com\/boutique\/produit\/sonde-prelevement-echantillonnage-longueur-2-m\/#breadcrumb\",\"itemListElement\":[{\"@type\":\"ListItem\",\"position\":1,\"name\":\"Accueil\",\"item\":\"https:\/\/www.hamel-france.com\/boutique\/\"},{\"@type\":\"ListItem\",\"position\":2,\"name\":\"Boutique\",\"item\":\"https:\/\/www.hamel-france.com\/boutique\/boutique\/\"},{\"@type\":\"ListItem\",\"position\":3,\"name\":\"Sonde de pr\u00e9l\u00e8vement et d&#8217;\u00e9chantillonnage \u2013 Longueur 2 m \u2013 \u00d8 50 mm\"}]},{\"@type\":\"WebSite\",\"@id\":\"https:\/\/www.hamel-france.com\/boutique\/#website\",\"url\":\"https:\/\/www.hamel-france.com\/boutique\/\",\"name\":\"Boutique Hamel\",\"description\":\"Vente en ligne d&#039;\u00e9quipements&lt;br \/&gt; pour le stockage du grain et le mat\u00e9riel d&#039;\u00e9levage\",\"publisher\":{\"@id\":\"https:\/\/www.hamel-france.com\/boutique\/#organization\"},\"potentialAction\":[{\"@type\":\"SearchAction\",\"target\":{\"@type\":\"EntryPoint\",\"urlTemplate\":\"https:\/\/www.hamel-france.com\/boutique\/?s={search_term_string}\"},\"query-input\":\"required name=search_term_string\"}],\"inLanguage\":\"fr-FR\"},{\"@type\":\"Organization\",\"@id\":\"https:\/\/www.hamel-france.com\/boutique\/#organization\",\"name\":\"Boutique Hamel\",\"url\":\"https:\/\/www.hamel-france.com\/boutique\/\",\"logo\":{\"@type\":\"ImageObject\",\"inLanguage\":\"fr-FR\",\"@id\":\"https:\/\/www.hamel-france.com\/boutique\/#\/schema\/logo\/image\/\",\"url\":\"https:\/\/www.hamel-france.com\/boutique\/wp-content\/uploads\/sites\/2\/2018\/01\/logo-hamel.png\",\"contentUrl\":\"https:\/\/www.hamel-france.com\/boutique\/wp-content\/uploads\/sites\/2\/2018\/01\/logo-hamel.png\",\"width\":470,\"height\":110,\"caption\":\"Boutique Hamel\"},\"image\":{\"@id\":\"https:\/\/www.hamel-france.com\/boutique\/#\/schema\/logo\/image\/\"}}]}<\/script>\n<!-- \/ Yoast SEO plugin. -->","yoast_head_json":{"title":"Sonde de pr\u00e9l\u00e8vement et d'\u00e9chantillonnage \u2013 Longueur 2 m \u2013 \u00d8 50 mm - Boutique Hamel","description":"Canne d'\u00e9chantillonnage de c\u00e9r\u00e9ales. Sonde \u00e0 grain aluminium 2m, \u00d850mm. Pr\u00e9l\u00e8vement cibl\u00e9 pour sacs et remorques. Robuste et transportable.","robots":{"index":"index","follow":"follow","max-snippet":"max-snippet:-1","max-image-preview":"max-image-preview:large","max-video-preview":"max-video-preview:-1"},"canonical":"https:\/\/www.hamel-france.com\/boutique\/produit\/sonde-prelevement-echantillonnage-longueur-2-m\/","og_locale":"fr_FR","og_type":"article","og_title":"Sonde de pr\u00e9l\u00e8vement et d'\u00e9chantillonnage \u2013 Longueur 2 m \u2013 \u00d8 50 mm - Boutique Hamel","og_description":"Canne d'\u00e9chantillonnage de c\u00e9r\u00e9ales. Sonde \u00e0 grain aluminium 2m, \u00d850mm. Pr\u00e9l\u00e8vement cibl\u00e9 pour sacs et remorques. Robuste et transportable.","og_url":"https:\/\/www.hamel-france.com\/boutique\/produit\/sonde-prelevement-echantillonnage-longueur-2-m\/","og_site_name":"Boutique Hamel","article_modified_time":"2025-10-21T11:59:48+00:00","og_image":[{"width":2560,"height":2560,"url":"https:\/\/www.hamel-france.com\/boutique\/wp-content\/uploads\/sites\/2\/2025\/07\/Sonde-manuelle-de-prelevement-et-dechantillonnage-scaled.jpg","type":"image\/jpeg"}],"twitter_card":"summary_large_image","twitter_misc":{"Dur\u00e9e de lecture estim\u00e9e":"2 minutes"},"schema":{"@context":"https:\/\/schema.org","@graph":[{"@type":"WebPage","@id":"https:\/\/www.hamel-france.com\/boutique\/produit\/sonde-prelevement-echantillonnage-longueur-2-m\/","url":"https:\/\/www.hamel-france.com\/boutique\/produit\/sonde-prelevement-echantillonnage-longueur-2-m\/","name":"Sonde de pr\u00e9l\u00e8vement et d'\u00e9chantillonnage \u2013 Longueur 2 m \u2013 \u00d8 50 mm - Boutique Hamel","isPartOf":{"@id":"https:\/\/www.hamel-france.com\/boutique\/#website"},"datePublished":"2025-07-24T13:28:00+00:00","dateModified":"2025-10-21T11:59:48+00:00","description":"Canne d'\u00e9chantillonnage de c\u00e9r\u00e9ales. Sonde \u00e0 grain aluminium 2m, \u00d850mm. Pr\u00e9l\u00e8vement cibl\u00e9 pour sacs et remorques. Robuste et transportable.","breadcrumb":{"@id":"https:\/\/www.hamel-france.com\/boutique\/produit\/sonde-prelevement-echantillonnage-longueur-2-m\/#breadcrumb"},"inLanguage":"fr-FR","potentialAction":[{"@type":"ReadAction","target":["https:\/\/www.hamel-france.com\/boutique\/produit\/sonde-prelevement-echantillonnage-longueur-2-m\/"]}]},{"@type":"BreadcrumbList","@id":"https:\/\/www.hamel-france.com\/boutique\/produit\/sonde-prelevement-echantillonnage-longueur-2-m\/#breadcrumb","itemListElement":[{"@type":"ListItem","position":1,"name":"Accueil","item":"https:\/\/www.hamel-france.com\/boutique\/"},{"@type":"ListItem","position":2,"name":"Boutique","item":"https:\/\/www.hamel-france.com\/boutique\/boutique\/"},{"@type":"ListItem","position":3,"name":"Sonde de pr\u00e9l\u00e8vement et d&#8217;\u00e9chantillonnage \u2013 Longueur 2 m \u2013 \u00d8 50 mm"}]},{"@type":"WebSite","@id":"https:\/\/www.hamel-france.com\/boutique\/#website","url":"https:\/\/www.hamel-france.com\/boutique\/","name":"Boutique Hamel","description":"Vente en ligne d&#039;\u00e9quipements&lt;br \/&gt; pour le stockage du grain et le mat\u00e9riel d&#039;\u00e9levage","publisher":{"@id":"https:\/\/www.hamel-france.com\/boutique\/#organization"},"potentialAction":[{"@type":"SearchAction","target":{"@type":"EntryPoint","urlTemplate":"https:\/\/www.hamel-france.com\/boutique\/?s={search_term_string}"},"query-input":"required name=search_term_string"}],"inLanguage":"fr-FR"},{"@type":"Organization","@id":"https:\/\/www.hamel-france.com\/boutique\/#organization","name":"Boutique Hamel","url":"https:\/\/www.hamel-france.com\/boutique\/","logo":{"@type":"ImageObject","inLanguage":"fr-FR","@id":"https:\/\/www.hamel-france.com\/boutique\/#\/schema\/logo\/image\/","url":"https:\/\/www.hamel-france.com\/boutique\/wp-content\/uploads\/sites\/2\/2018\/01\/logo-hamel.png","contentUrl":"https:\/\/www.hamel-france.com\/boutique\/wp-content\/uploads\/sites\/2\/2018\/01\/logo-hamel.png","width":470,"height":110,"caption":"Boutique Hamel"},"image":{"@id":"https:\/\/www.hamel-france.com\/boutique\/#\/schema\/logo\/image\/"}}]}},"_links":{"self":[{"href":"https:\/\/www.hamel-france.com\/boutique\/wp-json\/wp\/v2\/product\/36358"}],"collection":[{"href":"https:\/\/www.hamel-france.com\/boutique\/wp-json\/wp\/v2\/product"}],"about":[{"href":"https:\/\/www.hamel-france.com\/boutique\/wp-json\/wp\/v2\/types\/product"}],"wp:featuredmedia":[{"embeddable":true,"href":"https:\/\/www.hamel-france.com\/boutique\/wp-json\/wp\/v2\/media\/36365"}],"wp:attachment":[{"href":"https:\/\/www.hamel-france.com\/boutique\/wp-json\/wp\/v2\/media?parent=36358"}],"wp:term":[{"taxonomy":"product_cat","embeddable":true,"href":"https:\/\/www.hamel-france.com\/boutique\/wp-json\/wp\/v2\/product_cat?post=36358"},{"taxonomy":"product_tag","embeddable":true,"href":"https:\/\/www.hamel-france.com\/boutique\/wp-json\/wp\/v2\/product_tag?post=36358"}],"curies":[{"name":"wp","href":"https:\/\/api.w.org\/{rel}","templated":true}]}}