{"id":36273,"date":"2025-04-18T15:00:02","date_gmt":"2025-04-18T13:00:02","guid":{"rendered":"https:\/\/www.hamel-france.com\/boutique\/?post_type=product&#038;p=36273"},"modified":"2025-11-06T10:32:29","modified_gmt":"2025-11-06T09:32:29","slug":"silo-sur-pieds-capacite-12m3","status":"publish","type":"product","link":"https:\/\/www.hamel-france.com\/boutique\/produit\/silo-sur-pieds-capacite-12m3\/","title":{"rendered":"Silo sur pieds 2500X2200mm Hauteur : 3950mm  Capacit\u00e9 : 12.68m3"},"content":{"rendered":"<h2>Silo sur pieds rectangulaire 2500 X 2200mm<\/h2>\n<h3>La pente du c\u00f4ne de ce silo est de 40\u00b0, elle convient pour : bl\u00e9, orge, ma\u00efs, soja, pois, f\u00e9veroles, sorgho, (autres c\u00e9r\u00e9ales, nous consulter)<\/h3>\n<h4>Capacit\u00e9 de stockage du silo : 12.68m3<\/h4>\n<h5>Hauteur totale du silo : 6950mm (dont 2 r\u00e9hausses de paroi de 900mm et 1 r\u00e9hausse de paroi de 400mm)<\/h5>\n<p>Poids a vide du Silo sur pieds : 950Kg<\/p>\n<ul>\n<li>Hauteur sous trappe : 750mm, (<em>hauteur possible de : 1200mm sur devis <\/em>)<\/li>\n<\/ul>\n<p>Livr\u00e9 avec :<\/p>\n<ul>\n<li>1 trappe de vidange de 200X200mm<\/li>\n<li>1 porte de visite permettant l&#8217;acc\u00e9s \u00e0 l&#8217;int\u00e9rieur du silo.<\/li>\n<li>2\u00a0 regards pour contr\u00f4ler le niveau des grains<\/li>\n<li>1 tube de ventilation \u00d8250mm avec perforations de 2 mm<\/li>\n<\/ul>\n<p>Usage du silo\u00a0sur pieds : int\u00e9rieur sous b\u00e2timent<\/p>\n<p>&nbsp;<\/p>\n<p><strong>Plus d\u2019info <a href=\"http:\/\/www.hamel-france.com\/boutique\/categorie-produit\/equipements-cerealiers\/stockage\/\" target=\"_blank\" rel=\"noopener noreferrer\">ici<\/a><\/strong><\/p>\n<p>&nbsp;<\/p>\n<p><em><strong>D&#8217;autres dimensions en longueurs, largeurs et hauteurs sont disponibles, <\/strong><\/em><strong>d<\/strong><strong>emandez<\/strong> <a href=\"http:\/\/www.hamel-france.com\/boutique\/contact\/\" target=\"_blank\" rel=\"noopener noreferrer\">un devis ici<\/a>.<\/p>\n<p>&nbsp;<\/p>\n<p><a href=\"http:\/\/www.hamel-france.com\/hamel\/temoignages-clients-hamel\/\" target=\"_blank\" rel=\"noopener noreferrer\"><strong>T\u00e9moignages Clients !!!<\/strong><\/a><\/p>\n<p>&nbsp;<\/p>\n<p>Mat\u00e9riel livr\u00e9 en kit, non assembl\u00e9, non mont\u00e9, pr\u00e9voir 2 personnes pour l\u2019assemblage.<\/p>\n<p>Mat\u00e9riel livr\u00e9 avec notice et l&#8217;assistance technique d\u2019aide au montage est gratuite par t\u00e9l\u00e9phone au : 05.63.64.48.48 (co\u00fbt d\u2019un appel local).<\/p>\n<p>Livraison en france continentale uniquement. Silo vendu seul sans \u00e9quipements\/mat\u00e9riels visible sur les photos.<\/p>\n<p><em>Photos et sch\u00e9mas non contractuels<\/em><\/p>\n","protected":false},"excerpt":{"rendered":"<p>D&#8217;autres dimensions sont disponibles : demandez un devis <a href=\"http:\/\/www.hamel-france.com\/boutique\/contact\/\" target=\"_blank\" rel=\"noopener noreferrer\"><strong>ici<\/strong><\/a><\/p>\n","protected":false},"featured_media":36275,"template":"","meta":{"_mi_skip_tracking":false,"_exactmetrics_sitenote_active":false,"_exactmetrics_sitenote_note":"","_exactmetrics_sitenote_category":0},"product_cat":[29],"product_tag":[],"acf":[],"yoast_head":"<!-- This site is optimized with the Yoast SEO plugin v21.7 - https:\/\/yoast.com\/wordpress\/plugins\/seo\/ -->\n<title>Silo sur pieds galvanis\u00e9 2,5mX2,2m | hauteur : 3,95m | 12,68m3<\/title>\n<meta name=\"description\" content=\"Silo sur pieds rectangulaire sur pieds 2500X2200mm avec pente du c\u00f4ne \u00e0 40\u00b0.Capacit\u00e9 de 12.68m3. Trappe de vidange de 200X200mm, tube de ventilation..\" \/>\n<meta name=\"robots\" content=\"index, follow, max-snippet:-1, max-image-preview:large, max-video-preview:-1\" \/>\n<link rel=\"canonical\" href=\"https:\/\/www.hamel-france.com\/boutique\/produit\/silo-sur-pieds-capacite-12m3\/\" \/>\n<meta property=\"og:locale\" content=\"fr_FR\" \/>\n<meta property=\"og:type\" content=\"article\" \/>\n<meta property=\"og:title\" content=\"Silo sur pieds galvanis\u00e9 2,5mX2,2m | hauteur : 3,95m | 12,68m3\" \/>\n<meta property=\"og:description\" content=\"Silo sur pieds rectangulaire sur pieds 2500X2200mm avec pente du c\u00f4ne \u00e0 40\u00b0.Capacit\u00e9 de 12.68m3. Trappe de vidange de 200X200mm, tube de ventilation..\" \/>\n<meta property=\"og:url\" content=\"https:\/\/www.hamel-france.com\/boutique\/produit\/silo-sur-pieds-capacite-12m3\/\" \/>\n<meta property=\"og:site_name\" content=\"Boutique Hamel\" \/>\n<meta property=\"article:modified_time\" content=\"2025-11-06T09:32:29+00:00\" \/>\n<meta property=\"og:image\" content=\"https:\/\/www.hamel-france.com\/boutique\/wp-content\/uploads\/sites\/2\/2025\/04\/silo-capacite12m3-2.5mx2.2m-scaled.jpg\" \/>\n\t<meta property=\"og:image:width\" content=\"2560\" \/>\n\t<meta property=\"og:image:height\" content=\"2545\" \/>\n\t<meta property=\"og:image:type\" content=\"image\/jpeg\" \/>\n<meta name=\"twitter:card\" content=\"summary_large_image\" \/>\n<meta name=\"twitter:label1\" content=\"Dur\u00e9e de lecture estim\u00e9e\" \/>\n\t<meta name=\"twitter:data1\" content=\"2 minutes\" \/>\n<script type=\"application\/ld+json\" class=\"yoast-schema-graph\">{\"@context\":\"https:\/\/schema.org\",\"@graph\":[{\"@type\":\"WebPage\",\"@id\":\"https:\/\/www.hamel-france.com\/boutique\/produit\/silo-sur-pieds-capacite-12m3\/\",\"url\":\"https:\/\/www.hamel-france.com\/boutique\/produit\/silo-sur-pieds-capacite-12m3\/\",\"name\":\"Silo sur pieds galvanis\u00e9 2,5mX2,2m | hauteur : 3,95m | 12,68m3\",\"isPartOf\":{\"@id\":\"https:\/\/www.hamel-france.com\/boutique\/#website\"},\"datePublished\":\"2025-04-18T13:00:02+00:00\",\"dateModified\":\"2025-11-06T09:32:29+00:00\",\"description\":\"Silo sur pieds rectangulaire sur pieds 2500X2200mm avec pente du c\u00f4ne \u00e0 40\u00b0.Capacit\u00e9 de 12.68m3. Trappe de vidange de 200X200mm, tube de ventilation..\",\"breadcrumb\":{\"@id\":\"https:\/\/www.hamel-france.com\/boutique\/produit\/silo-sur-pieds-capacite-12m3\/#breadcrumb\"},\"inLanguage\":\"fr-FR\",\"potentialAction\":[{\"@type\":\"ReadAction\",\"target\":[\"https:\/\/www.hamel-france.com\/boutique\/produit\/silo-sur-pieds-capacite-12m3\/\"]}]},{\"@type\":\"BreadcrumbList\",\"@id\":\"https:\/\/www.hamel-france.com\/boutique\/produit\/silo-sur-pieds-capacite-12m3\/#breadcrumb\",\"itemListElement\":[{\"@type\":\"ListItem\",\"position\":1,\"name\":\"Accueil\",\"item\":\"https:\/\/www.hamel-france.com\/boutique\/\"},{\"@type\":\"ListItem\",\"position\":2,\"name\":\"Boutique\",\"item\":\"https:\/\/www.hamel-france.com\/boutique\/boutique\/\"},{\"@type\":\"ListItem\",\"position\":3,\"name\":\"Silo sur pieds 2500X2200mm Hauteur : 3950mm Capacit\u00e9 : 12.68m3\"}]},{\"@type\":\"WebSite\",\"@id\":\"https:\/\/www.hamel-france.com\/boutique\/#website\",\"url\":\"https:\/\/www.hamel-france.com\/boutique\/\",\"name\":\"Boutique Hamel\",\"description\":\"Vente en ligne d&#039;\u00e9quipements&lt;br \/&gt; pour le stockage du grain et le mat\u00e9riel d&#039;\u00e9levage\",\"publisher\":{\"@id\":\"https:\/\/www.hamel-france.com\/boutique\/#organization\"},\"potentialAction\":[{\"@type\":\"SearchAction\",\"target\":{\"@type\":\"EntryPoint\",\"urlTemplate\":\"https:\/\/www.hamel-france.com\/boutique\/?s={search_term_string}\"},\"query-input\":\"required name=search_term_string\"}],\"inLanguage\":\"fr-FR\"},{\"@type\":\"Organization\",\"@id\":\"https:\/\/www.hamel-france.com\/boutique\/#organization\",\"name\":\"Boutique Hamel\",\"url\":\"https:\/\/www.hamel-france.com\/boutique\/\",\"logo\":{\"@type\":\"ImageObject\",\"inLanguage\":\"fr-FR\",\"@id\":\"https:\/\/www.hamel-france.com\/boutique\/#\/schema\/logo\/image\/\",\"url\":\"https:\/\/www.hamel-france.com\/boutique\/wp-content\/uploads\/sites\/2\/2018\/01\/logo-hamel.png\",\"contentUrl\":\"https:\/\/www.hamel-france.com\/boutique\/wp-content\/uploads\/sites\/2\/2018\/01\/logo-hamel.png\",\"width\":470,\"height\":110,\"caption\":\"Boutique Hamel\"},\"image\":{\"@id\":\"https:\/\/www.hamel-france.com\/boutique\/#\/schema\/logo\/image\/\"}}]}<\/script>\n<!-- \/ Yoast SEO plugin. -->","yoast_head_json":{"title":"Silo sur pieds galvanis\u00e9 2,5mX2,2m | hauteur : 3,95m | 12,68m3","description":"Silo sur pieds rectangulaire sur pieds 2500X2200mm avec pente du c\u00f4ne \u00e0 40\u00b0.Capacit\u00e9 de 12.68m3. Trappe de vidange de 200X200mm, tube de ventilation..","robots":{"index":"index","follow":"follow","max-snippet":"max-snippet:-1","max-image-preview":"max-image-preview:large","max-video-preview":"max-video-preview:-1"},"canonical":"https:\/\/www.hamel-france.com\/boutique\/produit\/silo-sur-pieds-capacite-12m3\/","og_locale":"fr_FR","og_type":"article","og_title":"Silo sur pieds galvanis\u00e9 2,5mX2,2m | hauteur : 3,95m | 12,68m3","og_description":"Silo sur pieds rectangulaire sur pieds 2500X2200mm avec pente du c\u00f4ne \u00e0 40\u00b0.Capacit\u00e9 de 12.68m3. Trappe de vidange de 200X200mm, tube de ventilation..","og_url":"https:\/\/www.hamel-france.com\/boutique\/produit\/silo-sur-pieds-capacite-12m3\/","og_site_name":"Boutique Hamel","article_modified_time":"2025-11-06T09:32:29+00:00","og_image":[{"width":2560,"height":2545,"url":"https:\/\/www.hamel-france.com\/boutique\/wp-content\/uploads\/sites\/2\/2025\/04\/silo-capacite12m3-2.5mx2.2m-scaled.jpg","type":"image\/jpeg"}],"twitter_card":"summary_large_image","twitter_misc":{"Dur\u00e9e de lecture estim\u00e9e":"2 minutes"},"schema":{"@context":"https:\/\/schema.org","@graph":[{"@type":"WebPage","@id":"https:\/\/www.hamel-france.com\/boutique\/produit\/silo-sur-pieds-capacite-12m3\/","url":"https:\/\/www.hamel-france.com\/boutique\/produit\/silo-sur-pieds-capacite-12m3\/","name":"Silo sur pieds galvanis\u00e9 2,5mX2,2m | hauteur : 3,95m | 12,68m3","isPartOf":{"@id":"https:\/\/www.hamel-france.com\/boutique\/#website"},"datePublished":"2025-04-18T13:00:02+00:00","dateModified":"2025-11-06T09:32:29+00:00","description":"Silo sur pieds rectangulaire sur pieds 2500X2200mm avec pente du c\u00f4ne \u00e0 40\u00b0.Capacit\u00e9 de 12.68m3. Trappe de vidange de 200X200mm, tube de ventilation..","breadcrumb":{"@id":"https:\/\/www.hamel-france.com\/boutique\/produit\/silo-sur-pieds-capacite-12m3\/#breadcrumb"},"inLanguage":"fr-FR","potentialAction":[{"@type":"ReadAction","target":["https:\/\/www.hamel-france.com\/boutique\/produit\/silo-sur-pieds-capacite-12m3\/"]}]},{"@type":"BreadcrumbList","@id":"https:\/\/www.hamel-france.com\/boutique\/produit\/silo-sur-pieds-capacite-12m3\/#breadcrumb","itemListElement":[{"@type":"ListItem","position":1,"name":"Accueil","item":"https:\/\/www.hamel-france.com\/boutique\/"},{"@type":"ListItem","position":2,"name":"Boutique","item":"https:\/\/www.hamel-france.com\/boutique\/boutique\/"},{"@type":"ListItem","position":3,"name":"Silo sur pieds 2500X2200mm Hauteur : 3950mm Capacit\u00e9 : 12.68m3"}]},{"@type":"WebSite","@id":"https:\/\/www.hamel-france.com\/boutique\/#website","url":"https:\/\/www.hamel-france.com\/boutique\/","name":"Boutique Hamel","description":"Vente en ligne d&#039;\u00e9quipements&lt;br \/&gt; pour le stockage du grain et le mat\u00e9riel d&#039;\u00e9levage","publisher":{"@id":"https:\/\/www.hamel-france.com\/boutique\/#organization"},"potentialAction":[{"@type":"SearchAction","target":{"@type":"EntryPoint","urlTemplate":"https:\/\/www.hamel-france.com\/boutique\/?s={search_term_string}"},"query-input":"required name=search_term_string"}],"inLanguage":"fr-FR"},{"@type":"Organization","@id":"https:\/\/www.hamel-france.com\/boutique\/#organization","name":"Boutique Hamel","url":"https:\/\/www.hamel-france.com\/boutique\/","logo":{"@type":"ImageObject","inLanguage":"fr-FR","@id":"https:\/\/www.hamel-france.com\/boutique\/#\/schema\/logo\/image\/","url":"https:\/\/www.hamel-france.com\/boutique\/wp-content\/uploads\/sites\/2\/2018\/01\/logo-hamel.png","contentUrl":"https:\/\/www.hamel-france.com\/boutique\/wp-content\/uploads\/sites\/2\/2018\/01\/logo-hamel.png","width":470,"height":110,"caption":"Boutique Hamel"},"image":{"@id":"https:\/\/www.hamel-france.com\/boutique\/#\/schema\/logo\/image\/"}}]}},"_links":{"self":[{"href":"https:\/\/www.hamel-france.com\/boutique\/wp-json\/wp\/v2\/product\/36273"}],"collection":[{"href":"https:\/\/www.hamel-france.com\/boutique\/wp-json\/wp\/v2\/product"}],"about":[{"href":"https:\/\/www.hamel-france.com\/boutique\/wp-json\/wp\/v2\/types\/product"}],"wp:featuredmedia":[{"embeddable":true,"href":"https:\/\/www.hamel-france.com\/boutique\/wp-json\/wp\/v2\/media\/36275"}],"wp:attachment":[{"href":"https:\/\/www.hamel-france.com\/boutique\/wp-json\/wp\/v2\/media?parent=36273"}],"wp:term":[{"taxonomy":"product_cat","embeddable":true,"href":"https:\/\/www.hamel-france.com\/boutique\/wp-json\/wp\/v2\/product_cat?post=36273"},{"taxonomy":"product_tag","embeddable":true,"href":"https:\/\/www.hamel-france.com\/boutique\/wp-json\/wp\/v2\/product_tag?post=36273"}],"curies":[{"name":"wp","href":"https:\/\/api.w.org\/{rel}","templated":true}]}}