{"id":36225,"date":"2025-04-10T15:25:19","date_gmt":"2025-04-10T13:25:19","guid":{"rendered":"https:\/\/www.hamel-france.com\/boutique\/?post_type=product&#038;p=36225"},"modified":"2026-04-29T14:44:22","modified_gmt":"2026-04-29T12:44:22","slug":"transporteur-a-chaine-20t-h","status":"publish","type":"product","link":"https:\/\/www.hamel-france.com\/boutique\/produit\/transporteur-a-chaine-20t-h\/","title":{"rendered":"Transporteur \u00e0 cha\u00eene 20t\/h"},"content":{"rendered":"<h2>Transporteur \u00e0 cha\u00eene 20T\/h<\/h2>\n<p>Solution pour le transport horizontal des produits en vrac, d\u00e9bit de 20 tonnes\/heure.<\/p>\n<p>Disponibles en 5 longueurs hors tout : 10m, 15m, 20m, 25m et 30m.<\/p>\n<p>Le <strong>convoyeur \u00e0 grains horizontal<\/strong> est \u00e9quip\u00e9 d&#8217;un moto-r\u00e9ducteur triphas\u00e9 de 1.5kw ou 2.2kw suivant la longueur choisie.<\/p>\n<p>\u00c9quipement de manutention livr\u00e9 avec :<\/p>\n<ul>\n<li>Cha\u00eene et rouleaux de retour, tendeur de cha\u00eene, moto-r\u00e9ducteur<\/li>\n<li>Capteur de bourrage en t\u00eate<\/li>\n<li>Pied avec syst\u00e8me tension et conduits interm\u00e9diaires<\/li>\n<li>T\u00f4le de fond acier avec plaques d&#8217;usure PEHD \u00e9paisseur 10 mm<\/li>\n<\/ul>\n<p><strong>Accessoires <\/strong><em>(disponibles sur demande <a href=\"http:\/\/www.hamel-france.com\/boutique\/contact\/\" target=\"_blank\" rel=\"noopener\">ici<\/a>):<\/em><\/p>\n<ul>\n<li>Entr\u00e9es et sorties interm\u00e9diaires suppl\u00e9mentaires<\/li>\n<li>Rouleaux de retour<\/li>\n<li>Boite \u00e0 2 directions sous vanne<\/li>\n<li>Vanne de vidange manuelle, \u00e9lectrique ou pneumatique<\/li>\n<li>Godets de recyclage pour grains filants<\/li>\n<li>Brosse de nettoyage de cha\u00eene<\/li>\n<li>Capot moteur<\/li>\n<li>Capot sur vanne<\/li>\n<li>Fen\u00eatre d&#8217;inspection suppl\u00e9mentaire<\/li>\n<li>Contr\u00f4leur de rotation<\/li>\n<\/ul>\n<p><strong><em>D&#8217;autres longueurs et d\u00e9bits jusqu&#8217;\u00e0 300T\/h sont disponibles, demandez votre devis <a href=\"http:\/\/www.hamel-france.com\/boutique\/contact\/\" target=\"_blank\" rel=\"noopener\">ici<\/a>.<\/em><\/strong><\/p>\n<p>Les d\u00e9bits et capacit\u00e9s des <strong>transporteurs \u00e0 cha\u00eene redler<\/strong><em>\u00a0<\/em>s&#8217;entendent sur des grains d&#8217;un poids sp\u00e9cifique de 750 Kg\/m3 et d&#8217;une humidit\u00e9 de 14%.<\/p>\n<p><em>Mat\u00e9riel livr\u00e9 en kit, non assembl\u00e9, non mont\u00e9 (photos non contractuelles).<br \/>\n<\/em><\/p>\n<p>Livraison France continentale uniquement.<\/p>\n","protected":false},"excerpt":{"rendered":"<p>Transporteur \u00e0 cha\u00eene 20T\/h pour la manutention des produits en vrac, longueurs : 10m, 15m, 20m, 25m et 30m.<\/p>\n<p>Autres longueurs et d\u00e9bits jusqu&#8217;\u00e0 <strong>300T\/h<\/strong>, nous int\u00e9rroger <a href=\"http:\/\/www.hamel-france.com\/boutique\/contact\/\"><strong>ici<\/strong><\/a><\/p>\n","protected":false},"featured_media":36219,"template":"","meta":{"_mi_skip_tracking":false,"_exactmetrics_sitenote_active":false,"_exactmetrics_sitenote_note":"","_exactmetrics_sitenote_category":0},"product_cat":[72],"product_tag":[],"acf":[],"yoast_head":"<!-- This site is optimized with the Yoast SEO plugin v21.7 - https:\/\/yoast.com\/wordpress\/plugins\/seo\/ -->\n<title>Transporteur \u00e0 cha\u00eene 20t\/h | Convoyeur horizontal redler<\/title>\n<meta name=\"description\" content=\"Transporteur \u00e0 cha\u00eene 20t\/h. Livr\u00e9 avrec moto-r\u00e9ducteur triphas\u00e9 de 1.5kw ou 2.2kw suivant longueur. Longueurs totales disponibles : 10m, 15m, 20m, 25m et 30m.\" \/>\n<meta name=\"robots\" content=\"index, follow, max-snippet:-1, max-image-preview:large, max-video-preview:-1\" \/>\n<link rel=\"canonical\" href=\"https:\/\/www.hamel-france.com\/boutique\/produit\/transporteur-a-chaine-20t-h\/\" \/>\n<meta property=\"og:locale\" content=\"fr_FR\" \/>\n<meta property=\"og:type\" content=\"article\" \/>\n<meta property=\"og:title\" content=\"Transporteur \u00e0 cha\u00eene 20t\/h | Convoyeur horizontal redler\" \/>\n<meta property=\"og:description\" content=\"Transporteur \u00e0 cha\u00eene 20t\/h. Livr\u00e9 avrec moto-r\u00e9ducteur triphas\u00e9 de 1.5kw ou 2.2kw suivant longueur. Longueurs totales disponibles : 10m, 15m, 20m, 25m et 30m.\" \/>\n<meta property=\"og:url\" content=\"https:\/\/www.hamel-france.com\/boutique\/produit\/transporteur-a-chaine-20t-h\/\" \/>\n<meta property=\"og:site_name\" content=\"Boutique Hamel\" \/>\n<meta property=\"article:modified_time\" content=\"2026-04-29T12:44:22+00:00\" \/>\n<meta property=\"og:image\" content=\"https:\/\/www.hamel-france.com\/boutique\/wp-content\/uploads\/sites\/2\/2025\/04\/transporteur-a-chaine-ou-convoyeur-a-chaine-pour-le-transport-horizontal-de-produits-en-vrac-HAMEL.jpg\" \/>\n\t<meta property=\"og:image:width\" content=\"400\" \/>\n\t<meta property=\"og:image:height\" content=\"400\" \/>\n\t<meta property=\"og:image:type\" content=\"image\/jpeg\" \/>\n<meta name=\"twitter:card\" content=\"summary_large_image\" \/>\n<meta name=\"twitter:label1\" content=\"Dur\u00e9e de lecture estim\u00e9e\" \/>\n\t<meta name=\"twitter:data1\" content=\"2 minutes\" \/>\n<script type=\"application\/ld+json\" class=\"yoast-schema-graph\">{\"@context\":\"https:\/\/schema.org\",\"@graph\":[{\"@type\":\"WebPage\",\"@id\":\"https:\/\/www.hamel-france.com\/boutique\/produit\/transporteur-a-chaine-20t-h\/\",\"url\":\"https:\/\/www.hamel-france.com\/boutique\/produit\/transporteur-a-chaine-20t-h\/\",\"name\":\"Transporteur \u00e0 cha\u00eene 20t\/h | Convoyeur horizontal redler\",\"isPartOf\":{\"@id\":\"https:\/\/www.hamel-france.com\/boutique\/#website\"},\"datePublished\":\"2025-04-10T13:25:19+00:00\",\"dateModified\":\"2026-04-29T12:44:22+00:00\",\"description\":\"Transporteur \u00e0 cha\u00eene 20t\/h. Livr\u00e9 avrec moto-r\u00e9ducteur triphas\u00e9 de 1.5kw ou 2.2kw suivant longueur. Longueurs totales disponibles : 10m, 15m, 20m, 25m et 30m.\",\"breadcrumb\":{\"@id\":\"https:\/\/www.hamel-france.com\/boutique\/produit\/transporteur-a-chaine-20t-h\/#breadcrumb\"},\"inLanguage\":\"fr-FR\",\"potentialAction\":[{\"@type\":\"ReadAction\",\"target\":[\"https:\/\/www.hamel-france.com\/boutique\/produit\/transporteur-a-chaine-20t-h\/\"]}]},{\"@type\":\"BreadcrumbList\",\"@id\":\"https:\/\/www.hamel-france.com\/boutique\/produit\/transporteur-a-chaine-20t-h\/#breadcrumb\",\"itemListElement\":[{\"@type\":\"ListItem\",\"position\":1,\"name\":\"Accueil\",\"item\":\"https:\/\/www.hamel-france.com\/boutique\/\"},{\"@type\":\"ListItem\",\"position\":2,\"name\":\"Boutique\",\"item\":\"https:\/\/www.hamel-france.com\/boutique\/boutique\/\"},{\"@type\":\"ListItem\",\"position\":3,\"name\":\"Transporteur \u00e0 cha\u00eene 20t\/h\"}]},{\"@type\":\"WebSite\",\"@id\":\"https:\/\/www.hamel-france.com\/boutique\/#website\",\"url\":\"https:\/\/www.hamel-france.com\/boutique\/\",\"name\":\"Boutique Hamel\",\"description\":\"Vente en ligne d&#039;\u00e9quipements&lt;br \/&gt; pour le stockage du grain et le mat\u00e9riel d&#039;\u00e9levage\",\"publisher\":{\"@id\":\"https:\/\/www.hamel-france.com\/boutique\/#organization\"},\"potentialAction\":[{\"@type\":\"SearchAction\",\"target\":{\"@type\":\"EntryPoint\",\"urlTemplate\":\"https:\/\/www.hamel-france.com\/boutique\/?s={search_term_string}\"},\"query-input\":\"required name=search_term_string\"}],\"inLanguage\":\"fr-FR\"},{\"@type\":\"Organization\",\"@id\":\"https:\/\/www.hamel-france.com\/boutique\/#organization\",\"name\":\"Boutique Hamel\",\"url\":\"https:\/\/www.hamel-france.com\/boutique\/\",\"logo\":{\"@type\":\"ImageObject\",\"inLanguage\":\"fr-FR\",\"@id\":\"https:\/\/www.hamel-france.com\/boutique\/#\/schema\/logo\/image\/\",\"url\":\"https:\/\/www.hamel-france.com\/boutique\/wp-content\/uploads\/sites\/2\/2018\/01\/logo-hamel.png\",\"contentUrl\":\"https:\/\/www.hamel-france.com\/boutique\/wp-content\/uploads\/sites\/2\/2018\/01\/logo-hamel.png\",\"width\":470,\"height\":110,\"caption\":\"Boutique Hamel\"},\"image\":{\"@id\":\"https:\/\/www.hamel-france.com\/boutique\/#\/schema\/logo\/image\/\"}}]}<\/script>\n<!-- \/ Yoast SEO plugin. -->","yoast_head_json":{"title":"Transporteur \u00e0 cha\u00eene 20t\/h | Convoyeur horizontal redler","description":"Transporteur \u00e0 cha\u00eene 20t\/h. Livr\u00e9 avrec moto-r\u00e9ducteur triphas\u00e9 de 1.5kw ou 2.2kw suivant longueur. Longueurs totales disponibles : 10m, 15m, 20m, 25m et 30m.","robots":{"index":"index","follow":"follow","max-snippet":"max-snippet:-1","max-image-preview":"max-image-preview:large","max-video-preview":"max-video-preview:-1"},"canonical":"https:\/\/www.hamel-france.com\/boutique\/produit\/transporteur-a-chaine-20t-h\/","og_locale":"fr_FR","og_type":"article","og_title":"Transporteur \u00e0 cha\u00eene 20t\/h | Convoyeur horizontal redler","og_description":"Transporteur \u00e0 cha\u00eene 20t\/h. Livr\u00e9 avrec moto-r\u00e9ducteur triphas\u00e9 de 1.5kw ou 2.2kw suivant longueur. Longueurs totales disponibles : 10m, 15m, 20m, 25m et 30m.","og_url":"https:\/\/www.hamel-france.com\/boutique\/produit\/transporteur-a-chaine-20t-h\/","og_site_name":"Boutique Hamel","article_modified_time":"2026-04-29T12:44:22+00:00","og_image":[{"width":400,"height":400,"url":"https:\/\/www.hamel-france.com\/boutique\/wp-content\/uploads\/sites\/2\/2025\/04\/transporteur-a-chaine-ou-convoyeur-a-chaine-pour-le-transport-horizontal-de-produits-en-vrac-HAMEL.jpg","type":"image\/jpeg"}],"twitter_card":"summary_large_image","twitter_misc":{"Dur\u00e9e de lecture estim\u00e9e":"2 minutes"},"schema":{"@context":"https:\/\/schema.org","@graph":[{"@type":"WebPage","@id":"https:\/\/www.hamel-france.com\/boutique\/produit\/transporteur-a-chaine-20t-h\/","url":"https:\/\/www.hamel-france.com\/boutique\/produit\/transporteur-a-chaine-20t-h\/","name":"Transporteur \u00e0 cha\u00eene 20t\/h | Convoyeur horizontal redler","isPartOf":{"@id":"https:\/\/www.hamel-france.com\/boutique\/#website"},"datePublished":"2025-04-10T13:25:19+00:00","dateModified":"2026-04-29T12:44:22+00:00","description":"Transporteur \u00e0 cha\u00eene 20t\/h. Livr\u00e9 avrec moto-r\u00e9ducteur triphas\u00e9 de 1.5kw ou 2.2kw suivant longueur. Longueurs totales disponibles : 10m, 15m, 20m, 25m et 30m.","breadcrumb":{"@id":"https:\/\/www.hamel-france.com\/boutique\/produit\/transporteur-a-chaine-20t-h\/#breadcrumb"},"inLanguage":"fr-FR","potentialAction":[{"@type":"ReadAction","target":["https:\/\/www.hamel-france.com\/boutique\/produit\/transporteur-a-chaine-20t-h\/"]}]},{"@type":"BreadcrumbList","@id":"https:\/\/www.hamel-france.com\/boutique\/produit\/transporteur-a-chaine-20t-h\/#breadcrumb","itemListElement":[{"@type":"ListItem","position":1,"name":"Accueil","item":"https:\/\/www.hamel-france.com\/boutique\/"},{"@type":"ListItem","position":2,"name":"Boutique","item":"https:\/\/www.hamel-france.com\/boutique\/boutique\/"},{"@type":"ListItem","position":3,"name":"Transporteur \u00e0 cha\u00eene 20t\/h"}]},{"@type":"WebSite","@id":"https:\/\/www.hamel-france.com\/boutique\/#website","url":"https:\/\/www.hamel-france.com\/boutique\/","name":"Boutique Hamel","description":"Vente en ligne d&#039;\u00e9quipements&lt;br \/&gt; pour le stockage du grain et le mat\u00e9riel d&#039;\u00e9levage","publisher":{"@id":"https:\/\/www.hamel-france.com\/boutique\/#organization"},"potentialAction":[{"@type":"SearchAction","target":{"@type":"EntryPoint","urlTemplate":"https:\/\/www.hamel-france.com\/boutique\/?s={search_term_string}"},"query-input":"required name=search_term_string"}],"inLanguage":"fr-FR"},{"@type":"Organization","@id":"https:\/\/www.hamel-france.com\/boutique\/#organization","name":"Boutique Hamel","url":"https:\/\/www.hamel-france.com\/boutique\/","logo":{"@type":"ImageObject","inLanguage":"fr-FR","@id":"https:\/\/www.hamel-france.com\/boutique\/#\/schema\/logo\/image\/","url":"https:\/\/www.hamel-france.com\/boutique\/wp-content\/uploads\/sites\/2\/2018\/01\/logo-hamel.png","contentUrl":"https:\/\/www.hamel-france.com\/boutique\/wp-content\/uploads\/sites\/2\/2018\/01\/logo-hamel.png","width":470,"height":110,"caption":"Boutique Hamel"},"image":{"@id":"https:\/\/www.hamel-france.com\/boutique\/#\/schema\/logo\/image\/"}}]}},"_links":{"self":[{"href":"https:\/\/www.hamel-france.com\/boutique\/wp-json\/wp\/v2\/product\/36225"}],"collection":[{"href":"https:\/\/www.hamel-france.com\/boutique\/wp-json\/wp\/v2\/product"}],"about":[{"href":"https:\/\/www.hamel-france.com\/boutique\/wp-json\/wp\/v2\/types\/product"}],"wp:featuredmedia":[{"embeddable":true,"href":"https:\/\/www.hamel-france.com\/boutique\/wp-json\/wp\/v2\/media\/36219"}],"wp:attachment":[{"href":"https:\/\/www.hamel-france.com\/boutique\/wp-json\/wp\/v2\/media?parent=36225"}],"wp:term":[{"taxonomy":"product_cat","embeddable":true,"href":"https:\/\/www.hamel-france.com\/boutique\/wp-json\/wp\/v2\/product_cat?post=36225"},{"taxonomy":"product_tag","embeddable":true,"href":"https:\/\/www.hamel-france.com\/boutique\/wp-json\/wp\/v2\/product_tag?post=36225"}],"curies":[{"name":"wp","href":"https:\/\/api.w.org\/{rel}","templated":true}]}}