{"id":34847,"date":"2023-07-03T08:58:24","date_gmt":"2023-07-03T06:58:24","guid":{"rendered":"https:\/\/www.hamel-france.com\/boutique\/?post_type=product&#038;p=34847"},"modified":"2024-06-24T11:08:23","modified_gmt":"2024-06-24T09:08:23","slug":"tubes-acier-galvanise-ronds","status":"publish","type":"product","link":"https:\/\/www.hamel-france.com\/boutique\/produit\/tubes-acier-galvanise-ronds\/","title":{"rendered":"M\u00e8tres de tube acier galvanis\u00e9 \u00d8160mm et \u00d8195mm"},"content":{"rendered":"<h2>Tuyau rond en acier galvanis\u00e9 \u00e9p.4mm<\/h2>\n<h2>Diam\u00e8tres disponibles :<\/h2>\n<ul>\n<li>\u00d8160mm<\/li>\n<li>\u00d8195mm<\/li>\n<\/ul>\n<p><strong>Les tuyaux \u00e0 bords nus<\/strong> n\u00e9cessitent des <a href=\"https:\/\/www.hamel-france.com\/boutique\/produit\/collier-de-serrage-pour-tube-acier\/\">Colliers de fixation <\/a>et des <a href=\"https:\/\/www.hamel-france.com\/boutique\/produit\/collerettes-a-souder-en-acier-pour-tubes\/\">Collerettes \u00e0 souder<\/a> pour la jonction aux autres accessoires : <a href=\"https:\/\/www.hamel-france.com\/boutique\/produit\/coudes-30-degre\/\">coudes 30\u00b0<\/a>, <a href=\"https:\/\/www.hamel-france.com\/boutique\/produit\/boite-2-directions-asymetrique-45-degres\/\">bo\u00eete \u00e0 volet<\/a>, etc..<\/p>\n<p>&nbsp;<\/p>\n","protected":false},"excerpt":{"rendered":"<h2>Tuyau galvanis\u00e9 \u00e9p.4mm<\/h2>\n<h2>Diam\u00e8tres disponibles :<\/h2>\n<ul>\n<li>\u00d8160mm<\/li>\n<li>\u00d8195mm<\/li>\n<\/ul>\n<p>Tubes industriels sans collerettes utilis\u00e9s pour la descente gravitaire des grains dans les installations de stockage \u00e0 c\u00e9r\u00e9ales et silos.<\/p>\n<p>Existe \u00e9galement en : \u00d8219mm |\u00a0 \u00d8254mm |\u00a0 \u00d8273mm |\u00a0 \u00d8324mm, <a href=\"https:\/\/www.hamel-france.com\/boutique\/contact\/\">demander un devis<\/a>.<\/p>\n","protected":false},"featured_media":34854,"template":"","meta":{"_mi_skip_tracking":false,"_exactmetrics_sitenote_active":false,"_exactmetrics_sitenote_note":"","_exactmetrics_sitenote_category":0},"product_cat":[58],"product_tag":[],"acf":[],"yoast_head":"<!-- This site is optimized with the Yoast SEO plugin v21.7 - https:\/\/yoast.com\/wordpress\/plugins\/seo\/ -->\n<title>Tubes ronds acier galvanis\u00e9 \u00d8160mm et \u00d8195mm - Hamel France<\/title>\n<meta name=\"description\" content=\"Tuyaux galvanis\u00e9s diam\u00e8tre 160mm et 195mm, \u00e9paisseur : 4mm. Utilis\u00e9s dans les installations agricoles pour la descentes des grains et c\u00e9r\u00e9ales.\" \/>\n<meta name=\"robots\" content=\"index, follow, max-snippet:-1, max-image-preview:large, max-video-preview:-1\" \/>\n<link rel=\"canonical\" href=\"https:\/\/www.hamel-france.com\/boutique\/produit\/tubes-acier-galvanise-ronds\/\" \/>\n<meta property=\"og:locale\" content=\"fr_FR\" \/>\n<meta property=\"og:type\" content=\"article\" \/>\n<meta property=\"og:title\" content=\"Tubes ronds acier galvanis\u00e9 \u00d8160mm et \u00d8195mm - Hamel France\" \/>\n<meta property=\"og:description\" content=\"Tuyaux galvanis\u00e9s diam\u00e8tre 160mm et 195mm, \u00e9paisseur : 4mm. Utilis\u00e9s dans les installations agricoles pour la descentes des grains et c\u00e9r\u00e9ales.\" \/>\n<meta property=\"og:url\" content=\"https:\/\/www.hamel-france.com\/boutique\/produit\/tubes-acier-galvanise-ronds\/\" \/>\n<meta property=\"og:site_name\" content=\"Boutique Hamel\" \/>\n<meta property=\"article:modified_time\" content=\"2024-06-24T09:08:23+00:00\" \/>\n<meta property=\"og:image\" content=\"https:\/\/www.hamel-france.com\/boutique\/wp-content\/uploads\/sites\/2\/2023\/11\/tubes-galva-\u00d8160-\u00d8195-\u00d8219-\u00d8254-\u00d8273-\u00d8324mm.jpg\" \/>\n\t<meta property=\"og:image:width\" content=\"800\" \/>\n\t<meta property=\"og:image:height\" content=\"800\" \/>\n\t<meta property=\"og:image:type\" content=\"image\/jpeg\" \/>\n<meta name=\"twitter:card\" content=\"summary_large_image\" \/>\n<meta name=\"twitter:label1\" content=\"Dur\u00e9e de lecture estim\u00e9e\" \/>\n\t<meta name=\"twitter:data1\" content=\"1 minute\" \/>\n<script type=\"application\/ld+json\" class=\"yoast-schema-graph\">{\"@context\":\"https:\/\/schema.org\",\"@graph\":[{\"@type\":\"WebPage\",\"@id\":\"https:\/\/www.hamel-france.com\/boutique\/produit\/tubes-acier-galvanise-ronds\/\",\"url\":\"https:\/\/www.hamel-france.com\/boutique\/produit\/tubes-acier-galvanise-ronds\/\",\"name\":\"Tubes ronds acier galvanis\u00e9 \u00d8160mm et \u00d8195mm - Hamel France\",\"isPartOf\":{\"@id\":\"https:\/\/www.hamel-france.com\/boutique\/#website\"},\"datePublished\":\"2023-07-03T06:58:24+00:00\",\"dateModified\":\"2024-06-24T09:08:23+00:00\",\"description\":\"Tuyaux galvanis\u00e9s diam\u00e8tre 160mm et 195mm, \u00e9paisseur : 4mm. Utilis\u00e9s dans les installations agricoles pour la descentes des grains et c\u00e9r\u00e9ales.\",\"breadcrumb\":{\"@id\":\"https:\/\/www.hamel-france.com\/boutique\/produit\/tubes-acier-galvanise-ronds\/#breadcrumb\"},\"inLanguage\":\"fr-FR\",\"potentialAction\":[{\"@type\":\"ReadAction\",\"target\":[\"https:\/\/www.hamel-france.com\/boutique\/produit\/tubes-acier-galvanise-ronds\/\"]}]},{\"@type\":\"BreadcrumbList\",\"@id\":\"https:\/\/www.hamel-france.com\/boutique\/produit\/tubes-acier-galvanise-ronds\/#breadcrumb\",\"itemListElement\":[{\"@type\":\"ListItem\",\"position\":1,\"name\":\"Accueil\",\"item\":\"https:\/\/www.hamel-france.com\/boutique\/\"},{\"@type\":\"ListItem\",\"position\":2,\"name\":\"Boutique\",\"item\":\"https:\/\/www.hamel-france.com\/boutique\/boutique\/\"},{\"@type\":\"ListItem\",\"position\":3,\"name\":\"M\u00e8tres de tube acier galvanis\u00e9 \u00d8160mm et \u00d8195mm\"}]},{\"@type\":\"WebSite\",\"@id\":\"https:\/\/www.hamel-france.com\/boutique\/#website\",\"url\":\"https:\/\/www.hamel-france.com\/boutique\/\",\"name\":\"Boutique Hamel\",\"description\":\"Vente en ligne d&#039;\u00e9quipements&lt;br \/&gt; pour le stockage du grain et le mat\u00e9riel d&#039;\u00e9levage\",\"publisher\":{\"@id\":\"https:\/\/www.hamel-france.com\/boutique\/#organization\"},\"potentialAction\":[{\"@type\":\"SearchAction\",\"target\":{\"@type\":\"EntryPoint\",\"urlTemplate\":\"https:\/\/www.hamel-france.com\/boutique\/?s={search_term_string}\"},\"query-input\":\"required name=search_term_string\"}],\"inLanguage\":\"fr-FR\"},{\"@type\":\"Organization\",\"@id\":\"https:\/\/www.hamel-france.com\/boutique\/#organization\",\"name\":\"Boutique Hamel\",\"url\":\"https:\/\/www.hamel-france.com\/boutique\/\",\"logo\":{\"@type\":\"ImageObject\",\"inLanguage\":\"fr-FR\",\"@id\":\"https:\/\/www.hamel-france.com\/boutique\/#\/schema\/logo\/image\/\",\"url\":\"https:\/\/www.hamel-france.com\/boutique\/wp-content\/uploads\/sites\/2\/2018\/01\/logo-hamel.png\",\"contentUrl\":\"https:\/\/www.hamel-france.com\/boutique\/wp-content\/uploads\/sites\/2\/2018\/01\/logo-hamel.png\",\"width\":470,\"height\":110,\"caption\":\"Boutique Hamel\"},\"image\":{\"@id\":\"https:\/\/www.hamel-france.com\/boutique\/#\/schema\/logo\/image\/\"}}]}<\/script>\n<!-- \/ Yoast SEO plugin. -->","yoast_head_json":{"title":"Tubes ronds acier galvanis\u00e9 \u00d8160mm et \u00d8195mm - Hamel France","description":"Tuyaux galvanis\u00e9s diam\u00e8tre 160mm et 195mm, \u00e9paisseur : 4mm. Utilis\u00e9s dans les installations agricoles pour la descentes des grains et c\u00e9r\u00e9ales.","robots":{"index":"index","follow":"follow","max-snippet":"max-snippet:-1","max-image-preview":"max-image-preview:large","max-video-preview":"max-video-preview:-1"},"canonical":"https:\/\/www.hamel-france.com\/boutique\/produit\/tubes-acier-galvanise-ronds\/","og_locale":"fr_FR","og_type":"article","og_title":"Tubes ronds acier galvanis\u00e9 \u00d8160mm et \u00d8195mm - Hamel France","og_description":"Tuyaux galvanis\u00e9s diam\u00e8tre 160mm et 195mm, \u00e9paisseur : 4mm. Utilis\u00e9s dans les installations agricoles pour la descentes des grains et c\u00e9r\u00e9ales.","og_url":"https:\/\/www.hamel-france.com\/boutique\/produit\/tubes-acier-galvanise-ronds\/","og_site_name":"Boutique Hamel","article_modified_time":"2024-06-24T09:08:23+00:00","og_image":[{"width":800,"height":800,"url":"https:\/\/www.hamel-france.com\/boutique\/wp-content\/uploads\/sites\/2\/2023\/11\/tubes-galva-\u00d8160-\u00d8195-\u00d8219-\u00d8254-\u00d8273-\u00d8324mm.jpg","type":"image\/jpeg"}],"twitter_card":"summary_large_image","twitter_misc":{"Dur\u00e9e de lecture estim\u00e9e":"1 minute"},"schema":{"@context":"https:\/\/schema.org","@graph":[{"@type":"WebPage","@id":"https:\/\/www.hamel-france.com\/boutique\/produit\/tubes-acier-galvanise-ronds\/","url":"https:\/\/www.hamel-france.com\/boutique\/produit\/tubes-acier-galvanise-ronds\/","name":"Tubes ronds acier galvanis\u00e9 \u00d8160mm et \u00d8195mm - Hamel France","isPartOf":{"@id":"https:\/\/www.hamel-france.com\/boutique\/#website"},"datePublished":"2023-07-03T06:58:24+00:00","dateModified":"2024-06-24T09:08:23+00:00","description":"Tuyaux galvanis\u00e9s diam\u00e8tre 160mm et 195mm, \u00e9paisseur : 4mm. Utilis\u00e9s dans les installations agricoles pour la descentes des grains et c\u00e9r\u00e9ales.","breadcrumb":{"@id":"https:\/\/www.hamel-france.com\/boutique\/produit\/tubes-acier-galvanise-ronds\/#breadcrumb"},"inLanguage":"fr-FR","potentialAction":[{"@type":"ReadAction","target":["https:\/\/www.hamel-france.com\/boutique\/produit\/tubes-acier-galvanise-ronds\/"]}]},{"@type":"BreadcrumbList","@id":"https:\/\/www.hamel-france.com\/boutique\/produit\/tubes-acier-galvanise-ronds\/#breadcrumb","itemListElement":[{"@type":"ListItem","position":1,"name":"Accueil","item":"https:\/\/www.hamel-france.com\/boutique\/"},{"@type":"ListItem","position":2,"name":"Boutique","item":"https:\/\/www.hamel-france.com\/boutique\/boutique\/"},{"@type":"ListItem","position":3,"name":"M\u00e8tres de tube acier galvanis\u00e9 \u00d8160mm et \u00d8195mm"}]},{"@type":"WebSite","@id":"https:\/\/www.hamel-france.com\/boutique\/#website","url":"https:\/\/www.hamel-france.com\/boutique\/","name":"Boutique Hamel","description":"Vente en ligne d&#039;\u00e9quipements&lt;br \/&gt; pour le stockage du grain et le mat\u00e9riel d&#039;\u00e9levage","publisher":{"@id":"https:\/\/www.hamel-france.com\/boutique\/#organization"},"potentialAction":[{"@type":"SearchAction","target":{"@type":"EntryPoint","urlTemplate":"https:\/\/www.hamel-france.com\/boutique\/?s={search_term_string}"},"query-input":"required name=search_term_string"}],"inLanguage":"fr-FR"},{"@type":"Organization","@id":"https:\/\/www.hamel-france.com\/boutique\/#organization","name":"Boutique Hamel","url":"https:\/\/www.hamel-france.com\/boutique\/","logo":{"@type":"ImageObject","inLanguage":"fr-FR","@id":"https:\/\/www.hamel-france.com\/boutique\/#\/schema\/logo\/image\/","url":"https:\/\/www.hamel-france.com\/boutique\/wp-content\/uploads\/sites\/2\/2018\/01\/logo-hamel.png","contentUrl":"https:\/\/www.hamel-france.com\/boutique\/wp-content\/uploads\/sites\/2\/2018\/01\/logo-hamel.png","width":470,"height":110,"caption":"Boutique Hamel"},"image":{"@id":"https:\/\/www.hamel-france.com\/boutique\/#\/schema\/logo\/image\/"}}]}},"_links":{"self":[{"href":"https:\/\/www.hamel-france.com\/boutique\/wp-json\/wp\/v2\/product\/34847"}],"collection":[{"href":"https:\/\/www.hamel-france.com\/boutique\/wp-json\/wp\/v2\/product"}],"about":[{"href":"https:\/\/www.hamel-france.com\/boutique\/wp-json\/wp\/v2\/types\/product"}],"wp:featuredmedia":[{"embeddable":true,"href":"https:\/\/www.hamel-france.com\/boutique\/wp-json\/wp\/v2\/media\/34854"}],"wp:attachment":[{"href":"https:\/\/www.hamel-france.com\/boutique\/wp-json\/wp\/v2\/media?parent=34847"}],"wp:term":[{"taxonomy":"product_cat","embeddable":true,"href":"https:\/\/www.hamel-france.com\/boutique\/wp-json\/wp\/v2\/product_cat?post=34847"},{"taxonomy":"product_tag","embeddable":true,"href":"https:\/\/www.hamel-france.com\/boutique\/wp-json\/wp\/v2\/product_tag?post=34847"}],"curies":[{"name":"wp","href":"https:\/\/api.w.org\/{rel}","templated":true}]}}