{"id":34816,"date":"2023-01-02T14:38:54","date_gmt":"2023-01-02T13:38:54","guid":{"rendered":"https:\/\/www.hamel-france.com\/boutique\/?post_type=product&#038;p=34816"},"modified":"2025-12-09T11:56:44","modified_gmt":"2025-12-09T10:56:44","slug":"collerettes-a-souder-en-acier-pour-tubes","status":"publish","type":"product","link":"https:\/\/www.hamel-france.com\/boutique\/produit\/collerettes-a-souder-en-acier-pour-tubes\/","title":{"rendered":"Collerettes \u00e0 souder \u00d8160mm | \u00d8195mm | \u00d8273mm"},"content":{"rendered":"<h1>Collerettes \u00e0 souder en acier pour tubes<\/h1>\n<h2>Diam\u00e8tres disponibles :<\/h2>\n<ul>\n<li>\u00d8160mm<\/li>\n<li>\u00d8195mm<\/li>\n<li>\u00d8273mm<\/li>\n<\/ul>\n<p>Collerette \u00e0 souder sur un tube de m\u00eame diam\u00e8tre pour le raccordement d&#8217;accessoires : by-pass, coudes 15\u00b0, coudes 30\u00b0, bo\u00eete de chute, etc&#8230; dans les installations de stockage \u00e0 grains et silos agricoles.<\/p>\n<p>N\u00e9cessite un <a href=\"https:\/\/www.hamel-france.com\/boutique\/produit\/collier-de-serrage-pour-tube-acier\/\">Collier de serrage pour la jonction aux accessoires.<\/a><\/p>\n<p>&nbsp;<\/p>\n<p>&nbsp;<\/p>\n","protected":false},"excerpt":{"rendered":"<p>Existe \u00e9galement en : \u00d8219 \u00d8254 \u00d8324mm, <a href=\"https:\/\/www.hamel-france.com\/boutique\/contact\/\">demander un devis<\/a>.<\/p>\n","protected":false},"featured_media":34825,"template":"","meta":{"_mi_skip_tracking":false,"_exactmetrics_sitenote_active":false,"_exactmetrics_sitenote_note":"","_exactmetrics_sitenote_category":0},"product_cat":[58],"product_tag":[],"acf":[],"yoast_head":"<!-- This site is optimized with the Yoast SEO plugin v21.7 - https:\/\/yoast.com\/wordpress\/plugins\/seo\/ -->\n<title>Collerettes \u00e0 souder en acier pour tubes | Boutique Hamel<\/title>\n<meta name=\"description\" content=\"Collerettes \u00e0 souder en acier pour tubes\u00a0ronds \u00d8160, 195mm et \u00d8273mm. Permet le raccordement des tubes dans les installations agricoles.\" \/>\n<meta name=\"robots\" content=\"index, follow, max-snippet:-1, max-image-preview:large, max-video-preview:-1\" \/>\n<link rel=\"canonical\" href=\"https:\/\/www.hamel-france.com\/boutique\/produit\/collerettes-a-souder-en-acier-pour-tubes\/\" \/>\n<meta property=\"og:locale\" content=\"fr_FR\" \/>\n<meta property=\"og:type\" content=\"article\" \/>\n<meta property=\"og:title\" content=\"Collerettes \u00e0 souder en acier pour tubes | Boutique Hamel\" \/>\n<meta property=\"og:description\" content=\"Collerettes \u00e0 souder en acier pour tubes\u00a0ronds \u00d8160, 195mm et \u00d8273mm. Permet le raccordement des tubes dans les installations agricoles.\" \/>\n<meta property=\"og:url\" content=\"https:\/\/www.hamel-france.com\/boutique\/produit\/collerettes-a-souder-en-acier-pour-tubes\/\" \/>\n<meta property=\"og:site_name\" content=\"Boutique Hamel\" \/>\n<meta property=\"article:modified_time\" content=\"2025-12-09T10:56:44+00:00\" \/>\n<meta property=\"og:image\" content=\"https:\/\/www.hamel-france.com\/boutique\/wp-content\/uploads\/sites\/2\/2023\/11\/colerette-a-souder-acier-\u00d8160-\u00d8195-\u00d8219-\u00d8254-\u00d8273-\u00d8324mm.jpg\" \/>\n\t<meta property=\"og:image:width\" content=\"800\" \/>\n\t<meta property=\"og:image:height\" content=\"800\" \/>\n\t<meta property=\"og:image:type\" content=\"image\/jpeg\" \/>\n<meta name=\"twitter:card\" content=\"summary_large_image\" \/>\n<meta name=\"twitter:label1\" content=\"Dur\u00e9e de lecture estim\u00e9e\" \/>\n\t<meta name=\"twitter:data1\" content=\"1 minute\" \/>\n<script type=\"application\/ld+json\" class=\"yoast-schema-graph\">{\"@context\":\"https:\/\/schema.org\",\"@graph\":[{\"@type\":\"WebPage\",\"@id\":\"https:\/\/www.hamel-france.com\/boutique\/produit\/collerettes-a-souder-en-acier-pour-tubes\/\",\"url\":\"https:\/\/www.hamel-france.com\/boutique\/produit\/collerettes-a-souder-en-acier-pour-tubes\/\",\"name\":\"Collerettes \u00e0 souder en acier pour tubes | Boutique Hamel\",\"isPartOf\":{\"@id\":\"https:\/\/www.hamel-france.com\/boutique\/#website\"},\"datePublished\":\"2023-01-02T13:38:54+00:00\",\"dateModified\":\"2025-12-09T10:56:44+00:00\",\"description\":\"Collerettes \u00e0 souder en acier pour tubes\u00a0ronds \u00d8160, 195mm et \u00d8273mm. Permet le raccordement des tubes dans les installations agricoles.\",\"breadcrumb\":{\"@id\":\"https:\/\/www.hamel-france.com\/boutique\/produit\/collerettes-a-souder-en-acier-pour-tubes\/#breadcrumb\"},\"inLanguage\":\"fr-FR\",\"potentialAction\":[{\"@type\":\"ReadAction\",\"target\":[\"https:\/\/www.hamel-france.com\/boutique\/produit\/collerettes-a-souder-en-acier-pour-tubes\/\"]}]},{\"@type\":\"BreadcrumbList\",\"@id\":\"https:\/\/www.hamel-france.com\/boutique\/produit\/collerettes-a-souder-en-acier-pour-tubes\/#breadcrumb\",\"itemListElement\":[{\"@type\":\"ListItem\",\"position\":1,\"name\":\"Accueil\",\"item\":\"https:\/\/www.hamel-france.com\/boutique\/\"},{\"@type\":\"ListItem\",\"position\":2,\"name\":\"Boutique\",\"item\":\"https:\/\/www.hamel-france.com\/boutique\/boutique\/\"},{\"@type\":\"ListItem\",\"position\":3,\"name\":\"Collerettes \u00e0 souder \u00d8160mm | \u00d8195mm | \u00d8273mm\"}]},{\"@type\":\"WebSite\",\"@id\":\"https:\/\/www.hamel-france.com\/boutique\/#website\",\"url\":\"https:\/\/www.hamel-france.com\/boutique\/\",\"name\":\"Boutique Hamel\",\"description\":\"Vente en ligne d&#039;\u00e9quipements&lt;br \/&gt; pour le stockage du grain et le mat\u00e9riel d&#039;\u00e9levage\",\"publisher\":{\"@id\":\"https:\/\/www.hamel-france.com\/boutique\/#organization\"},\"potentialAction\":[{\"@type\":\"SearchAction\",\"target\":{\"@type\":\"EntryPoint\",\"urlTemplate\":\"https:\/\/www.hamel-france.com\/boutique\/?s={search_term_string}\"},\"query-input\":\"required name=search_term_string\"}],\"inLanguage\":\"fr-FR\"},{\"@type\":\"Organization\",\"@id\":\"https:\/\/www.hamel-france.com\/boutique\/#organization\",\"name\":\"Boutique Hamel\",\"url\":\"https:\/\/www.hamel-france.com\/boutique\/\",\"logo\":{\"@type\":\"ImageObject\",\"inLanguage\":\"fr-FR\",\"@id\":\"https:\/\/www.hamel-france.com\/boutique\/#\/schema\/logo\/image\/\",\"url\":\"https:\/\/www.hamel-france.com\/boutique\/wp-content\/uploads\/sites\/2\/2018\/01\/logo-hamel.png\",\"contentUrl\":\"https:\/\/www.hamel-france.com\/boutique\/wp-content\/uploads\/sites\/2\/2018\/01\/logo-hamel.png\",\"width\":470,\"height\":110,\"caption\":\"Boutique Hamel\"},\"image\":{\"@id\":\"https:\/\/www.hamel-france.com\/boutique\/#\/schema\/logo\/image\/\"}}]}<\/script>\n<!-- \/ Yoast SEO plugin. -->","yoast_head_json":{"title":"Collerettes \u00e0 souder en acier pour tubes | Boutique Hamel","description":"Collerettes \u00e0 souder en acier pour tubes\u00a0ronds \u00d8160, 195mm et \u00d8273mm. Permet le raccordement des tubes dans les installations agricoles.","robots":{"index":"index","follow":"follow","max-snippet":"max-snippet:-1","max-image-preview":"max-image-preview:large","max-video-preview":"max-video-preview:-1"},"canonical":"https:\/\/www.hamel-france.com\/boutique\/produit\/collerettes-a-souder-en-acier-pour-tubes\/","og_locale":"fr_FR","og_type":"article","og_title":"Collerettes \u00e0 souder en acier pour tubes | Boutique Hamel","og_description":"Collerettes \u00e0 souder en acier pour tubes\u00a0ronds \u00d8160, 195mm et \u00d8273mm. Permet le raccordement des tubes dans les installations agricoles.","og_url":"https:\/\/www.hamel-france.com\/boutique\/produit\/collerettes-a-souder-en-acier-pour-tubes\/","og_site_name":"Boutique Hamel","article_modified_time":"2025-12-09T10:56:44+00:00","og_image":[{"width":800,"height":800,"url":"https:\/\/www.hamel-france.com\/boutique\/wp-content\/uploads\/sites\/2\/2023\/11\/colerette-a-souder-acier-\u00d8160-\u00d8195-\u00d8219-\u00d8254-\u00d8273-\u00d8324mm.jpg","type":"image\/jpeg"}],"twitter_card":"summary_large_image","twitter_misc":{"Dur\u00e9e de lecture estim\u00e9e":"1 minute"},"schema":{"@context":"https:\/\/schema.org","@graph":[{"@type":"WebPage","@id":"https:\/\/www.hamel-france.com\/boutique\/produit\/collerettes-a-souder-en-acier-pour-tubes\/","url":"https:\/\/www.hamel-france.com\/boutique\/produit\/collerettes-a-souder-en-acier-pour-tubes\/","name":"Collerettes \u00e0 souder en acier pour tubes | Boutique Hamel","isPartOf":{"@id":"https:\/\/www.hamel-france.com\/boutique\/#website"},"datePublished":"2023-01-02T13:38:54+00:00","dateModified":"2025-12-09T10:56:44+00:00","description":"Collerettes \u00e0 souder en acier pour tubes\u00a0ronds \u00d8160, 195mm et \u00d8273mm. Permet le raccordement des tubes dans les installations agricoles.","breadcrumb":{"@id":"https:\/\/www.hamel-france.com\/boutique\/produit\/collerettes-a-souder-en-acier-pour-tubes\/#breadcrumb"},"inLanguage":"fr-FR","potentialAction":[{"@type":"ReadAction","target":["https:\/\/www.hamel-france.com\/boutique\/produit\/collerettes-a-souder-en-acier-pour-tubes\/"]}]},{"@type":"BreadcrumbList","@id":"https:\/\/www.hamel-france.com\/boutique\/produit\/collerettes-a-souder-en-acier-pour-tubes\/#breadcrumb","itemListElement":[{"@type":"ListItem","position":1,"name":"Accueil","item":"https:\/\/www.hamel-france.com\/boutique\/"},{"@type":"ListItem","position":2,"name":"Boutique","item":"https:\/\/www.hamel-france.com\/boutique\/boutique\/"},{"@type":"ListItem","position":3,"name":"Collerettes \u00e0 souder \u00d8160mm | \u00d8195mm | \u00d8273mm"}]},{"@type":"WebSite","@id":"https:\/\/www.hamel-france.com\/boutique\/#website","url":"https:\/\/www.hamel-france.com\/boutique\/","name":"Boutique Hamel","description":"Vente en ligne d&#039;\u00e9quipements&lt;br \/&gt; pour le stockage du grain et le mat\u00e9riel d&#039;\u00e9levage","publisher":{"@id":"https:\/\/www.hamel-france.com\/boutique\/#organization"},"potentialAction":[{"@type":"SearchAction","target":{"@type":"EntryPoint","urlTemplate":"https:\/\/www.hamel-france.com\/boutique\/?s={search_term_string}"},"query-input":"required name=search_term_string"}],"inLanguage":"fr-FR"},{"@type":"Organization","@id":"https:\/\/www.hamel-france.com\/boutique\/#organization","name":"Boutique Hamel","url":"https:\/\/www.hamel-france.com\/boutique\/","logo":{"@type":"ImageObject","inLanguage":"fr-FR","@id":"https:\/\/www.hamel-france.com\/boutique\/#\/schema\/logo\/image\/","url":"https:\/\/www.hamel-france.com\/boutique\/wp-content\/uploads\/sites\/2\/2018\/01\/logo-hamel.png","contentUrl":"https:\/\/www.hamel-france.com\/boutique\/wp-content\/uploads\/sites\/2\/2018\/01\/logo-hamel.png","width":470,"height":110,"caption":"Boutique Hamel"},"image":{"@id":"https:\/\/www.hamel-france.com\/boutique\/#\/schema\/logo\/image\/"}}]}},"_links":{"self":[{"href":"https:\/\/www.hamel-france.com\/boutique\/wp-json\/wp\/v2\/product\/34816"}],"collection":[{"href":"https:\/\/www.hamel-france.com\/boutique\/wp-json\/wp\/v2\/product"}],"about":[{"href":"https:\/\/www.hamel-france.com\/boutique\/wp-json\/wp\/v2\/types\/product"}],"wp:featuredmedia":[{"embeddable":true,"href":"https:\/\/www.hamel-france.com\/boutique\/wp-json\/wp\/v2\/media\/34825"}],"wp:attachment":[{"href":"https:\/\/www.hamel-france.com\/boutique\/wp-json\/wp\/v2\/media?parent=34816"}],"wp:term":[{"taxonomy":"product_cat","embeddable":true,"href":"https:\/\/www.hamel-france.com\/boutique\/wp-json\/wp\/v2\/product_cat?post=34816"},{"taxonomy":"product_tag","embeddable":true,"href":"https:\/\/www.hamel-france.com\/boutique\/wp-json\/wp\/v2\/product_tag?post=34816"}],"curies":[{"name":"wp","href":"https:\/\/api.w.org\/{rel}","templated":true}]}}