{"id":300,"date":"2018-07-13T16:34:22","date_gmt":"2018-07-13T14:34:22","guid":{"rendered":"http:\/\/www.hamel-france.com\/boutique\/?post_type=product&#038;p=300"},"modified":"2025-11-13T14:51:24","modified_gmt":"2025-11-13T13:51:24","slug":"moulin-a-farine","status":"publish","type":"product","link":"https:\/\/www.hamel-france.com\/boutique\/produit\/moulin-a-farine\/","title":{"rendered":"Moulin \u00e0 farine Moteur 0.75ch monophas\u00e9 avec seau anti-poussi\u00e8res, livr\u00e9 avec 4 grilles : 2,5mm \/ 4mm \/ 6mm \/ 8mm"},"content":{"rendered":"<h2>Ce moulin \u00e0 farine est tr\u00e8s pratique \u00e0 utiliser, il broie n\u2019importe quel type de grains : ma\u00efs, orge, avoine, seigle, bl\u00e9 pour l\u2019alimentation de vos animaux.<\/h2>\n<p>Les passionn\u00e9s de basse-cour utilisent ce moulin \u00e0 farine afin de moudre eux-m\u00eames les grains pour leurs volailles :<\/p>\n<ul>\n<li>Ils choisissent la finesse de la mouture<\/li>\n<li>R\u00e9alisent leur propre m\u00e9lange de graines gr\u00e2ce aux nombreux types de c\u00e9r\u00e9ales qu&#8217;il peut moudre.<\/li>\n<li>Il permet \u00e9galement de r\u00e9aliser des \u00e9conomies : en broyant vos propre c\u00e9r\u00e9ales vous \u00e9viterez d&#8217;acheter des sacs pr\u00e9-fabriqu\u00e9s de m\u00e9lange bien plus chers \u00e0 l&#8217;achat.<\/li>\n<\/ul>\n<h4>Son moteur de 0.75CH lui conf\u00e8re un tr\u00e8s bon rendement de 80 \u00e0 250Kg\/h selon les c\u00e9r\u00e9ales \u00e0 broyer.<\/h4>\n<p>Ce moulin est livr\u00e9 avec 4 grilles : 2,5mm \/ 4mm \/ 6mm \/ 8mm. Elles permettent d\u2019obtenir un rendu allant de la farine au concass\u00e9.<\/p>\n<p>Un seau anti-poussi\u00e8re de 12L r\u00e9cup\u00e8re le grain et la anse facilite le transport de celui-ci.<\/p>\n<h5>Il dispose de 3 syst\u00e8mes de s\u00e9curit\u00e9 afin d\u2019\u00e9viter les accidents.<\/h5>\n<p>Moteur avec protection thermique.<\/p>\n<h5>Il convient \u00e9galement pour la pr\u00e9paration des amor\u00e7ages de p\u00eache.<\/h5>\n<p><a href=\"http:\/\/www.hamel-france.com\/boutique\/produit\/couteaux-moulin-davide\/\" target=\"_blank\" rel=\"noopener noreferrer\"><strong>Les couteaux de remplacement<\/strong><\/a> sont disponible <a href=\"http:\/\/www.hamel-france.com\/boutique\/produit\/couteaux-moulin-davide\/\" target=\"_blank\" rel=\"noopener noreferrer\"><strong>ici<\/strong><\/a>.<\/p>\n<p>Ecotaxe : 0.30 \u20ac inclus<\/p>\n<p>Garantie 2 ans<\/p>\n","protected":false},"excerpt":{"rendered":"<p>Garantie 2 ans<\/p>\n","protected":false},"featured_media":331,"template":"","meta":{"_mi_skip_tracking":false,"_exactmetrics_sitenote_active":false,"_exactmetrics_sitenote_note":"","_exactmetrics_sitenote_category":0},"product_cat":[24],"product_tag":[],"acf":[],"yoast_head":"<!-- This site is optimized with the Yoast SEO plugin v21.7 - https:\/\/yoast.com\/wordpress\/plugins\/seo\/ -->\n<title>Moulin \u00e0 farine | Concasseur \u00e0 grains | Moulin \u00e0 grains | Boutique Hamel<\/title>\n<meta name=\"description\" content=\"Moulin \u00e0 farine, il broie n\u2019importe quel type de grains : ma\u00efs, orge, avoine, seigle, bl\u00e9 Rendement de 80 \u00e0 250Kg\/h, moteur de 0.75CH\" \/>\n<meta name=\"robots\" content=\"index, follow, max-snippet:-1, max-image-preview:large, max-video-preview:-1\" \/>\n<link rel=\"canonical\" href=\"https:\/\/www.hamel-france.com\/boutique\/produit\/moulin-a-farine\/\" \/>\n<meta property=\"og:locale\" content=\"fr_FR\" \/>\n<meta property=\"og:type\" content=\"article\" \/>\n<meta property=\"og:title\" content=\"Moulin \u00e0 farine | Concasseur \u00e0 grains | Moulin \u00e0 grains | Boutique Hamel\" \/>\n<meta property=\"og:description\" content=\"Moulin \u00e0 farine, il broie n\u2019importe quel type de grains : ma\u00efs, orge, avoine, seigle, bl\u00e9 Rendement de 80 \u00e0 250Kg\/h, moteur de 0.75CH\" \/>\n<meta property=\"og:url\" content=\"https:\/\/www.hamel-france.com\/boutique\/produit\/moulin-a-farine\/\" \/>\n<meta property=\"og:site_name\" content=\"Boutique Hamel\" \/>\n<meta property=\"article:modified_time\" content=\"2025-11-13T13:51:24+00:00\" \/>\n<meta property=\"og:image\" content=\"https:\/\/www.hamel-france.com\/boutique\/wp-content\/uploads\/sites\/2\/2018\/01\/moulin-a-farine-davide-1971A-novital-hamel-concasseur.png\" \/>\n\t<meta property=\"og:image:width\" content=\"500\" \/>\n\t<meta property=\"og:image:height\" content=\"500\" \/>\n\t<meta property=\"og:image:type\" content=\"image\/png\" \/>\n<meta name=\"twitter:card\" content=\"summary_large_image\" \/>\n<meta name=\"twitter:label1\" content=\"Dur\u00e9e de lecture estim\u00e9e\" \/>\n\t<meta name=\"twitter:data1\" content=\"1 minute\" \/>\n<script type=\"application\/ld+json\" class=\"yoast-schema-graph\">{\"@context\":\"https:\/\/schema.org\",\"@graph\":[{\"@type\":\"WebPage\",\"@id\":\"https:\/\/www.hamel-france.com\/boutique\/produit\/moulin-a-farine\/\",\"url\":\"https:\/\/www.hamel-france.com\/boutique\/produit\/moulin-a-farine\/\",\"name\":\"Moulin \u00e0 farine | Concasseur \u00e0 grains | Moulin \u00e0 grains | Boutique Hamel\",\"isPartOf\":{\"@id\":\"https:\/\/www.hamel-france.com\/boutique\/#website\"},\"datePublished\":\"2018-07-13T14:34:22+00:00\",\"dateModified\":\"2025-11-13T13:51:24+00:00\",\"description\":\"Moulin \u00e0 farine, il broie n\u2019importe quel type de grains : ma\u00efs, orge, avoine, seigle, bl\u00e9 Rendement de 80 \u00e0 250Kg\/h, moteur de 0.75CH\",\"breadcrumb\":{\"@id\":\"https:\/\/www.hamel-france.com\/boutique\/produit\/moulin-a-farine\/#breadcrumb\"},\"inLanguage\":\"fr-FR\",\"potentialAction\":[{\"@type\":\"ReadAction\",\"target\":[\"https:\/\/www.hamel-france.com\/boutique\/produit\/moulin-a-farine\/\"]}]},{\"@type\":\"BreadcrumbList\",\"@id\":\"https:\/\/www.hamel-france.com\/boutique\/produit\/moulin-a-farine\/#breadcrumb\",\"itemListElement\":[{\"@type\":\"ListItem\",\"position\":1,\"name\":\"Accueil\",\"item\":\"https:\/\/www.hamel-france.com\/boutique\/\"},{\"@type\":\"ListItem\",\"position\":2,\"name\":\"Boutique\",\"item\":\"https:\/\/www.hamel-france.com\/boutique\/boutique\/\"},{\"@type\":\"ListItem\",\"position\":3,\"name\":\"Moulin \u00e0 farine Moteur 0.75ch monophas\u00e9 avec seau anti-poussi\u00e8res, livr\u00e9 avec 4 grilles : 2,5mm \/ 4mm \/ 6mm \/ 8mm\"}]},{\"@type\":\"WebSite\",\"@id\":\"https:\/\/www.hamel-france.com\/boutique\/#website\",\"url\":\"https:\/\/www.hamel-france.com\/boutique\/\",\"name\":\"Boutique Hamel\",\"description\":\"Vente en ligne d&#039;\u00e9quipements&lt;br \/&gt; pour le stockage du grain et le mat\u00e9riel d&#039;\u00e9levage\",\"publisher\":{\"@id\":\"https:\/\/www.hamel-france.com\/boutique\/#organization\"},\"potentialAction\":[{\"@type\":\"SearchAction\",\"target\":{\"@type\":\"EntryPoint\",\"urlTemplate\":\"https:\/\/www.hamel-france.com\/boutique\/?s={search_term_string}\"},\"query-input\":\"required name=search_term_string\"}],\"inLanguage\":\"fr-FR\"},{\"@type\":\"Organization\",\"@id\":\"https:\/\/www.hamel-france.com\/boutique\/#organization\",\"name\":\"Boutique Hamel\",\"url\":\"https:\/\/www.hamel-france.com\/boutique\/\",\"logo\":{\"@type\":\"ImageObject\",\"inLanguage\":\"fr-FR\",\"@id\":\"https:\/\/www.hamel-france.com\/boutique\/#\/schema\/logo\/image\/\",\"url\":\"https:\/\/www.hamel-france.com\/boutique\/wp-content\/uploads\/sites\/2\/2018\/01\/logo-hamel.png\",\"contentUrl\":\"https:\/\/www.hamel-france.com\/boutique\/wp-content\/uploads\/sites\/2\/2018\/01\/logo-hamel.png\",\"width\":470,\"height\":110,\"caption\":\"Boutique Hamel\"},\"image\":{\"@id\":\"https:\/\/www.hamel-france.com\/boutique\/#\/schema\/logo\/image\/\"}}]}<\/script>\n<!-- \/ Yoast SEO plugin. -->","yoast_head_json":{"title":"Moulin \u00e0 farine | Concasseur \u00e0 grains | Moulin \u00e0 grains | Boutique Hamel","description":"Moulin \u00e0 farine, il broie n\u2019importe quel type de grains : ma\u00efs, orge, avoine, seigle, bl\u00e9 Rendement de 80 \u00e0 250Kg\/h, moteur de 0.75CH","robots":{"index":"index","follow":"follow","max-snippet":"max-snippet:-1","max-image-preview":"max-image-preview:large","max-video-preview":"max-video-preview:-1"},"canonical":"https:\/\/www.hamel-france.com\/boutique\/produit\/moulin-a-farine\/","og_locale":"fr_FR","og_type":"article","og_title":"Moulin \u00e0 farine | Concasseur \u00e0 grains | Moulin \u00e0 grains | Boutique Hamel","og_description":"Moulin \u00e0 farine, il broie n\u2019importe quel type de grains : ma\u00efs, orge, avoine, seigle, bl\u00e9 Rendement de 80 \u00e0 250Kg\/h, moteur de 0.75CH","og_url":"https:\/\/www.hamel-france.com\/boutique\/produit\/moulin-a-farine\/","og_site_name":"Boutique Hamel","article_modified_time":"2025-11-13T13:51:24+00:00","og_image":[{"width":500,"height":500,"url":"https:\/\/www.hamel-france.com\/boutique\/wp-content\/uploads\/sites\/2\/2018\/01\/moulin-a-farine-davide-1971A-novital-hamel-concasseur.png","type":"image\/png"}],"twitter_card":"summary_large_image","twitter_misc":{"Dur\u00e9e de lecture estim\u00e9e":"1 minute"},"schema":{"@context":"https:\/\/schema.org","@graph":[{"@type":"WebPage","@id":"https:\/\/www.hamel-france.com\/boutique\/produit\/moulin-a-farine\/","url":"https:\/\/www.hamel-france.com\/boutique\/produit\/moulin-a-farine\/","name":"Moulin \u00e0 farine | Concasseur \u00e0 grains | Moulin \u00e0 grains | Boutique Hamel","isPartOf":{"@id":"https:\/\/www.hamel-france.com\/boutique\/#website"},"datePublished":"2018-07-13T14:34:22+00:00","dateModified":"2025-11-13T13:51:24+00:00","description":"Moulin \u00e0 farine, il broie n\u2019importe quel type de grains : ma\u00efs, orge, avoine, seigle, bl\u00e9 Rendement de 80 \u00e0 250Kg\/h, moteur de 0.75CH","breadcrumb":{"@id":"https:\/\/www.hamel-france.com\/boutique\/produit\/moulin-a-farine\/#breadcrumb"},"inLanguage":"fr-FR","potentialAction":[{"@type":"ReadAction","target":["https:\/\/www.hamel-france.com\/boutique\/produit\/moulin-a-farine\/"]}]},{"@type":"BreadcrumbList","@id":"https:\/\/www.hamel-france.com\/boutique\/produit\/moulin-a-farine\/#breadcrumb","itemListElement":[{"@type":"ListItem","position":1,"name":"Accueil","item":"https:\/\/www.hamel-france.com\/boutique\/"},{"@type":"ListItem","position":2,"name":"Boutique","item":"https:\/\/www.hamel-france.com\/boutique\/boutique\/"},{"@type":"ListItem","position":3,"name":"Moulin \u00e0 farine Moteur 0.75ch monophas\u00e9 avec seau anti-poussi\u00e8res, livr\u00e9 avec 4 grilles : 2,5mm \/ 4mm \/ 6mm \/ 8mm"}]},{"@type":"WebSite","@id":"https:\/\/www.hamel-france.com\/boutique\/#website","url":"https:\/\/www.hamel-france.com\/boutique\/","name":"Boutique Hamel","description":"Vente en ligne d&#039;\u00e9quipements&lt;br \/&gt; pour le stockage du grain et le mat\u00e9riel d&#039;\u00e9levage","publisher":{"@id":"https:\/\/www.hamel-france.com\/boutique\/#organization"},"potentialAction":[{"@type":"SearchAction","target":{"@type":"EntryPoint","urlTemplate":"https:\/\/www.hamel-france.com\/boutique\/?s={search_term_string}"},"query-input":"required name=search_term_string"}],"inLanguage":"fr-FR"},{"@type":"Organization","@id":"https:\/\/www.hamel-france.com\/boutique\/#organization","name":"Boutique Hamel","url":"https:\/\/www.hamel-france.com\/boutique\/","logo":{"@type":"ImageObject","inLanguage":"fr-FR","@id":"https:\/\/www.hamel-france.com\/boutique\/#\/schema\/logo\/image\/","url":"https:\/\/www.hamel-france.com\/boutique\/wp-content\/uploads\/sites\/2\/2018\/01\/logo-hamel.png","contentUrl":"https:\/\/www.hamel-france.com\/boutique\/wp-content\/uploads\/sites\/2\/2018\/01\/logo-hamel.png","width":470,"height":110,"caption":"Boutique Hamel"},"image":{"@id":"https:\/\/www.hamel-france.com\/boutique\/#\/schema\/logo\/image\/"}}]}},"_links":{"self":[{"href":"https:\/\/www.hamel-france.com\/boutique\/wp-json\/wp\/v2\/product\/300"}],"collection":[{"href":"https:\/\/www.hamel-france.com\/boutique\/wp-json\/wp\/v2\/product"}],"about":[{"href":"https:\/\/www.hamel-france.com\/boutique\/wp-json\/wp\/v2\/types\/product"}],"wp:featuredmedia":[{"embeddable":true,"href":"https:\/\/www.hamel-france.com\/boutique\/wp-json\/wp\/v2\/media\/331"}],"wp:attachment":[{"href":"https:\/\/www.hamel-france.com\/boutique\/wp-json\/wp\/v2\/media?parent=300"}],"wp:term":[{"taxonomy":"product_cat","embeddable":true,"href":"https:\/\/www.hamel-france.com\/boutique\/wp-json\/wp\/v2\/product_cat?post=300"},{"taxonomy":"product_tag","embeddable":true,"href":"https:\/\/www.hamel-france.com\/boutique\/wp-json\/wp\/v2\/product_tag?post=300"}],"curies":[{"name":"wp","href":"https:\/\/api.w.org\/{rel}","templated":true}]}}