{"id":279,"date":"2018-01-25T09:33:43","date_gmt":"2018-01-25T08:33:43","guid":{"rendered":"http:\/\/www.hamel-france.com\/boutique\/?post_type=product&#038;p=279"},"modified":"2025-09-26T08:59:19","modified_gmt":"2025-09-26T06:59:19","slug":"retournement-automatique-novital-covatutto","status":"publish","type":"product","link":"https:\/\/www.hamel-france.com\/boutique\/produit\/retournement-automatique-novital-covatutto\/","title":{"rendered":"Retournement automatique novital covatutto pour couveuse C108 \/ C162 \/ C40 \/ C120"},"content":{"rendered":"<p>Ce kit de retournement automatique novital covatutto est l\u2019accessoire indispensable pour transformer votre couveuse semi-automatique en une couveuse automatique.<\/p>\n<h3>Ce retournement automatique novital covatutto permet de rendre le retournement automatique des \u0153ufs gr\u00e2ce \u00e0 la traction du plateau en continu 24h\/24h.<\/h3>\n<p>&nbsp;<\/p>\n<p>Avec ce kit vous serez certains de ne plus oublier de retourner vos \u0153ufs<strong>,<\/strong> vous favoriserez ainsi un meilleur taux de r\u00e9ussite.<\/p>\n<p>Il s\u2019adapte sur les mod\u00e8les\u00a0: <a href=\"http:\/\/www.hamel-france.com\/boutique\/produit\/couveuse-semi-automatique-c108-hamel\/\" target=\"_blank\" rel=\"noopener noreferrer\">C108<\/a> \/ <a href=\"http:\/\/www.hamel-france.com\/boutique\/produit\/couveuse-semi-automatique-c108-digitale-hamel\/\" target=\"_blank\" rel=\"noopener noreferrer\">C108 digitale<\/a> \/ <a href=\"http:\/\/www.hamel-france.com\/boutique\/produit\/couveuses-c162\/\" target=\"_blank\" rel=\"noopener noreferrer\">C162<\/a> \/ <a href=\"http:\/\/www.hamel-france.com\/boutique\/produit\/couveuses-c162-digitale\/\" target=\"_blank\" rel=\"noopener noreferrer\">C162 digitale<\/a> \/ C40 \/ C120 en remplacement de la molette bleue.<\/p>\n<p>Commander :<\/p>\n<ul>\n<li>1 kit pour le mod\u00e8le\u00a0: C40<\/li>\n<li>2 kits pour les mod\u00e8les\u00a0: C108 \/ C108 digitale<\/li>\n<li>3 kits pour les mod\u00e8les\u00a0: C162 \/ C162 digitale \u00a0\/ C120<\/li>\n<\/ul>\n<p>Ecotaxe : 0.12 \u20ac inclus<\/p>\n","protected":false},"excerpt":{"rendered":"<p>Ce kit transforme votre couveuse semi-automatique en une couveuse automatique.<\/p>\n<p>&nbsp;<\/p>\n","protected":false},"featured_media":558,"template":"","meta":{"_mi_skip_tracking":false,"_exactmetrics_sitenote_active":false,"_exactmetrics_sitenote_note":"","_exactmetrics_sitenote_category":0},"product_cat":[21],"product_tag":[],"acf":[],"yoast_head":"<!-- This site is optimized with the Yoast SEO plugin v21.7 - https:\/\/yoast.com\/wordpress\/plugins\/seo\/ -->\n<title>Retournement automatique novital covatutto pour couveuse C108 \/ C162 ...<\/title>\n<meta name=\"description\" content=\"Le kit de Retournement automatique novital covatutto transforme votre couveuse semi-automatique en une couveuse automatique. Pour mod\u00e8les : C108 \/ C108...\" \/>\n<meta name=\"robots\" content=\"index, follow, max-snippet:-1, max-image-preview:large, max-video-preview:-1\" \/>\n<link rel=\"canonical\" href=\"https:\/\/www.hamel-france.com\/boutique\/produit\/retournement-automatique-novital-covatutto\/\" \/>\n<meta property=\"og:locale\" content=\"fr_FR\" \/>\n<meta property=\"og:type\" content=\"article\" \/>\n<meta property=\"og:title\" content=\"Retournement automatique novital covatutto pour couveuse C108 \/ C162 ...\" \/>\n<meta property=\"og:description\" content=\"Le kit de Retournement automatique novital covatutto transforme votre couveuse semi-automatique en une couveuse automatique. Pour mod\u00e8les : C108 \/ C108...\" \/>\n<meta property=\"og:url\" content=\"https:\/\/www.hamel-france.com\/boutique\/produit\/retournement-automatique-novital-covatutto\/\" \/>\n<meta property=\"og:site_name\" content=\"Boutique Hamel\" \/>\n<meta property=\"article:modified_time\" content=\"2025-09-26T06:59:19+00:00\" \/>\n<meta property=\"og:image\" content=\"https:\/\/www.hamel-france.com\/boutique\/wp-content\/uploads\/sites\/2\/2018\/01\/1796A-retournement-oeufs-novital-hamel-couveuse.jpg\" \/>\n\t<meta property=\"og:image:width\" content=\"500\" \/>\n\t<meta property=\"og:image:height\" content=\"500\" \/>\n\t<meta property=\"og:image:type\" content=\"image\/jpeg\" \/>\n<meta name=\"twitter:card\" content=\"summary_large_image\" \/>\n<meta name=\"twitter:label1\" content=\"Dur\u00e9e de lecture estim\u00e9e\" \/>\n\t<meta name=\"twitter:data1\" content=\"1 minute\" \/>\n<script type=\"application\/ld+json\" class=\"yoast-schema-graph\">{\"@context\":\"https:\/\/schema.org\",\"@graph\":[{\"@type\":\"WebPage\",\"@id\":\"https:\/\/www.hamel-france.com\/boutique\/produit\/retournement-automatique-novital-covatutto\/\",\"url\":\"https:\/\/www.hamel-france.com\/boutique\/produit\/retournement-automatique-novital-covatutto\/\",\"name\":\"Retournement automatique novital covatutto pour couveuse C108 \/ C162 ...\",\"isPartOf\":{\"@id\":\"https:\/\/www.hamel-france.com\/boutique\/#website\"},\"datePublished\":\"2018-01-25T08:33:43+00:00\",\"dateModified\":\"2025-09-26T06:59:19+00:00\",\"description\":\"Le kit de Retournement automatique novital covatutto transforme votre couveuse semi-automatique en une couveuse automatique. Pour mod\u00e8les : C108 \/ C108...\",\"breadcrumb\":{\"@id\":\"https:\/\/www.hamel-france.com\/boutique\/produit\/retournement-automatique-novital-covatutto\/#breadcrumb\"},\"inLanguage\":\"fr-FR\",\"potentialAction\":[{\"@type\":\"ReadAction\",\"target\":[\"https:\/\/www.hamel-france.com\/boutique\/produit\/retournement-automatique-novital-covatutto\/\"]}]},{\"@type\":\"BreadcrumbList\",\"@id\":\"https:\/\/www.hamel-france.com\/boutique\/produit\/retournement-automatique-novital-covatutto\/#breadcrumb\",\"itemListElement\":[{\"@type\":\"ListItem\",\"position\":1,\"name\":\"Accueil\",\"item\":\"https:\/\/www.hamel-france.com\/boutique\/\"},{\"@type\":\"ListItem\",\"position\":2,\"name\":\"Boutique\",\"item\":\"https:\/\/www.hamel-france.com\/boutique\/boutique\/\"},{\"@type\":\"ListItem\",\"position\":3,\"name\":\"Retournement automatique novital covatutto pour couveuse C108 \/ C162 \/ C40 \/ C120\"}]},{\"@type\":\"WebSite\",\"@id\":\"https:\/\/www.hamel-france.com\/boutique\/#website\",\"url\":\"https:\/\/www.hamel-france.com\/boutique\/\",\"name\":\"Boutique Hamel\",\"description\":\"Vente en ligne d&#039;\u00e9quipements&lt;br \/&gt; pour le stockage du grain et le mat\u00e9riel d&#039;\u00e9levage\",\"publisher\":{\"@id\":\"https:\/\/www.hamel-france.com\/boutique\/#organization\"},\"potentialAction\":[{\"@type\":\"SearchAction\",\"target\":{\"@type\":\"EntryPoint\",\"urlTemplate\":\"https:\/\/www.hamel-france.com\/boutique\/?s={search_term_string}\"},\"query-input\":\"required name=search_term_string\"}],\"inLanguage\":\"fr-FR\"},{\"@type\":\"Organization\",\"@id\":\"https:\/\/www.hamel-france.com\/boutique\/#organization\",\"name\":\"Boutique Hamel\",\"url\":\"https:\/\/www.hamel-france.com\/boutique\/\",\"logo\":{\"@type\":\"ImageObject\",\"inLanguage\":\"fr-FR\",\"@id\":\"https:\/\/www.hamel-france.com\/boutique\/#\/schema\/logo\/image\/\",\"url\":\"https:\/\/www.hamel-france.com\/boutique\/wp-content\/uploads\/sites\/2\/2018\/01\/logo-hamel.png\",\"contentUrl\":\"https:\/\/www.hamel-france.com\/boutique\/wp-content\/uploads\/sites\/2\/2018\/01\/logo-hamel.png\",\"width\":470,\"height\":110,\"caption\":\"Boutique Hamel\"},\"image\":{\"@id\":\"https:\/\/www.hamel-france.com\/boutique\/#\/schema\/logo\/image\/\"}}]}<\/script>\n<!-- \/ Yoast SEO plugin. -->","yoast_head_json":{"title":"Retournement automatique novital covatutto pour couveuse C108 \/ C162 ...","description":"Le kit de Retournement automatique novital covatutto transforme votre couveuse semi-automatique en une couveuse automatique. Pour mod\u00e8les : C108 \/ C108...","robots":{"index":"index","follow":"follow","max-snippet":"max-snippet:-1","max-image-preview":"max-image-preview:large","max-video-preview":"max-video-preview:-1"},"canonical":"https:\/\/www.hamel-france.com\/boutique\/produit\/retournement-automatique-novital-covatutto\/","og_locale":"fr_FR","og_type":"article","og_title":"Retournement automatique novital covatutto pour couveuse C108 \/ C162 ...","og_description":"Le kit de Retournement automatique novital covatutto transforme votre couveuse semi-automatique en une couveuse automatique. Pour mod\u00e8les : C108 \/ C108...","og_url":"https:\/\/www.hamel-france.com\/boutique\/produit\/retournement-automatique-novital-covatutto\/","og_site_name":"Boutique Hamel","article_modified_time":"2025-09-26T06:59:19+00:00","og_image":[{"width":500,"height":500,"url":"https:\/\/www.hamel-france.com\/boutique\/wp-content\/uploads\/sites\/2\/2018\/01\/1796A-retournement-oeufs-novital-hamel-couveuse.jpg","type":"image\/jpeg"}],"twitter_card":"summary_large_image","twitter_misc":{"Dur\u00e9e de lecture estim\u00e9e":"1 minute"},"schema":{"@context":"https:\/\/schema.org","@graph":[{"@type":"WebPage","@id":"https:\/\/www.hamel-france.com\/boutique\/produit\/retournement-automatique-novital-covatutto\/","url":"https:\/\/www.hamel-france.com\/boutique\/produit\/retournement-automatique-novital-covatutto\/","name":"Retournement automatique novital covatutto pour couveuse C108 \/ C162 ...","isPartOf":{"@id":"https:\/\/www.hamel-france.com\/boutique\/#website"},"datePublished":"2018-01-25T08:33:43+00:00","dateModified":"2025-09-26T06:59:19+00:00","description":"Le kit de Retournement automatique novital covatutto transforme votre couveuse semi-automatique en une couveuse automatique. Pour mod\u00e8les : C108 \/ C108...","breadcrumb":{"@id":"https:\/\/www.hamel-france.com\/boutique\/produit\/retournement-automatique-novital-covatutto\/#breadcrumb"},"inLanguage":"fr-FR","potentialAction":[{"@type":"ReadAction","target":["https:\/\/www.hamel-france.com\/boutique\/produit\/retournement-automatique-novital-covatutto\/"]}]},{"@type":"BreadcrumbList","@id":"https:\/\/www.hamel-france.com\/boutique\/produit\/retournement-automatique-novital-covatutto\/#breadcrumb","itemListElement":[{"@type":"ListItem","position":1,"name":"Accueil","item":"https:\/\/www.hamel-france.com\/boutique\/"},{"@type":"ListItem","position":2,"name":"Boutique","item":"https:\/\/www.hamel-france.com\/boutique\/boutique\/"},{"@type":"ListItem","position":3,"name":"Retournement automatique novital covatutto pour couveuse C108 \/ C162 \/ C40 \/ C120"}]},{"@type":"WebSite","@id":"https:\/\/www.hamel-france.com\/boutique\/#website","url":"https:\/\/www.hamel-france.com\/boutique\/","name":"Boutique Hamel","description":"Vente en ligne d&#039;\u00e9quipements&lt;br \/&gt; pour le stockage du grain et le mat\u00e9riel d&#039;\u00e9levage","publisher":{"@id":"https:\/\/www.hamel-france.com\/boutique\/#organization"},"potentialAction":[{"@type":"SearchAction","target":{"@type":"EntryPoint","urlTemplate":"https:\/\/www.hamel-france.com\/boutique\/?s={search_term_string}"},"query-input":"required name=search_term_string"}],"inLanguage":"fr-FR"},{"@type":"Organization","@id":"https:\/\/www.hamel-france.com\/boutique\/#organization","name":"Boutique Hamel","url":"https:\/\/www.hamel-france.com\/boutique\/","logo":{"@type":"ImageObject","inLanguage":"fr-FR","@id":"https:\/\/www.hamel-france.com\/boutique\/#\/schema\/logo\/image\/","url":"https:\/\/www.hamel-france.com\/boutique\/wp-content\/uploads\/sites\/2\/2018\/01\/logo-hamel.png","contentUrl":"https:\/\/www.hamel-france.com\/boutique\/wp-content\/uploads\/sites\/2\/2018\/01\/logo-hamel.png","width":470,"height":110,"caption":"Boutique Hamel"},"image":{"@id":"https:\/\/www.hamel-france.com\/boutique\/#\/schema\/logo\/image\/"}}]}},"_links":{"self":[{"href":"https:\/\/www.hamel-france.com\/boutique\/wp-json\/wp\/v2\/product\/279"}],"collection":[{"href":"https:\/\/www.hamel-france.com\/boutique\/wp-json\/wp\/v2\/product"}],"about":[{"href":"https:\/\/www.hamel-france.com\/boutique\/wp-json\/wp\/v2\/types\/product"}],"wp:featuredmedia":[{"embeddable":true,"href":"https:\/\/www.hamel-france.com\/boutique\/wp-json\/wp\/v2\/media\/558"}],"wp:attachment":[{"href":"https:\/\/www.hamel-france.com\/boutique\/wp-json\/wp\/v2\/media?parent=279"}],"wp:term":[{"taxonomy":"product_cat","embeddable":true,"href":"https:\/\/www.hamel-france.com\/boutique\/wp-json\/wp\/v2\/product_cat?post=279"},{"taxonomy":"product_tag","embeddable":true,"href":"https:\/\/www.hamel-france.com\/boutique\/wp-json\/wp\/v2\/product_tag?post=279"}],"curies":[{"name":"wp","href":"https:\/\/api.w.org\/{rel}","templated":true}]}}