{"id":26,"date":"2018-07-12T10:33:07","date_gmt":"2018-07-12T08:33:07","guid":{"rendered":"http:\/\/www.hamel-france.com\/boutique\/?p=26"},"modified":"2025-01-08T08:48:10","modified_gmt":"2025-01-08T07:48:10","slug":"aerateur-a-grains","status":"publish","type":"product","link":"https:\/\/www.hamel-france.com\/boutique\/produit\/aerateur-a-grains\/","title":{"rendered":"A\u00e9rateur de grains ou Vis de ventilation \u00d8 125mm Moteur 1.1Kw Triphas\u00e9 D\u00e9bit d&#8217;air 1500m3\/h Longueur : 2.30m"},"content":{"rendered":"<p><strong>L&#8217;a\u00e9rateur de grains se compose de :<\/strong><\/p>\n<ul>\n<li>1 \u00a0Pied en pointe <strong>\u00a0\u00d8 125mm<\/strong> perfor\u00e9 \u00e0 la base. Spiral\u00e9 pour mieux l\u2019enfoncer dans le tas de grain, <strong>lg\u00a0: 1.84m <\/strong><em>(sans ventilateur).<\/em><\/li>\n<li>1\u00a0 Ventilateur \u00e0 air puls\u00e9 avec moteur <strong>1.1Kw triphas\u00e9<\/strong>. Vitesse 2\u00a0800 tours\/minute. <strong>D\u00e9bit 1500m3\/heure <\/strong><em>(le c\u00e2ble \u00e9lectrique n\u2019est pas fourni).<\/em><\/li>\n<li>1 \u00a0Collier de <strong>fixation rapide.<\/strong><\/li>\n<li>1 \u00a0Poign\u00e9e.<\/li>\n<li>Longueur totale pied + ventilateur : <strong>2.30m<\/strong><\/li>\n<\/ul>\n<h3 style=\"text-align: center\">Rayon d&#8217;action de 3.50m jusqu&#8217;\u00e0 5m<\/h3>\n<h3><\/h3>\n<h3><strong>L&#8217;a\u00e9rateur ou vis de ventilation est \u00e9volutif :<br \/>\n<\/strong><\/h3>\n<ul>\n<li>Rallonge de tube non perfor\u00e9e de 1 m\u00e8tre pour une ventilation plus profonde (en option, nous consulter).<\/li>\n<li>Tube perfor\u00e9 suppl\u00e9mentaire. (Si vous avez plusieurs points \u00e0 ventiler, disposez vos tubes perfor\u00e9s aux emplacements choisis et ne d\u00e9placez que le ventilateur \/ en option, nous consulter).<\/li>\n<\/ul>\n<h2>L\u2019 A\u00e9rateur de grains permet de refroidir les tas de grains en envoyant sous pression de l\u2019air ambiant.<\/h2>\n<h3>L&#8217;a\u00e9rateur de grains convient pour\u00a0: ma\u00efs, bl\u00e9, tournesol, pois, f\u00e9veroles, colza, orge, soja, etc\u2026<\/h3>\n<p>&nbsp;<\/p>\n<p>Lorsque le tube de ventilation est en place \u00e0 l\u2019int\u00e9rieur du tas de grain, retirer la poign\u00e9e et placer le ventilateur de 1.1kw.<\/p>\n<p>&nbsp;<\/p>\n<p><em>Vendu sans tr\u00e9pied <\/em><\/p>\n<p><em>Plus d&#8217;infos <a href=\"http:\/\/www.hamel-france.com\/materiel-cereales\/conservation-ventilation\/aerateur-de-grains\/\" target=\"_blank\" rel=\"noopener noreferrer\">ici<\/a><\/em><\/p>\n<p><a href=\"https:\/\/www.hamel-france.com\/materiel-cereales\/conservation-ventilation\/ventilateur-grains\/\" target=\"_blank\" rel=\"noopener noreferrer\">Decouvrez nos ventilateurs pour silos<\/a><\/p>\n<p>&nbsp;<\/p>\n","protected":false},"excerpt":{"rendered":"<p>D\u00e9bit d\u2019air : 1500m3\/heure<\/p>\n","protected":false},"featured_media":205,"template":"","meta":{"_mi_skip_tracking":false,"_exactmetrics_sitenote_active":false,"_exactmetrics_sitenote_note":"","_exactmetrics_sitenote_category":0},"product_cat":[44],"product_tag":[],"acf":[],"yoast_head":"<!-- This site is optimized with the Yoast SEO plugin v21.7 - https:\/\/yoast.com\/wordpress\/plugins\/seo\/ -->\n<title>A\u00e9rateur de grains | Vis de ventilation pour stockage \u00e0 plat<\/title>\n<meta name=\"description\" content=\"A\u00e9rateur de grains et Vis de ventilation. Rayon d&#039;action de 3.50m \u00e0 5m. Convient pour : ma\u00efs, bl\u00e9, orge, soja, tournesol, pois, f\u00e9veroles, colza, etc\u2026\" \/>\n<meta name=\"robots\" content=\"index, follow, max-snippet:-1, max-image-preview:large, max-video-preview:-1\" \/>\n<link rel=\"canonical\" href=\"https:\/\/www.hamel-france.com\/boutique\/produit\/aerateur-a-grains\/\" \/>\n<meta property=\"og:locale\" content=\"fr_FR\" \/>\n<meta property=\"og:type\" content=\"article\" \/>\n<meta property=\"og:title\" content=\"A\u00e9rateur de grains | Vis de ventilation pour stockage \u00e0 plat\" \/>\n<meta property=\"og:description\" content=\"A\u00e9rateur de grains et Vis de ventilation. Rayon d&#039;action de 3.50m \u00e0 5m. Convient pour : ma\u00efs, bl\u00e9, orge, soja, tournesol, pois, f\u00e9veroles, colza, etc\u2026\" \/>\n<meta property=\"og:url\" content=\"https:\/\/www.hamel-france.com\/boutique\/produit\/aerateur-a-grains\/\" \/>\n<meta property=\"og:site_name\" content=\"Boutique Hamel\" \/>\n<meta property=\"article:modified_time\" content=\"2025-01-08T07:48:10+00:00\" \/>\n<meta property=\"og:image\" content=\"https:\/\/www.hamel-france.com\/boutique\/wp-content\/uploads\/sites\/2\/2017\/11\/AERATEUR-DE-GRAINS-2-700-700.jpg\" \/>\n\t<meta property=\"og:image:width\" content=\"700\" \/>\n\t<meta property=\"og:image:height\" content=\"700\" \/>\n\t<meta property=\"og:image:type\" content=\"image\/jpeg\" \/>\n<meta name=\"twitter:card\" content=\"summary_large_image\" \/>\n<meta name=\"twitter:label1\" content=\"Dur\u00e9e de lecture estim\u00e9e\" \/>\n\t<meta name=\"twitter:data1\" content=\"2 minutes\" \/>\n<script type=\"application\/ld+json\" class=\"yoast-schema-graph\">{\"@context\":\"https:\/\/schema.org\",\"@graph\":[{\"@type\":\"WebPage\",\"@id\":\"https:\/\/www.hamel-france.com\/boutique\/produit\/aerateur-a-grains\/\",\"url\":\"https:\/\/www.hamel-france.com\/boutique\/produit\/aerateur-a-grains\/\",\"name\":\"A\u00e9rateur de grains | Vis de ventilation pour stockage \u00e0 plat\",\"isPartOf\":{\"@id\":\"https:\/\/www.hamel-france.com\/boutique\/#website\"},\"datePublished\":\"2018-07-12T08:33:07+00:00\",\"dateModified\":\"2025-01-08T07:48:10+00:00\",\"description\":\"A\u00e9rateur de grains et Vis de ventilation. Rayon d'action de 3.50m \u00e0 5m. Convient pour : ma\u00efs, bl\u00e9, orge, soja, tournesol, pois, f\u00e9veroles, colza, etc\u2026\",\"breadcrumb\":{\"@id\":\"https:\/\/www.hamel-france.com\/boutique\/produit\/aerateur-a-grains\/#breadcrumb\"},\"inLanguage\":\"fr-FR\",\"potentialAction\":[{\"@type\":\"ReadAction\",\"target\":[\"https:\/\/www.hamel-france.com\/boutique\/produit\/aerateur-a-grains\/\"]}]},{\"@type\":\"BreadcrumbList\",\"@id\":\"https:\/\/www.hamel-france.com\/boutique\/produit\/aerateur-a-grains\/#breadcrumb\",\"itemListElement\":[{\"@type\":\"ListItem\",\"position\":1,\"name\":\"Accueil\",\"item\":\"https:\/\/www.hamel-france.com\/boutique\/\"},{\"@type\":\"ListItem\",\"position\":2,\"name\":\"Boutique\",\"item\":\"https:\/\/www.hamel-france.com\/boutique\/boutique\/\"},{\"@type\":\"ListItem\",\"position\":3,\"name\":\"A\u00e9rateur de grains ou Vis de ventilation \u00d8 125mm Moteur 1.1Kw Triphas\u00e9 D\u00e9bit d&#8217;air 1500m3\/h Longueur : 2.30m\"}]},{\"@type\":\"WebSite\",\"@id\":\"https:\/\/www.hamel-france.com\/boutique\/#website\",\"url\":\"https:\/\/www.hamel-france.com\/boutique\/\",\"name\":\"Boutique Hamel\",\"description\":\"Vente en ligne d&#039;\u00e9quipements&lt;br \/&gt; pour le stockage du grain et le mat\u00e9riel d&#039;\u00e9levage\",\"publisher\":{\"@id\":\"https:\/\/www.hamel-france.com\/boutique\/#organization\"},\"potentialAction\":[{\"@type\":\"SearchAction\",\"target\":{\"@type\":\"EntryPoint\",\"urlTemplate\":\"https:\/\/www.hamel-france.com\/boutique\/?s={search_term_string}\"},\"query-input\":\"required name=search_term_string\"}],\"inLanguage\":\"fr-FR\"},{\"@type\":\"Organization\",\"@id\":\"https:\/\/www.hamel-france.com\/boutique\/#organization\",\"name\":\"Boutique Hamel\",\"url\":\"https:\/\/www.hamel-france.com\/boutique\/\",\"logo\":{\"@type\":\"ImageObject\",\"inLanguage\":\"fr-FR\",\"@id\":\"https:\/\/www.hamel-france.com\/boutique\/#\/schema\/logo\/image\/\",\"url\":\"https:\/\/www.hamel-france.com\/boutique\/wp-content\/uploads\/sites\/2\/2018\/01\/logo-hamel.png\",\"contentUrl\":\"https:\/\/www.hamel-france.com\/boutique\/wp-content\/uploads\/sites\/2\/2018\/01\/logo-hamel.png\",\"width\":470,\"height\":110,\"caption\":\"Boutique Hamel\"},\"image\":{\"@id\":\"https:\/\/www.hamel-france.com\/boutique\/#\/schema\/logo\/image\/\"}}]}<\/script>\n<!-- \/ Yoast SEO plugin. -->","yoast_head_json":{"title":"A\u00e9rateur de grains | Vis de ventilation pour stockage \u00e0 plat","description":"A\u00e9rateur de grains et Vis de ventilation. Rayon d'action de 3.50m \u00e0 5m. Convient pour : ma\u00efs, bl\u00e9, orge, soja, tournesol, pois, f\u00e9veroles, colza, etc\u2026","robots":{"index":"index","follow":"follow","max-snippet":"max-snippet:-1","max-image-preview":"max-image-preview:large","max-video-preview":"max-video-preview:-1"},"canonical":"https:\/\/www.hamel-france.com\/boutique\/produit\/aerateur-a-grains\/","og_locale":"fr_FR","og_type":"article","og_title":"A\u00e9rateur de grains | Vis de ventilation pour stockage \u00e0 plat","og_description":"A\u00e9rateur de grains et Vis de ventilation. Rayon d'action de 3.50m \u00e0 5m. Convient pour : ma\u00efs, bl\u00e9, orge, soja, tournesol, pois, f\u00e9veroles, colza, etc\u2026","og_url":"https:\/\/www.hamel-france.com\/boutique\/produit\/aerateur-a-grains\/","og_site_name":"Boutique Hamel","article_modified_time":"2025-01-08T07:48:10+00:00","og_image":[{"width":700,"height":700,"url":"https:\/\/www.hamel-france.com\/boutique\/wp-content\/uploads\/sites\/2\/2017\/11\/AERATEUR-DE-GRAINS-2-700-700.jpg","type":"image\/jpeg"}],"twitter_card":"summary_large_image","twitter_misc":{"Dur\u00e9e de lecture estim\u00e9e":"2 minutes"},"schema":{"@context":"https:\/\/schema.org","@graph":[{"@type":"WebPage","@id":"https:\/\/www.hamel-france.com\/boutique\/produit\/aerateur-a-grains\/","url":"https:\/\/www.hamel-france.com\/boutique\/produit\/aerateur-a-grains\/","name":"A\u00e9rateur de grains | Vis de ventilation pour stockage \u00e0 plat","isPartOf":{"@id":"https:\/\/www.hamel-france.com\/boutique\/#website"},"datePublished":"2018-07-12T08:33:07+00:00","dateModified":"2025-01-08T07:48:10+00:00","description":"A\u00e9rateur de grains et Vis de ventilation. Rayon d'action de 3.50m \u00e0 5m. Convient pour : ma\u00efs, bl\u00e9, orge, soja, tournesol, pois, f\u00e9veroles, colza, etc\u2026","breadcrumb":{"@id":"https:\/\/www.hamel-france.com\/boutique\/produit\/aerateur-a-grains\/#breadcrumb"},"inLanguage":"fr-FR","potentialAction":[{"@type":"ReadAction","target":["https:\/\/www.hamel-france.com\/boutique\/produit\/aerateur-a-grains\/"]}]},{"@type":"BreadcrumbList","@id":"https:\/\/www.hamel-france.com\/boutique\/produit\/aerateur-a-grains\/#breadcrumb","itemListElement":[{"@type":"ListItem","position":1,"name":"Accueil","item":"https:\/\/www.hamel-france.com\/boutique\/"},{"@type":"ListItem","position":2,"name":"Boutique","item":"https:\/\/www.hamel-france.com\/boutique\/boutique\/"},{"@type":"ListItem","position":3,"name":"A\u00e9rateur de grains ou Vis de ventilation \u00d8 125mm Moteur 1.1Kw Triphas\u00e9 D\u00e9bit d&#8217;air 1500m3\/h Longueur : 2.30m"}]},{"@type":"WebSite","@id":"https:\/\/www.hamel-france.com\/boutique\/#website","url":"https:\/\/www.hamel-france.com\/boutique\/","name":"Boutique Hamel","description":"Vente en ligne d&#039;\u00e9quipements&lt;br \/&gt; pour le stockage du grain et le mat\u00e9riel d&#039;\u00e9levage","publisher":{"@id":"https:\/\/www.hamel-france.com\/boutique\/#organization"},"potentialAction":[{"@type":"SearchAction","target":{"@type":"EntryPoint","urlTemplate":"https:\/\/www.hamel-france.com\/boutique\/?s={search_term_string}"},"query-input":"required name=search_term_string"}],"inLanguage":"fr-FR"},{"@type":"Organization","@id":"https:\/\/www.hamel-france.com\/boutique\/#organization","name":"Boutique Hamel","url":"https:\/\/www.hamel-france.com\/boutique\/","logo":{"@type":"ImageObject","inLanguage":"fr-FR","@id":"https:\/\/www.hamel-france.com\/boutique\/#\/schema\/logo\/image\/","url":"https:\/\/www.hamel-france.com\/boutique\/wp-content\/uploads\/sites\/2\/2018\/01\/logo-hamel.png","contentUrl":"https:\/\/www.hamel-france.com\/boutique\/wp-content\/uploads\/sites\/2\/2018\/01\/logo-hamel.png","width":470,"height":110,"caption":"Boutique Hamel"},"image":{"@id":"https:\/\/www.hamel-france.com\/boutique\/#\/schema\/logo\/image\/"}}]}},"_links":{"self":[{"href":"https:\/\/www.hamel-france.com\/boutique\/wp-json\/wp\/v2\/product\/26"}],"collection":[{"href":"https:\/\/www.hamel-france.com\/boutique\/wp-json\/wp\/v2\/product"}],"about":[{"href":"https:\/\/www.hamel-france.com\/boutique\/wp-json\/wp\/v2\/types\/product"}],"wp:featuredmedia":[{"embeddable":true,"href":"https:\/\/www.hamel-france.com\/boutique\/wp-json\/wp\/v2\/media\/205"}],"wp:attachment":[{"href":"https:\/\/www.hamel-france.com\/boutique\/wp-json\/wp\/v2\/media?parent=26"}],"wp:term":[{"taxonomy":"product_cat","embeddable":true,"href":"https:\/\/www.hamel-france.com\/boutique\/wp-json\/wp\/v2\/product_cat?post=26"},{"taxonomy":"product_tag","embeddable":true,"href":"https:\/\/www.hamel-france.com\/boutique\/wp-json\/wp\/v2\/product_tag?post=26"}],"curies":[{"name":"wp","href":"https:\/\/api.w.org\/{rel}","templated":true}]}}