{"id":416,"date":"2018-01-29T10:05:36","date_gmt":"2018-01-29T09:05:36","guid":{"rendered":"http:\/\/www.hamel-france.com\/boutique\/?page_id=416"},"modified":"2024-04-02T09:11:24","modified_gmt":"2024-04-02T07:11:24","slug":"modes-de-livraison","status":"publish","type":"page","link":"https:\/\/www.hamel-france.com\/boutique\/modes-de-livraison\/","title":{"rendered":"Modes de livraison"},"content":{"rendered":"<p>La soci\u00e9t\u00e9 Hamel exp\u00e9die vos commandes soit par :<\/p>\n<ul>\n<li>la poste<\/li>\n<li>retrait au magasin : HAMEL \/ Avenue de Toulouse \/ 82600 Verdun sur Garonne<\/li>\n<li>messagerie<\/li>\n<li>transporteur selon le poids et l&#8217;encombrement du mat\u00e9riel command\u00e9.<\/li>\n<\/ul>\n<p>Malgr\u00e9 tout le soin apport\u00e9 par la soci\u00e9t\u00e9 Hamel lors de la pr\u00e9paration des commandes, les livraisons par messagerie et transporteur doivent \u00eatre contr\u00f4l\u00e9es en pr\u00e9sence du chauffeur au moment de la livraison.<\/p>\n<p>Il appartient \u00e0 l\u2019acheteur, en cas d\u2019avarie des marchandises livr\u00e9es ou de manquants, d\u2019effectuer toutes les r\u00e9serves n\u00e9cessaires aupr\u00e8s du transporteur.<\/p>\n<p>Les r\u00e9serves doivent \u00eatre mentionn\u00e9es par l\u2019acheteur sur le bon de livraison conform\u00e9ment \u00e0 l\u2019article L 133-3 du code de commerce.<\/p>\n<p>Tout produit n\u2019ayant pas fait l\u2019objet de r\u00e9serves par lettre recommand\u00e9e avec AR dans les 3 jours de sa r\u00e9ception aupr\u00e8s du transporteur, conform\u00e9ment \u00e0 l\u2019article L. 133-3 du code de commerce, et dont copie sera adress\u00e9e simultan\u00e9ment \u00e0 notre soci\u00e9t\u00e9, sera consid\u00e9r\u00e9 accept\u00e9 par l\u2019acheteur.<\/p>\n","protected":false},"excerpt":{"rendered":"<p>La soci\u00e9t\u00e9 Hamel exp\u00e9die vos commandes soit par : la poste retrait au magasin : HAMEL \/ Avenue de Toulouse \/ 82600 Verdun sur Garonne messagerie transporteur selon le poids et l&#8217;encombrement du mat\u00e9riel command\u00e9. Malgr\u00e9 tout le soin apport\u00e9 par la soci\u00e9t\u00e9 Hamel lors de la pr\u00e9paration des commandes, les livraisons par messagerie et [&hellip;]<\/p>\n","protected":false},"author":3,"featured_media":0,"parent":0,"menu_order":0,"comment_status":"closed","ping_status":"closed","template":"","meta":{"_mi_skip_tracking":false,"_exactmetrics_sitenote_active":false,"_exactmetrics_sitenote_note":"","_exactmetrics_sitenote_category":0,"footnotes":""},"acf":[],"yoast_head":"<!-- This site is optimized with the Yoast SEO plugin v21.7 - https:\/\/yoast.com\/wordpress\/plugins\/seo\/ -->\n<title>Modes de livraison - Boutique Hamel<\/title>\n<meta name=\"robots\" content=\"index, follow, max-snippet:-1, max-image-preview:large, max-video-preview:-1\" \/>\n<link rel=\"canonical\" href=\"https:\/\/www.hamel-france.com\/boutique\/modes-de-livraison\/\" \/>\n<meta property=\"og:locale\" content=\"fr_FR\" \/>\n<meta property=\"og:type\" content=\"article\" \/>\n<meta property=\"og:title\" content=\"Modes de livraison - Boutique Hamel\" \/>\n<meta property=\"og:description\" content=\"La soci\u00e9t\u00e9 Hamel exp\u00e9die vos commandes soit par : la poste retrait au magasin : HAMEL \/ Avenue de Toulouse \/ 82600 Verdun sur Garonne messagerie transporteur selon le poids et l&#8217;encombrement du mat\u00e9riel command\u00e9. Malgr\u00e9 tout le soin apport\u00e9 par la soci\u00e9t\u00e9 Hamel lors de la pr\u00e9paration des commandes, les livraisons par messagerie et [&hellip;]\" \/>\n<meta property=\"og:url\" content=\"https:\/\/www.hamel-france.com\/boutique\/modes-de-livraison\/\" \/>\n<meta property=\"og:site_name\" content=\"Boutique Hamel\" \/>\n<meta property=\"article:modified_time\" content=\"2024-04-02T07:11:24+00:00\" \/>\n<meta name=\"twitter:card\" content=\"summary_large_image\" \/>\n<meta name=\"twitter:label1\" content=\"Dur\u00e9e de lecture estim\u00e9e\" \/>\n\t<meta name=\"twitter:data1\" content=\"1 minute\" \/>\n<script type=\"application\/ld+json\" class=\"yoast-schema-graph\">{\"@context\":\"https:\/\/schema.org\",\"@graph\":[{\"@type\":\"WebPage\",\"@id\":\"https:\/\/www.hamel-france.com\/boutique\/modes-de-livraison\/\",\"url\":\"https:\/\/www.hamel-france.com\/boutique\/modes-de-livraison\/\",\"name\":\"Modes de livraison - Boutique Hamel\",\"isPartOf\":{\"@id\":\"https:\/\/www.hamel-france.com\/boutique\/#website\"},\"datePublished\":\"2018-01-29T09:05:36+00:00\",\"dateModified\":\"2024-04-02T07:11:24+00:00\",\"breadcrumb\":{\"@id\":\"https:\/\/www.hamel-france.com\/boutique\/modes-de-livraison\/#breadcrumb\"},\"inLanguage\":\"fr-FR\",\"potentialAction\":[{\"@type\":\"ReadAction\",\"target\":[\"https:\/\/www.hamel-france.com\/boutique\/modes-de-livraison\/\"]}]},{\"@type\":\"BreadcrumbList\",\"@id\":\"https:\/\/www.hamel-france.com\/boutique\/modes-de-livraison\/#breadcrumb\",\"itemListElement\":[{\"@type\":\"ListItem\",\"position\":1,\"name\":\"Accueil\",\"item\":\"https:\/\/www.hamel-france.com\/boutique\/\"},{\"@type\":\"ListItem\",\"position\":2,\"name\":\"Modes de livraison\"}]},{\"@type\":\"WebSite\",\"@id\":\"https:\/\/www.hamel-france.com\/boutique\/#website\",\"url\":\"https:\/\/www.hamel-france.com\/boutique\/\",\"name\":\"Boutique Hamel\",\"description\":\"Vente en ligne d&#039;\u00e9quipements&lt;br \/&gt; pour le stockage du grain et le mat\u00e9riel d&#039;\u00e9levage\",\"publisher\":{\"@id\":\"https:\/\/www.hamel-france.com\/boutique\/#organization\"},\"potentialAction\":[{\"@type\":\"SearchAction\",\"target\":{\"@type\":\"EntryPoint\",\"urlTemplate\":\"https:\/\/www.hamel-france.com\/boutique\/?s={search_term_string}\"},\"query-input\":\"required name=search_term_string\"}],\"inLanguage\":\"fr-FR\"},{\"@type\":\"Organization\",\"@id\":\"https:\/\/www.hamel-france.com\/boutique\/#organization\",\"name\":\"Boutique Hamel\",\"url\":\"https:\/\/www.hamel-france.com\/boutique\/\",\"logo\":{\"@type\":\"ImageObject\",\"inLanguage\":\"fr-FR\",\"@id\":\"https:\/\/www.hamel-france.com\/boutique\/#\/schema\/logo\/image\/\",\"url\":\"https:\/\/www.hamel-france.com\/boutique\/wp-content\/uploads\/sites\/2\/2018\/01\/logo-hamel.png\",\"contentUrl\":\"https:\/\/www.hamel-france.com\/boutique\/wp-content\/uploads\/sites\/2\/2018\/01\/logo-hamel.png\",\"width\":470,\"height\":110,\"caption\":\"Boutique Hamel\"},\"image\":{\"@id\":\"https:\/\/www.hamel-france.com\/boutique\/#\/schema\/logo\/image\/\"}}]}<\/script>\n<!-- \/ Yoast SEO plugin. -->","yoast_head_json":{"title":"Modes de livraison - Boutique Hamel","robots":{"index":"index","follow":"follow","max-snippet":"max-snippet:-1","max-image-preview":"max-image-preview:large","max-video-preview":"max-video-preview:-1"},"canonical":"https:\/\/www.hamel-france.com\/boutique\/modes-de-livraison\/","og_locale":"fr_FR","og_type":"article","og_title":"Modes de livraison - Boutique Hamel","og_description":"La soci\u00e9t\u00e9 Hamel exp\u00e9die vos commandes soit par : la poste retrait au magasin : HAMEL \/ Avenue de Toulouse \/ 82600 Verdun sur Garonne messagerie transporteur selon le poids et l&#8217;encombrement du mat\u00e9riel command\u00e9. Malgr\u00e9 tout le soin apport\u00e9 par la soci\u00e9t\u00e9 Hamel lors de la pr\u00e9paration des commandes, les livraisons par messagerie et [&hellip;]","og_url":"https:\/\/www.hamel-france.com\/boutique\/modes-de-livraison\/","og_site_name":"Boutique Hamel","article_modified_time":"2024-04-02T07:11:24+00:00","twitter_card":"summary_large_image","twitter_misc":{"Dur\u00e9e de lecture estim\u00e9e":"1 minute"},"schema":{"@context":"https:\/\/schema.org","@graph":[{"@type":"WebPage","@id":"https:\/\/www.hamel-france.com\/boutique\/modes-de-livraison\/","url":"https:\/\/www.hamel-france.com\/boutique\/modes-de-livraison\/","name":"Modes de livraison - Boutique Hamel","isPartOf":{"@id":"https:\/\/www.hamel-france.com\/boutique\/#website"},"datePublished":"2018-01-29T09:05:36+00:00","dateModified":"2024-04-02T07:11:24+00:00","breadcrumb":{"@id":"https:\/\/www.hamel-france.com\/boutique\/modes-de-livraison\/#breadcrumb"},"inLanguage":"fr-FR","potentialAction":[{"@type":"ReadAction","target":["https:\/\/www.hamel-france.com\/boutique\/modes-de-livraison\/"]}]},{"@type":"BreadcrumbList","@id":"https:\/\/www.hamel-france.com\/boutique\/modes-de-livraison\/#breadcrumb","itemListElement":[{"@type":"ListItem","position":1,"name":"Accueil","item":"https:\/\/www.hamel-france.com\/boutique\/"},{"@type":"ListItem","position":2,"name":"Modes de livraison"}]},{"@type":"WebSite","@id":"https:\/\/www.hamel-france.com\/boutique\/#website","url":"https:\/\/www.hamel-france.com\/boutique\/","name":"Boutique Hamel","description":"Vente en ligne d&#039;\u00e9quipements&lt;br \/&gt; pour le stockage du grain et le mat\u00e9riel d&#039;\u00e9levage","publisher":{"@id":"https:\/\/www.hamel-france.com\/boutique\/#organization"},"potentialAction":[{"@type":"SearchAction","target":{"@type":"EntryPoint","urlTemplate":"https:\/\/www.hamel-france.com\/boutique\/?s={search_term_string}"},"query-input":"required name=search_term_string"}],"inLanguage":"fr-FR"},{"@type":"Organization","@id":"https:\/\/www.hamel-france.com\/boutique\/#organization","name":"Boutique Hamel","url":"https:\/\/www.hamel-france.com\/boutique\/","logo":{"@type":"ImageObject","inLanguage":"fr-FR","@id":"https:\/\/www.hamel-france.com\/boutique\/#\/schema\/logo\/image\/","url":"https:\/\/www.hamel-france.com\/boutique\/wp-content\/uploads\/sites\/2\/2018\/01\/logo-hamel.png","contentUrl":"https:\/\/www.hamel-france.com\/boutique\/wp-content\/uploads\/sites\/2\/2018\/01\/logo-hamel.png","width":470,"height":110,"caption":"Boutique Hamel"},"image":{"@id":"https:\/\/www.hamel-france.com\/boutique\/#\/schema\/logo\/image\/"}}]}},"_links":{"self":[{"href":"https:\/\/www.hamel-france.com\/boutique\/wp-json\/wp\/v2\/pages\/416"}],"collection":[{"href":"https:\/\/www.hamel-france.com\/boutique\/wp-json\/wp\/v2\/pages"}],"about":[{"href":"https:\/\/www.hamel-france.com\/boutique\/wp-json\/wp\/v2\/types\/page"}],"author":[{"embeddable":true,"href":"https:\/\/www.hamel-france.com\/boutique\/wp-json\/wp\/v2\/users\/3"}],"replies":[{"embeddable":true,"href":"https:\/\/www.hamel-france.com\/boutique\/wp-json\/wp\/v2\/comments?post=416"}],"version-history":[{"count":6,"href":"https:\/\/www.hamel-france.com\/boutique\/wp-json\/wp\/v2\/pages\/416\/revisions"}],"predecessor-version":[{"id":35867,"href":"https:\/\/www.hamel-france.com\/boutique\/wp-json\/wp\/v2\/pages\/416\/revisions\/35867"}],"wp:attachment":[{"href":"https:\/\/www.hamel-france.com\/boutique\/wp-json\/wp\/v2\/media?parent=416"}],"curies":[{"name":"wp","href":"https:\/\/api.w.org\/{rel}","templated":true}]}}