{"id":414,"date":"2018-01-29T10:03:47","date_gmt":"2018-01-29T09:03:47","guid":{"rendered":"http:\/\/www.hamel-france.com\/boutique\/?page_id=414"},"modified":"2018-02-02T15:24:58","modified_gmt":"2018-02-02T14:24:58","slug":"moyens-de-paiement","status":"publish","type":"page","link":"https:\/\/www.hamel-france.com\/boutique\/moyens-de-paiement\/","title":{"rendered":"Moyens de paiement"},"content":{"rendered":"<p>Le paiement demand\u00e9 au Client correspond au montant total de l\u2019achat, y compris ces frais.<\/p>\n<p><strong>Les modes de paiement s\u00e9curis\u00e9 suivants sont utilis\u00e9s :<\/strong><br \/>\n\u2013 par cartes bancaires : CB, Visa, MasterCard, Union Pay, \u2026<br \/>\n\u2013 par t\u00e9l\u00e9phone<br \/>\n\u2013 ch\u00e8que<br \/>\n\u2013 virement bancaire<\/p>\n<p>&nbsp;<\/p>\n<p>La soci\u00e9t\u00e9 Hamel met tout en oeuvre afin de prot\u00e9ger vos donn\u00e9es et vos transactions bancaires :<\/p>\n<p><strong>Le fameux https:\/\/\u00a0<\/strong>Ce protocole atteste du cryptage des donn\u00e9es\u00a0et de l\u2019authentification du propri\u00e9taire du site web,\u00a0 il indique que le paiement est s\u00e9curis\u00e9. Etant donn\u00e9 qu\u2019il n\u2019est pas \u00e9vident \u00e0 obtenir, c\u2019est un tr\u00e8s bon signe de fiabilit\u00e9 du site\u00a0gr\u00e2ce \u00e0 un certificat d\u00e9livr\u00e9 par une entit\u00e9 de confiance ind\u00e9pendante.<\/p>\n<p><strong>Le cadenas<\/strong> : Le cadenas s\u2019affiche dans votre navigateur web d\u00e8s que vous \u00eates sur une page s\u00e9curis\u00e9e. Ce logo vous indique que les informations situ\u00e9es sur cette page sont crypt\u00e9es et ne pourront pas \u00eatre intercept\u00e9es par une tierce personne lors de leur transmission.<\/p>\n","protected":false},"excerpt":{"rendered":"<p>Le paiement demand\u00e9 au Client correspond au montant total de l\u2019achat, y compris ces frais. Les modes de paiement s\u00e9curis\u00e9 suivants sont utilis\u00e9s : \u2013 par cartes bancaires : CB, Visa, MasterCard, Union Pay, \u2026 \u2013 par t\u00e9l\u00e9phone \u2013 ch\u00e8que \u2013 virement bancaire &nbsp; La soci\u00e9t\u00e9 Hamel met tout en oeuvre afin de prot\u00e9ger vos [&hellip;]<\/p>\n","protected":false},"author":3,"featured_media":0,"parent":0,"menu_order":0,"comment_status":"closed","ping_status":"closed","template":"","meta":{"_mi_skip_tracking":false,"_exactmetrics_sitenote_active":false,"_exactmetrics_sitenote_note":"","_exactmetrics_sitenote_category":0,"footnotes":""},"acf":[],"yoast_head":"<!-- This site is optimized with the Yoast SEO plugin v21.7 - https:\/\/yoast.com\/wordpress\/plugins\/seo\/ -->\n<title>Moyens de paiement - Boutique Hamel<\/title>\n<meta name=\"robots\" content=\"index, follow, max-snippet:-1, max-image-preview:large, max-video-preview:-1\" \/>\n<link rel=\"canonical\" href=\"https:\/\/www.hamel-france.com\/boutique\/moyens-de-paiement\/\" \/>\n<meta property=\"og:locale\" content=\"fr_FR\" \/>\n<meta property=\"og:type\" content=\"article\" \/>\n<meta property=\"og:title\" content=\"Moyens de paiement - Boutique Hamel\" \/>\n<meta property=\"og:description\" content=\"Le paiement demand\u00e9 au Client correspond au montant total de l\u2019achat, y compris ces frais. Les modes de paiement s\u00e9curis\u00e9 suivants sont utilis\u00e9s : \u2013 par cartes bancaires : CB, Visa, MasterCard, Union Pay, \u2026 \u2013 par t\u00e9l\u00e9phone \u2013 ch\u00e8que \u2013 virement bancaire &nbsp; La soci\u00e9t\u00e9 Hamel met tout en oeuvre afin de prot\u00e9ger vos [&hellip;]\" \/>\n<meta property=\"og:url\" content=\"https:\/\/www.hamel-france.com\/boutique\/moyens-de-paiement\/\" \/>\n<meta property=\"og:site_name\" content=\"Boutique Hamel\" \/>\n<meta property=\"article:modified_time\" content=\"2018-02-02T14:24:58+00:00\" \/>\n<meta name=\"twitter:card\" content=\"summary_large_image\" \/>\n<meta name=\"twitter:label1\" content=\"Dur\u00e9e de lecture estim\u00e9e\" \/>\n\t<meta name=\"twitter:data1\" content=\"1 minute\" \/>\n<script type=\"application\/ld+json\" class=\"yoast-schema-graph\">{\"@context\":\"https:\/\/schema.org\",\"@graph\":[{\"@type\":\"WebPage\",\"@id\":\"https:\/\/www.hamel-france.com\/boutique\/moyens-de-paiement\/\",\"url\":\"https:\/\/www.hamel-france.com\/boutique\/moyens-de-paiement\/\",\"name\":\"Moyens de paiement - Boutique Hamel\",\"isPartOf\":{\"@id\":\"https:\/\/www.hamel-france.com\/boutique\/#website\"},\"datePublished\":\"2018-01-29T09:03:47+00:00\",\"dateModified\":\"2018-02-02T14:24:58+00:00\",\"breadcrumb\":{\"@id\":\"https:\/\/www.hamel-france.com\/boutique\/moyens-de-paiement\/#breadcrumb\"},\"inLanguage\":\"fr-FR\",\"potentialAction\":[{\"@type\":\"ReadAction\",\"target\":[\"https:\/\/www.hamel-france.com\/boutique\/moyens-de-paiement\/\"]}]},{\"@type\":\"BreadcrumbList\",\"@id\":\"https:\/\/www.hamel-france.com\/boutique\/moyens-de-paiement\/#breadcrumb\",\"itemListElement\":[{\"@type\":\"ListItem\",\"position\":1,\"name\":\"Accueil\",\"item\":\"https:\/\/www.hamel-france.com\/boutique\/\"},{\"@type\":\"ListItem\",\"position\":2,\"name\":\"Moyens de paiement\"}]},{\"@type\":\"WebSite\",\"@id\":\"https:\/\/www.hamel-france.com\/boutique\/#website\",\"url\":\"https:\/\/www.hamel-france.com\/boutique\/\",\"name\":\"Boutique Hamel\",\"description\":\"Vente en ligne d&#039;\u00e9quipements&lt;br \/&gt; pour le stockage du grain et le mat\u00e9riel d&#039;\u00e9levage\",\"publisher\":{\"@id\":\"https:\/\/www.hamel-france.com\/boutique\/#organization\"},\"potentialAction\":[{\"@type\":\"SearchAction\",\"target\":{\"@type\":\"EntryPoint\",\"urlTemplate\":\"https:\/\/www.hamel-france.com\/boutique\/?s={search_term_string}\"},\"query-input\":\"required name=search_term_string\"}],\"inLanguage\":\"fr-FR\"},{\"@type\":\"Organization\",\"@id\":\"https:\/\/www.hamel-france.com\/boutique\/#organization\",\"name\":\"Boutique Hamel\",\"url\":\"https:\/\/www.hamel-france.com\/boutique\/\",\"logo\":{\"@type\":\"ImageObject\",\"inLanguage\":\"fr-FR\",\"@id\":\"https:\/\/www.hamel-france.com\/boutique\/#\/schema\/logo\/image\/\",\"url\":\"https:\/\/www.hamel-france.com\/boutique\/wp-content\/uploads\/sites\/2\/2018\/01\/logo-hamel.png\",\"contentUrl\":\"https:\/\/www.hamel-france.com\/boutique\/wp-content\/uploads\/sites\/2\/2018\/01\/logo-hamel.png\",\"width\":470,\"height\":110,\"caption\":\"Boutique Hamel\"},\"image\":{\"@id\":\"https:\/\/www.hamel-france.com\/boutique\/#\/schema\/logo\/image\/\"}}]}<\/script>\n<!-- \/ Yoast SEO plugin. -->","yoast_head_json":{"title":"Moyens de paiement - Boutique Hamel","robots":{"index":"index","follow":"follow","max-snippet":"max-snippet:-1","max-image-preview":"max-image-preview:large","max-video-preview":"max-video-preview:-1"},"canonical":"https:\/\/www.hamel-france.com\/boutique\/moyens-de-paiement\/","og_locale":"fr_FR","og_type":"article","og_title":"Moyens de paiement - Boutique Hamel","og_description":"Le paiement demand\u00e9 au Client correspond au montant total de l\u2019achat, y compris ces frais. Les modes de paiement s\u00e9curis\u00e9 suivants sont utilis\u00e9s : \u2013 par cartes bancaires : CB, Visa, MasterCard, Union Pay, \u2026 \u2013 par t\u00e9l\u00e9phone \u2013 ch\u00e8que \u2013 virement bancaire &nbsp; La soci\u00e9t\u00e9 Hamel met tout en oeuvre afin de prot\u00e9ger vos [&hellip;]","og_url":"https:\/\/www.hamel-france.com\/boutique\/moyens-de-paiement\/","og_site_name":"Boutique Hamel","article_modified_time":"2018-02-02T14:24:58+00:00","twitter_card":"summary_large_image","twitter_misc":{"Dur\u00e9e de lecture estim\u00e9e":"1 minute"},"schema":{"@context":"https:\/\/schema.org","@graph":[{"@type":"WebPage","@id":"https:\/\/www.hamel-france.com\/boutique\/moyens-de-paiement\/","url":"https:\/\/www.hamel-france.com\/boutique\/moyens-de-paiement\/","name":"Moyens de paiement - Boutique Hamel","isPartOf":{"@id":"https:\/\/www.hamel-france.com\/boutique\/#website"},"datePublished":"2018-01-29T09:03:47+00:00","dateModified":"2018-02-02T14:24:58+00:00","breadcrumb":{"@id":"https:\/\/www.hamel-france.com\/boutique\/moyens-de-paiement\/#breadcrumb"},"inLanguage":"fr-FR","potentialAction":[{"@type":"ReadAction","target":["https:\/\/www.hamel-france.com\/boutique\/moyens-de-paiement\/"]}]},{"@type":"BreadcrumbList","@id":"https:\/\/www.hamel-france.com\/boutique\/moyens-de-paiement\/#breadcrumb","itemListElement":[{"@type":"ListItem","position":1,"name":"Accueil","item":"https:\/\/www.hamel-france.com\/boutique\/"},{"@type":"ListItem","position":2,"name":"Moyens de paiement"}]},{"@type":"WebSite","@id":"https:\/\/www.hamel-france.com\/boutique\/#website","url":"https:\/\/www.hamel-france.com\/boutique\/","name":"Boutique Hamel","description":"Vente en ligne d&#039;\u00e9quipements&lt;br \/&gt; pour le stockage du grain et le mat\u00e9riel d&#039;\u00e9levage","publisher":{"@id":"https:\/\/www.hamel-france.com\/boutique\/#organization"},"potentialAction":[{"@type":"SearchAction","target":{"@type":"EntryPoint","urlTemplate":"https:\/\/www.hamel-france.com\/boutique\/?s={search_term_string}"},"query-input":"required name=search_term_string"}],"inLanguage":"fr-FR"},{"@type":"Organization","@id":"https:\/\/www.hamel-france.com\/boutique\/#organization","name":"Boutique Hamel","url":"https:\/\/www.hamel-france.com\/boutique\/","logo":{"@type":"ImageObject","inLanguage":"fr-FR","@id":"https:\/\/www.hamel-france.com\/boutique\/#\/schema\/logo\/image\/","url":"https:\/\/www.hamel-france.com\/boutique\/wp-content\/uploads\/sites\/2\/2018\/01\/logo-hamel.png","contentUrl":"https:\/\/www.hamel-france.com\/boutique\/wp-content\/uploads\/sites\/2\/2018\/01\/logo-hamel.png","width":470,"height":110,"caption":"Boutique Hamel"},"image":{"@id":"https:\/\/www.hamel-france.com\/boutique\/#\/schema\/logo\/image\/"}}]}},"_links":{"self":[{"href":"https:\/\/www.hamel-france.com\/boutique\/wp-json\/wp\/v2\/pages\/414"}],"collection":[{"href":"https:\/\/www.hamel-france.com\/boutique\/wp-json\/wp\/v2\/pages"}],"about":[{"href":"https:\/\/www.hamel-france.com\/boutique\/wp-json\/wp\/v2\/types\/page"}],"author":[{"embeddable":true,"href":"https:\/\/www.hamel-france.com\/boutique\/wp-json\/wp\/v2\/users\/3"}],"replies":[{"embeddable":true,"href":"https:\/\/www.hamel-france.com\/boutique\/wp-json\/wp\/v2\/comments?post=414"}],"version-history":[{"count":5,"href":"https:\/\/www.hamel-france.com\/boutique\/wp-json\/wp\/v2\/pages\/414\/revisions"}],"predecessor-version":[{"id":544,"href":"https:\/\/www.hamel-france.com\/boutique\/wp-json\/wp\/v2\/pages\/414\/revisions\/544"}],"wp:attachment":[{"href":"https:\/\/www.hamel-france.com\/boutique\/wp-json\/wp\/v2\/media?parent=414"}],"curies":[{"name":"wp","href":"https:\/\/api.w.org\/{rel}","templated":true}]}}